{"id":11554,"date":"2024-01-22T16:33:46","date_gmt":"2024-01-22T12:33:46","guid":{"rendered":"https:\/\/karchershop.az\/?page_id=11554"},"modified":"2024-12-17T09:11:30","modified_gmt":"2024-12-17T05:11:30","slug":"luchshaya-tsena","status":"publish","type":"page","link":"https:\/\/karchershop.az\/az\/luchshaya-tsena","title":{"rendered":"Outlet m\u0259hsullara m\u00f6ht\u0259\u015f\u0259m endiriml\u0259r!"},"content":{"rendered":"<p class=\"has-text-align-center\">\u018flav\u0259 m\u0259lumat \u00fc\u00e7\u00fcn +994 51 244 48 49 n\u00f6mr\u0259si il\u0259 \u0259laq\u0259 saxlay\u0131n<br>\u041f\u043e\u0434\u0440\u043e\u0431\u043d\u043e\u0441\u0442\u0438 \u043f\u043e \u0442\u0435\u043b\u0435\u0444\u043e\u043d\u0443: +994 51 244 48 49<\/p><div class=\"wp-block-image\"><figure class=\"aligncenter size-large\"><img decoding=\"async\" width=\"651\" height=\"868\" src=\"https:\/\/karchershop.az\/wp-content\/uploads\/2024\/12\/Karcher-Banner-651-x-868-Vacuum-cleaner-VC-2.webp\" alt=\"\" class=\"wp-image-13529\" srcset=\"https:\/\/karchershop.az\/wp-content\/uploads\/2024\/12\/Karcher-Banner-651-x-868-Vacuum-cleaner-VC-2.webp 651w, https:\/\/karchershop.az\/wp-content\/uploads\/2024\/12\/Karcher-Banner-651-x-868-Vacuum-cleaner-VC-2-360x480.webp 360w, https:\/\/karchershop.az\/wp-content\/uploads\/2024\/12\/Karcher-Banner-651-x-868-Vacuum-cleaner-VC-2-9x12.webp 9w, https:\/\/karchershop.az\/wp-content\/uploads\/2024\/12\/Karcher-Banner-651-x-868-Vacuum-cleaner-VC-2-416x555.webp 416w, https:\/\/karchershop.az\/wp-content\/uploads\/2024\/12\/Karcher-Banner-651-x-868-Vacuum-cleaner-VC-2-64x85.webp 64w\" sizes=\"(max-width: 651px) 100vw, 651px\" \/><\/figure><\/div><figure class=\"wp-block-gallery aligncenter has-nested-images columns-default is-cropped wp-block-gallery-1 is-layout-flex wp-block-gallery-is-layout-flex\"><div class=\"wp-block-image\"><figure class=\"aligncenter size-large\"><img decoding=\"async\" width=\"651\" height=\"868\" data-id=\"13522\" src=\"https:\/\/karchershop.az\/wp-content\/uploads\/2024\/12\/Karcher-Banner-651-x-868-VC-4-CORDLESS-MYHOME-CAR-1.webp\" alt=\"\" class=\"wp-image-13522\" srcset=\"https:\/\/karchershop.az\/wp-content\/uploads\/2024\/12\/Karcher-Banner-651-x-868-VC-4-CORDLESS-MYHOME-CAR-1.webp 651w, https:\/\/karchershop.az\/wp-content\/uploads\/2024\/12\/Karcher-Banner-651-x-868-VC-4-CORDLESS-MYHOME-CAR-1-360x480.webp 360w, https:\/\/karchershop.az\/wp-content\/uploads\/2024\/12\/Karcher-Banner-651-x-868-VC-4-CORDLESS-MYHOME-CAR-1-9x12.webp 9w, https:\/\/karchershop.az\/wp-content\/uploads\/2024\/12\/Karcher-Banner-651-x-868-VC-4-CORDLESS-MYHOME-CAR-1-416x555.webp 416w, https:\/\/karchershop.az\/wp-content\/uploads\/2024\/12\/Karcher-Banner-651-x-868-VC-4-CORDLESS-MYHOME-CAR-1-64x85.webp 64w\" sizes=\"(max-width: 651px) 100vw, 651px\" \/><\/figure><\/div><\/figure><figure class=\"wp-block-gallery aligncenter has-nested-images columns-default is-cropped wp-block-gallery-2 is-layout-flex wp-block-gallery-is-layout-flex\"><div class=\"wp-block-image\"><figure class=\"aligncenter size-large\"><img decoding=\"async\" width=\"651\" height=\"868\" data-id=\"13523\" src=\"https:\/\/karchershop.az\/wp-content\/uploads\/2024\/12\/Karcher-Banner-651-x-868-VC-4-CORDLESS-MYHOME-PET.webp\" alt=\"\" class=\"wp-image-13523\" srcset=\"https:\/\/karchershop.az\/wp-content\/uploads\/2024\/12\/Karcher-Banner-651-x-868-VC-4-CORDLESS-MYHOME-PET.webp 651w, https:\/\/karchershop.az\/wp-content\/uploads\/2024\/12\/Karcher-Banner-651-x-868-VC-4-CORDLESS-MYHOME-PET-360x480.webp 360w, https:\/\/karchershop.az\/wp-content\/uploads\/2024\/12\/Karcher-Banner-651-x-868-VC-4-CORDLESS-MYHOME-PET-9x12.webp 9w, https:\/\/karchershop.az\/wp-content\/uploads\/2024\/12\/Karcher-Banner-651-x-868-VC-4-CORDLESS-MYHOME-PET-416x555.webp 416w, https:\/\/karchershop.az\/wp-content\/uploads\/2024\/12\/Karcher-Banner-651-x-868-VC-4-CORDLESS-MYHOME-PET-64x85.webp 64w\" sizes=\"(max-width: 651px) 100vw, 651px\" \/><\/figure><\/div><\/figure><figure class=\"wp-block-gallery aligncenter has-nested-images columns-default is-cropped wp-block-gallery-3 is-layout-flex wp-block-gallery-is-layout-flex\"><div class=\"wp-block-image\"><figure class=\"aligncenter size-large\"><img decoding=\"async\" width=\"651\" height=\"868\" data-id=\"13524\" src=\"https:\/\/karchershop.az\/wp-content\/uploads\/2024\/12\/Karcher-Banner-651-x-868-VC-4-CORDLESS-MYHOME.webp\" alt=\"\" class=\"wp-image-13524\" srcset=\"https:\/\/karchershop.az\/wp-content\/uploads\/2024\/12\/Karcher-Banner-651-x-868-VC-4-CORDLESS-MYHOME.webp 651w, https:\/\/karchershop.az\/wp-content\/uploads\/2024\/12\/Karcher-Banner-651-x-868-VC-4-CORDLESS-MYHOME-360x480.webp 360w, https:\/\/karchershop.az\/wp-content\/uploads\/2024\/12\/Karcher-Banner-651-x-868-VC-4-CORDLESS-MYHOME-9x12.webp 9w, https:\/\/karchershop.az\/wp-content\/uploads\/2024\/12\/Karcher-Banner-651-x-868-VC-4-CORDLESS-MYHOME-416x555.webp 416w, https:\/\/karchershop.az\/wp-content\/uploads\/2024\/12\/Karcher-Banner-651-x-868-VC-4-CORDLESS-MYHOME-64x85.webp 64w\" sizes=\"(max-width: 651px) 100vw, 651px\" \/><\/figure><\/div><\/figure><figure class=\"wp-block-gallery aligncenter has-nested-images columns-default is-cropped wp-block-gallery-4 is-layout-flex wp-block-gallery-is-layout-flex\"><div class=\"wp-block-image\"><figure class=\"aligncenter size-large\"><img decoding=\"async\" width=\"651\" height=\"868\" data-id=\"13525\" src=\"https:\/\/karchershop.az\/wp-content\/uploads\/2024\/12\/Karcher-Banner-651-x-868-VC-5-Cordless-Yellow.webp\" alt=\"\" class=\"wp-image-13525\" srcset=\"https:\/\/karchershop.az\/wp-content\/uploads\/2024\/12\/Karcher-Banner-651-x-868-VC-5-Cordless-Yellow.webp 651w, https:\/\/karchershop.az\/wp-content\/uploads\/2024\/12\/Karcher-Banner-651-x-868-VC-5-Cordless-Yellow-360x480.webp 360w, https:\/\/karchershop.az\/wp-content\/uploads\/2024\/12\/Karcher-Banner-651-x-868-VC-5-Cordless-Yellow-9x12.webp 9w, https:\/\/karchershop.az\/wp-content\/uploads\/2024\/12\/Karcher-Banner-651-x-868-VC-5-Cordless-Yellow-416x555.webp 416w, https:\/\/karchershop.az\/wp-content\/uploads\/2024\/12\/Karcher-Banner-651-x-868-VC-5-Cordless-Yellow-64x85.webp 64w\" sizes=\"(max-width: 651px) 100vw, 651px\" \/><\/figure><\/div><\/figure><figure class=\"wp-block-gallery aligncenter has-nested-images columns-default is-cropped wp-block-gallery-5 is-layout-flex wp-block-gallery-is-layout-flex\"><div class=\"wp-block-image\"><figure class=\"aligncenter size-large\"><img decoding=\"async\" width=\"651\" height=\"868\" data-id=\"13526\" src=\"https:\/\/karchershop.az\/wp-content\/uploads\/2024\/12\/Karcher-Banner-651-x-868-VC-5-PREMIUM-WHITE.webp\" alt=\"\" class=\"wp-image-13526\" srcset=\"https:\/\/karchershop.az\/wp-content\/uploads\/2024\/12\/Karcher-Banner-651-x-868-VC-5-PREMIUM-WHITE.webp 651w, https:\/\/karchershop.az\/wp-content\/uploads\/2024\/12\/Karcher-Banner-651-x-868-VC-5-PREMIUM-WHITE-360x480.webp 360w, https:\/\/karchershop.az\/wp-content\/uploads\/2024\/12\/Karcher-Banner-651-x-868-VC-5-PREMIUM-WHITE-9x12.webp 9w, https:\/\/karchershop.az\/wp-content\/uploads\/2024\/12\/Karcher-Banner-651-x-868-VC-5-PREMIUM-WHITE-416x555.webp 416w, https:\/\/karchershop.az\/wp-content\/uploads\/2024\/12\/Karcher-Banner-651-x-868-VC-5-PREMIUM-WHITE-64x85.webp 64w\" sizes=\"(max-width: 651px) 100vw, 651px\" \/><\/figure><\/div><\/figure><figure class=\"wp-block-gallery aligncenter has-nested-images columns-default is-cropped wp-block-gallery-6 is-layout-flex wp-block-gallery-is-layout-flex\"><div class=\"wp-block-image\"><figure class=\"aligncenter size-large\"><img decoding=\"async\" width=\"651\" height=\"868\" data-id=\"13527\" src=\"https:\/\/karchershop.az\/wp-content\/uploads\/2024\/12\/Karcher-Banner-651-x-868-WD-1-Compact-Battery-Set.webp\" alt=\"\" class=\"wp-image-13527\" srcset=\"https:\/\/karchershop.az\/wp-content\/uploads\/2024\/12\/Karcher-Banner-651-x-868-WD-1-Compact-Battery-Set.webp 651w, https:\/\/karchershop.az\/wp-content\/uploads\/2024\/12\/Karcher-Banner-651-x-868-WD-1-Compact-Battery-Set-360x480.webp 360w, https:\/\/karchershop.az\/wp-content\/uploads\/2024\/12\/Karcher-Banner-651-x-868-WD-1-Compact-Battery-Set-9x12.webp 9w, https:\/\/karchershop.az\/wp-content\/uploads\/2024\/12\/Karcher-Banner-651-x-868-WD-1-Compact-Battery-Set-416x555.webp 416w, https:\/\/karchershop.az\/wp-content\/uploads\/2024\/12\/Karcher-Banner-651-x-868-WD-1-Compact-Battery-Set-64x85.webp 64w\" sizes=\"(max-width: 651px) 100vw, 651px\" \/><\/figure><\/div><\/figure><figure class=\"wp-block-gallery aligncenter has-nested-images columns-default is-cropped wp-block-gallery-7 is-layout-flex wp-block-gallery-is-layout-flex\"><div class=\"wp-block-image\"><figure class=\"aligncenter size-large\"><img decoding=\"async\" width=\"651\" height=\"868\" data-id=\"13528\" src=\"https:\/\/karchershop.az\/wp-content\/uploads\/2024\/12\/Karcher-Banner-651-x-868-FP-303.webp\" alt=\"\" class=\"wp-image-13528\" srcset=\"https:\/\/karchershop.az\/wp-content\/uploads\/2024\/12\/Karcher-Banner-651-x-868-FP-303.webp 651w, https:\/\/karchershop.az\/wp-content\/uploads\/2024\/12\/Karcher-Banner-651-x-868-FP-303-360x480.webp 360w, https:\/\/karchershop.az\/wp-content\/uploads\/2024\/12\/Karcher-Banner-651-x-868-FP-303-9x12.webp 9w, https:\/\/karchershop.az\/wp-content\/uploads\/2024\/12\/Karcher-Banner-651-x-868-FP-303-416x555.webp 416w, https:\/\/karchershop.az\/wp-content\/uploads\/2024\/12\/Karcher-Banner-651-x-868-FP-303-64x85.webp 64w\" sizes=\"(max-width: 651px) 100vw, 651px\" \/><\/figure><\/div><\/figure><figure class=\"wp-block-gallery aligncenter has-nested-images columns-default is-cropped wp-block-gallery-8 is-layout-flex wp-block-gallery-is-layout-flex\"><\/figure><figure class=\"wp-block-gallery aligncenter has-nested-images columns-default is-cropped wp-block-gallery-9 is-layout-flex wp-block-gallery-is-layout-flex\"><div class=\"wp-block-image\"><figure class=\"aligncenter size-large\"><img decoding=\"async\" width=\"651\" height=\"868\" data-id=\"13530\" src=\"https:\/\/karchershop.az\/wp-content\/uploads\/2024\/12\/Karcher-Banner-651-x-868-AD-2-BATTERY-SET.webp\" alt=\"\" class=\"wp-image-13530\" srcset=\"https:\/\/karchershop.az\/wp-content\/uploads\/2024\/12\/Karcher-Banner-651-x-868-AD-2-BATTERY-SET.webp 651w, https:\/\/karchershop.az\/wp-content\/uploads\/2024\/12\/Karcher-Banner-651-x-868-AD-2-BATTERY-SET-360x480.webp 360w, https:\/\/karchershop.az\/wp-content\/uploads\/2024\/12\/Karcher-Banner-651-x-868-AD-2-BATTERY-SET-9x12.webp 9w, https:\/\/karchershop.az\/wp-content\/uploads\/2024\/12\/Karcher-Banner-651-x-868-AD-2-BATTERY-SET-416x555.webp 416w, https:\/\/karchershop.az\/wp-content\/uploads\/2024\/12\/Karcher-Banner-651-x-868-AD-2-BATTERY-SET-64x85.webp 64w\" sizes=\"(max-width: 651px) 100vw, 651px\" \/><\/figure><\/div><\/figure><figure class=\"wp-block-gallery aligncenter has-nested-images columns-default is-cropped wp-block-gallery-10 is-layout-flex wp-block-gallery-is-layout-flex\"><div class=\"wp-block-image\"><figure class=\"aligncenter size-large\"><img decoding=\"async\" width=\"651\" height=\"868\" data-id=\"13531\" src=\"https:\/\/karchershop.az\/wp-content\/uploads\/2024\/12\/Karcher-Banner-651-x-868-CNS-18-30-BATTERY.webp\" alt=\"\" class=\"wp-image-13531\" srcset=\"https:\/\/karchershop.az\/wp-content\/uploads\/2024\/12\/Karcher-Banner-651-x-868-CNS-18-30-BATTERY.webp 651w, https:\/\/karchershop.az\/wp-content\/uploads\/2024\/12\/Karcher-Banner-651-x-868-CNS-18-30-BATTERY-360x480.webp 360w, https:\/\/karchershop.az\/wp-content\/uploads\/2024\/12\/Karcher-Banner-651-x-868-CNS-18-30-BATTERY-9x12.webp 9w, https:\/\/karchershop.az\/wp-content\/uploads\/2024\/12\/Karcher-Banner-651-x-868-CNS-18-30-BATTERY-416x555.webp 416w, https:\/\/karchershop.az\/wp-content\/uploads\/2024\/12\/Karcher-Banner-651-x-868-CNS-18-30-BATTERY-64x85.webp 64w\" sizes=\"(max-width: 651px) 100vw, 651px\" \/><\/figure><\/div><\/figure><figure class=\"wp-block-gallery aligncenter has-nested-images columns-default is-cropped wp-block-gallery-11 is-layout-flex wp-block-gallery-is-layout-flex\"><div class=\"wp-block-image\"><figure class=\"aligncenter size-large\"><img decoding=\"async\" width=\"651\" height=\"868\" data-id=\"13532\" src=\"https:\/\/karchershop.az\/wp-content\/uploads\/2024\/12\/Karcher-Banner-651-x-868-BP-7-HOME-GARDEN.webp\" alt=\"\" class=\"wp-image-13532\" srcset=\"https:\/\/karchershop.az\/wp-content\/uploads\/2024\/12\/Karcher-Banner-651-x-868-BP-7-HOME-GARDEN.webp 651w, https:\/\/karchershop.az\/wp-content\/uploads\/2024\/12\/Karcher-Banner-651-x-868-BP-7-HOME-GARDEN-360x480.webp 360w, https:\/\/karchershop.az\/wp-content\/uploads\/2024\/12\/Karcher-Banner-651-x-868-BP-7-HOME-GARDEN-9x12.webp 9w, https:\/\/karchershop.az\/wp-content\/uploads\/2024\/12\/Karcher-Banner-651-x-868-BP-7-HOME-GARDEN-416x555.webp 416w, https:\/\/karchershop.az\/wp-content\/uploads\/2024\/12\/Karcher-Banner-651-x-868-BP-7-HOME-GARDEN-64x85.webp 64w\" sizes=\"(max-width: 651px) 100vw, 651px\" \/><\/figure><\/div><\/figure><figure class=\"wp-block-gallery aligncenter has-nested-images columns-default is-cropped wp-block-gallery-12 is-layout-flex wp-block-gallery-is-layout-flex\"><div class=\"wp-block-image\"><figure class=\"aligncenter size-large\"><img decoding=\"async\" width=\"651\" height=\"868\" data-id=\"13533\" src=\"https:\/\/karchershop.az\/wp-content\/uploads\/2024\/12\/Karcher-Banner-651-x-868-Battery-blower-vac-BLV-18-200-Battery.webp\" alt=\"\" class=\"wp-image-13533\" srcset=\"https:\/\/karchershop.az\/wp-content\/uploads\/2024\/12\/Karcher-Banner-651-x-868-Battery-blower-vac-BLV-18-200-Battery.webp 651w, https:\/\/karchershop.az\/wp-content\/uploads\/2024\/12\/Karcher-Banner-651-x-868-Battery-blower-vac-BLV-18-200-Battery-360x480.webp 360w, https:\/\/karchershop.az\/wp-content\/uploads\/2024\/12\/Karcher-Banner-651-x-868-Battery-blower-vac-BLV-18-200-Battery-9x12.webp 9w, https:\/\/karchershop.az\/wp-content\/uploads\/2024\/12\/Karcher-Banner-651-x-868-Battery-blower-vac-BLV-18-200-Battery-416x555.webp 416w, https:\/\/karchershop.az\/wp-content\/uploads\/2024\/12\/Karcher-Banner-651-x-868-Battery-blower-vac-BLV-18-200-Battery-64x85.webp 64w\" sizes=\"(max-width: 651px) 100vw, 651px\" \/><\/figure><\/div><\/figure><figure class=\"wp-block-gallery aligncenter has-nested-images columns-default is-cropped wp-block-gallery-13 is-layout-flex wp-block-gallery-is-layout-flex\"><div class=\"wp-block-image\"><figure class=\"aligncenter size-large\"><img decoding=\"async\" width=\"651\" height=\"868\" data-id=\"13536\" src=\"https:\/\/karchershop.az\/wp-content\/uploads\/2024\/12\/Karcher-Banner-651-x-868-LMO-36-40-Battery-Set.webp\" alt=\"\" class=\"wp-image-13536\" srcset=\"https:\/\/karchershop.az\/wp-content\/uploads\/2024\/12\/Karcher-Banner-651-x-868-LMO-36-40-Battery-Set.webp 651w, https:\/\/karchershop.az\/wp-content\/uploads\/2024\/12\/Karcher-Banner-651-x-868-LMO-36-40-Battery-Set-360x480.webp 360w, https:\/\/karchershop.az\/wp-content\/uploads\/2024\/12\/Karcher-Banner-651-x-868-LMO-36-40-Battery-Set-9x12.webp 9w, https:\/\/karchershop.az\/wp-content\/uploads\/2024\/12\/Karcher-Banner-651-x-868-LMO-36-40-Battery-Set-416x555.webp 416w, https:\/\/karchershop.az\/wp-content\/uploads\/2024\/12\/Karcher-Banner-651-x-868-LMO-36-40-Battery-Set-64x85.webp 64w\" sizes=\"(max-width: 651px) 100vw, 651px\" \/><\/figure><\/div><\/figure><figure class=\"wp-block-gallery aligncenter has-nested-images columns-default is-cropped wp-block-gallery-14 is-layout-flex wp-block-gallery-is-layout-flex\"><div class=\"wp-block-image\"><figure class=\"aligncenter size-large\"><img decoding=\"async\" width=\"651\" height=\"868\" data-id=\"13537\" src=\"https:\/\/karchershop.az\/wp-content\/uploads\/2024\/12\/Karcher-Banner-651-x-868-TLO-18-32-BATTERY.webp\" alt=\"\" class=\"wp-image-13537\" srcset=\"https:\/\/karchershop.az\/wp-content\/uploads\/2024\/12\/Karcher-Banner-651-x-868-TLO-18-32-BATTERY.webp 651w, https:\/\/karchershop.az\/wp-content\/uploads\/2024\/12\/Karcher-Banner-651-x-868-TLO-18-32-BATTERY-360x480.webp 360w, https:\/\/karchershop.az\/wp-content\/uploads\/2024\/12\/Karcher-Banner-651-x-868-TLO-18-32-BATTERY-9x12.webp 9w, https:\/\/karchershop.az\/wp-content\/uploads\/2024\/12\/Karcher-Banner-651-x-868-TLO-18-32-BATTERY-416x555.webp 416w, https:\/\/karchershop.az\/wp-content\/uploads\/2024\/12\/Karcher-Banner-651-x-868-TLO-18-32-BATTERY-64x85.webp 64w\" sizes=\"(max-width: 651px) 100vw, 651px\" \/><\/figure><\/div><\/figure><figure class=\"wp-block-gallery aligncenter has-nested-images columns-default is-cropped wp-block-gallery-15 is-layout-flex wp-block-gallery-is-layout-flex\"><div class=\"wp-block-image\"><figure class=\"aligncenter size-large\"><img decoding=\"async\" width=\"651\" height=\"868\" data-id=\"13539\" src=\"https:\/\/karchershop.az\/wp-content\/uploads\/2024\/12\/Karcher-Banner-651-x-868-PHG-18-45-Battery.webp\" alt=\"\" class=\"wp-image-13539\" srcset=\"https:\/\/karchershop.az\/wp-content\/uploads\/2024\/12\/Karcher-Banner-651-x-868-PHG-18-45-Battery.webp 651w, https:\/\/karchershop.az\/wp-content\/uploads\/2024\/12\/Karcher-Banner-651-x-868-PHG-18-45-Battery-360x480.webp 360w, https:\/\/karchershop.az\/wp-content\/uploads\/2024\/12\/Karcher-Banner-651-x-868-PHG-18-45-Battery-9x12.webp 9w, https:\/\/karchershop.az\/wp-content\/uploads\/2024\/12\/Karcher-Banner-651-x-868-PHG-18-45-Battery-416x555.webp 416w, https:\/\/karchershop.az\/wp-content\/uploads\/2024\/12\/Karcher-Banner-651-x-868-PHG-18-45-Battery-64x85.webp 64w\" sizes=\"(max-width: 651px) 100vw, 651px\" \/><\/figure><\/div><\/figure><figure class=\"wp-block-gallery aligncenter has-nested-images columns-default is-cropped wp-block-gallery-16 is-layout-flex wp-block-gallery-is-layout-flex\"><div class=\"wp-block-image\"><figure class=\"aligncenter size-large\"><img decoding=\"async\" width=\"651\" height=\"868\" data-id=\"13540\" src=\"https:\/\/karchershop.az\/wp-content\/uploads\/2024\/12\/Karcher-Banner-651-x-868-SP-1-DIRT.webp\" alt=\"\" class=\"wp-image-13540\" srcset=\"https:\/\/karchershop.az\/wp-content\/uploads\/2024\/12\/Karcher-Banner-651-x-868-SP-1-DIRT.webp 651w, https:\/\/karchershop.az\/wp-content\/uploads\/2024\/12\/Karcher-Banner-651-x-868-SP-1-DIRT-360x480.webp 360w, https:\/\/karchershop.az\/wp-content\/uploads\/2024\/12\/Karcher-Banner-651-x-868-SP-1-DIRT-9x12.webp 9w, https:\/\/karchershop.az\/wp-content\/uploads\/2024\/12\/Karcher-Banner-651-x-868-SP-1-DIRT-416x555.webp 416w, https:\/\/karchershop.az\/wp-content\/uploads\/2024\/12\/Karcher-Banner-651-x-868-SP-1-DIRT-64x85.webp 64w\" sizes=\"(max-width: 651px) 100vw, 651px\" \/><\/figure><\/div><\/figure>","protected":false},"excerpt":{"rendered":"<p>\u018flav\u0259 m\u0259lumat \u00fc\u00e7\u00fcn +994 51 244 48 49 n\u00f6mr\u0259si il\u0259 \u0259laq\u0259 saxlay\u0131n\u041f\u043e\u0434\u0440\u043e\u0431\u043d\u043e\u0441\u0442\u0438 \u043f\u043e \u0442\u0435\u043b\u0435\u0444\u043e\u043d\u0443: +994 51 244 48 49<\/p>","protected":false},"author":333,"featured_media":0,"parent":0,"menu_order":0,"comment_status":"closed","ping_status":"closed","template":"template-fullwidth.php","meta":{"footnotes":""},"class_list":["post-11554","page","type-page","status-publish","hentry"],"_links":{"self":[{"href":"https:\/\/karchershop.az\/az\/wp-json\/wp\/v2\/pages\/11554","targetHints":{"allow":["GET"]}}],"collection":[{"href":"https:\/\/karchershop.az\/az\/wp-json\/wp\/v2\/pages"}],"about":[{"href":"https:\/\/karchershop.az\/az\/wp-json\/wp\/v2\/types\/page"}],"author":[{"embeddable":true,"href":"https:\/\/karchershop.az\/az\/wp-json\/wp\/v2\/users\/333"}],"replies":[{"embeddable":true,"href":"https:\/\/karchershop.az\/az\/wp-json\/wp\/v2\/comments?post=11554"}],"version-history":[{"count":18,"href":"https:\/\/karchershop.az\/az\/wp-json\/wp\/v2\/pages\/11554\/revisions"}],"predecessor-version":[{"id":13561,"href":"https:\/\/karchershop.az\/az\/wp-json\/wp\/v2\/pages\/11554\/revisions\/13561"}],"wp:attachment":[{"href":"https:\/\/karchershop.az\/az\/wp-json\/wp\/v2\/media?parent=11554"}],"curies":[{"name":"wp","href":"https:\/\/api.w.org\/{rel}","templated":true}]}}