{"id":2475,"date":"2020-05-19T14:28:59","date_gmt":"2020-05-19T10:28:59","guid":{"rendered":"https:\/\/karchershop.az\/?page_id=2475"},"modified":"2024-03-11T15:34:30","modified_gmt":"2024-03-11T11:34:30","slug":"dostavka","status":"publish","type":"page","link":"https:\/\/karchershop.az\/az\/dostavka","title":{"rendered":"\u00c7atd\u0131r\u0131lma"},"content":{"rendered":"<figure class=\"wp-block-image alignwide size-large\"><img decoding=\"async\" width=\"1280\" height=\"500\" src=\"https:\/\/karchershop.az\/wp-content\/uploads\/2024\/03\/banner_chatdirma-1280x500.png\" alt=\"\" class=\"wp-image-12031\" srcset=\"https:\/\/karchershop.az\/wp-content\/uploads\/2024\/03\/banner_chatdirma-1280x500.png 1280w, https:\/\/karchershop.az\/wp-content\/uploads\/2024\/03\/banner_chatdirma-480x188.png 480w, https:\/\/karchershop.az\/wp-content\/uploads\/2024\/03\/banner_chatdirma-768x300.png 768w, https:\/\/karchershop.az\/wp-content\/uploads\/2024\/03\/banner_chatdirma-1536x600.png 1536w, https:\/\/karchershop.az\/wp-content\/uploads\/2024\/03\/banner_chatdirma-2048x800.png 2048w, https:\/\/karchershop.az\/wp-content\/uploads\/2024\/03\/banner_chatdirma-18x7.png 18w, https:\/\/karchershop.az\/wp-content\/uploads\/2024\/03\/banner_chatdirma-416x163.png 416w, https:\/\/karchershop.az\/wp-content\/uploads\/2024\/03\/banner_chatdirma-64x25.png 64w\" sizes=\"(max-width: 1280px) 100vw, 1280px\" \/><\/figure><p>\u00dcnvan d\u0259yi\u015fikliyi il\u0259 ba\u011fl\u0131 a\u015fa\u011f\u0131dak\u0131 n\u00f6mr\u0259l\u0259r il\u0259 \u0259laq\u0259 saxlay\u0131n: <\/p><p>+994 50 251 88 86 v\u0259 ya +994 51 244 48 49<\/p><h2 class=\"wp-block-heading\">Bak\u0131 v\u0259 Ab\u015feronda \u00e7atd\u0131r\u0131lma<\/h2><p>Pulsuz \u00e7atd\u0131r\u0131lma \u00fc\u00e7\u00fcn sifari\u015fin minimum d\u0259y\u0259ri 50 manat olmal\u0131d\u0131r.<br>50 manatdan az olan sifari\u015f Al\u0131c\u0131n\u0131n hesab\u0131na h\u0259yata ke\u00e7irilir. \u00c7atd\u0131r\u0131lman\u0131n d\u0259y\u0259ri \u0259raziy\u0259 g\u00f6r\u0259 d\u0259yi\u015fir.\n\u00c7atd\u0131r\u0131lma d\u0259y\u0259ri avtomatik olaraq \u00f6d\u0259ni\u015f \u00e7ekin\u0259 (hesab-fakturaya) daxil edilir.<\/p><p>Saat 15:00-dan \u0259vv\u0259l olunan sifari\u015fl\u0259rin \u00e7atd\u0131r\u0131lmas\u0131 h\u0259min g\u00fcn h\u0259yata ke\u00e7irilir, saat 15:00-dan sonra veril\u0259n sifari\u015fl\u0259r n\u00f6vb\u0259ti g\u00fcn \u00e7atd\u0131r\u0131l\u0131r.<\/p><p class=\"has-text-align-left\">Sifari\u015fin \u00e7atd\u0131r\u0131lmas\u0131 v\u0259 na\u011fd pulun al\u0131nmas\u0131 \u00e7atd\u0131r\u0131lma xidm\u0259tinin kuryeri t\u0259r\u0259find\u0259n h\u0259yata ke\u00e7irilir.<\/p><h2 class=\"wp-block-heading\">Ab\u015feron k\u0259nar\u0131 v\u0259 Az\u0259rbaycan\u0131n b\u00f6lg\u0259l\u0259rin\u0259 \u00e7atd\u0131r\u0131lma<\/h2><p>Sifari\u015fin Ab\u015ferondan k\u0259nar v\u0259 Az\u0259rbaycan\u0131n dig\u0259r b\u00f6lg\u0259l\u0259rin\u0259 \u00e7atd\u0131r\u0131lmas\u0131 AzerPo\u00e7t t\u0259r\u0259find\u0259n sifari\u015f\u00e7inin qeyd etdiyi po\u00e7t \u015f\u00f6b\u0259sin\u0259 \u00e7atd\u0131r\u0131l\u0131r.<br>T\u0259xmini \u00e7atd\u0131r\u0131lma m\u00fcdd\u0259ti 3-4 i\u015f g\u00fcn\u00fcd\u00fcr. Al\u0131c\u0131 Az\u0259rPo\u00e7t-dan sifari\u015fin po\u00e7t \u015f\u00f6b\u0259sin\u0259 \u00e7atd\u0131r\u0131ld\u0131\u011f\u0131 bar\u0259d\u0259 \u0259lav\u0259 bildiri\u015f alacaq.<\/p><p>Saat 12:00-dan \u0259vv\u0259l sifari\u015f verildikd\u0259, h\u0259min g\u00fcn ba\u011flama Az\u0259rPo\u00e7t-da verilir, \u0259ks halda ba\u011flama n\u00f6vb\u0259ti i\u015f g\u00fcn\u00fcnd\u0259 i\u015fl\u0259n\u0259c\u0259kdir<\/p><p>Pulsuz \u00e7atd\u0131r\u0131lma \u00fc\u00e7\u00fcn sifari\u015fin minimum d\u0259y\u0259ri 50 manat olmal\u0131d\u0131r.<\/p><p>50 manatdan az olan sifari\u015f Al\u0131c\u0131n\u0131n hesab\u0131na h\u0259yata ke\u00e7irilir.<\/p><p>\u00c7atd\u0131r\u0131lma d\u0259y\u0259ri avtomatik olaraq \u00f6d\u0259ni\u015f \u00e7ekin\u0259 (hesab-fakturaya) daxil edilir.<\/p>","protected":false},"excerpt":{"rendered":"<p>\u041f\u0440\u0438-\u043f\u0435\u0440\u0435\u0430\u0434\u0440\u0435\u0441\u0430\u0446\u0438\u0438 \u0437\u0432\u043e\u043d\u0438\u0442\u0435 \u043f\u043e \u043d\u043e\u043c\u0435\u0440\u0443: +994 50&nbsp;251 88 86 \u0438\u043b\u0438 +994 51&nbsp;244 48 49 \u0414\u043e\u0441\u0442\u0430\u0432\u043a\u0430 \u043f\u043e \u0411\u0430\u043a\u0443 \u0438 \u0410\u043f\u0448\u0435\u0440\u043e\u043d\u0443 \u041c\u0438\u043d\u0438\u043c\u0430\u043b\u044c\u043d\u0430\u044f \u0441\u0443\u043c\u043c\u0430 \u0437\u0430\u043a\u0430\u0437\u0430 \u0434\u043b\u044f \u0431\u0435\u0441\u043f\u043b\u0430\u0442\u043d\u043e\u0439 \u0434\u043e\u0441\u0442\u0430\u0432\u043a\u0438 \u0441\u043e\u0441\u0442\u0430\u0432\u043b\u044f\u0435\u0442 50 AZN.\u0417\u0430\u043a\u0430\u0437\u044b \u0441\u0442\u043e\u0438\u043c\u043e\u0441\u0442\u044c\u044e \u043c\u0435\u043d\u0435\u0435 50 \u043c\u0430\u043d\u0430\u0442\u043e\u0432 \u043e\u0441\u0443\u0449\u0435\u0441\u0442\u0432\u043b\u044f\u0435\u0442\u0441\u044f \u0437\u0430 \u0441\u0447\u0435\u0442 \u041f\u043e\u043a\u0443\u043f\u0430\u0442\u0435\u043b\u044f. \u0421\u0442\u043e\u0438\u043c\u043e\u0441\u0442\u044c \u0434\u043e\u0441\u0442\u0430\u0432\u043a\u0438 \u0432\u0430\u0440\u044c\u0438\u0440\u0443\u0435\u0442\u0441\u044f \u0432 \u0437\u0430\u0432\u0438\u0441\u0438\u043c\u043e\u0441\u0442\u0438 \u043e\u0442 \u0440\u0435\u0433\u0438\u043e\u043d\u0430. \u0421\u0442\u043e\u0438\u043c\u043e\u0441\u0442\u044c \u0434\u043e\u0441\u0442\u0430\u0432\u043a\u0438 \u0430\u0432\u0442\u043e\u043c\u0430\u0442\u0438\u0447\u0435\u0441\u043a\u0438 \u0432\u043a\u043b\u044e\u0447\u0430\u0435\u0442\u0441\u044f \u0432 \u0447\u0435\u043a \u043e\u043f\u043b\u0430\u0442\u044b (\u0441\u0447\u0435\u0442-\u0444\u0430\u043a\u0442\u0443\u0440\u0443). \u0417\u0430\u043a\u0430\u0437\u044b, \u043e\u0444\u043e\u0440\u043c\u043b\u0435\u043d\u043d\u044b\u0435 \u0434\u043e 15:00, \u0434\u043e\u0441\u0442\u0430\u0432\u043b\u044f\u044e\u0442\u0441\u044f [&hellip;]<\/p>\n","protected":false},"author":2,"featured_media":0,"parent":0,"menu_order":0,"comment_status":"closed","ping_status":"closed","template":"template-fullwidth.php","meta":{"footnotes":""},"class_list":["post-2475","page","type-page","status-publish","hentry"],"_links":{"self":[{"href":"https:\/\/karchershop.az\/az\/wp-json\/wp\/v2\/pages\/2475","targetHints":{"allow":["GET"]}}],"collection":[{"href":"https:\/\/karchershop.az\/az\/wp-json\/wp\/v2\/pages"}],"about":[{"href":"https:\/\/karchershop.az\/az\/wp-json\/wp\/v2\/types\/page"}],"author":[{"embeddable":true,"href":"https:\/\/karchershop.az\/az\/wp-json\/wp\/v2\/users\/2"}],"replies":[{"embeddable":true,"href":"https:\/\/karchershop.az\/az\/wp-json\/wp\/v2\/comments?post=2475"}],"version-history":[{"count":16,"href":"https:\/\/karchershop.az\/az\/wp-json\/wp\/v2\/pages\/2475\/revisions"}],"predecessor-version":[{"id":12033,"href":"https:\/\/karchershop.az\/az\/wp-json\/wp\/v2\/pages\/2475\/revisions\/12033"}],"wp:attachment":[{"href":"https:\/\/karchershop.az\/az\/wp-json\/wp\/v2\/media?parent=2475"}],"curies":[{"name":"wp","href":"https:\/\/api.w.org\/{rel}","templated":true}]}}