{"id":2486,"date":"2020-05-19T14:42:09","date_gmt":"2020-05-19T10:42:09","guid":{"rendered":"https:\/\/karchershop.az\/?page_id=2486"},"modified":"2022-07-04T01:29:25","modified_gmt":"2022-07-03T21:29:25","slug":"vozvrat","status":"publish","type":"page","link":"https:\/\/karchershop.az\/az\/vozvrat","title":{"rendered":"Mal\u0131n qaytar\u0131lma \u015f\u0259rtl\u0259ri"},"content":{"rendered":"<p>Al\u0131c\u0131 mal\u0131n t\u0259hvil verilm\u0259sind\u0259n \u0259vv\u0259l ist\u0259nil\u0259n vaxt, t\u0259hvil verildikd\u0259n sonra is\u0259 al\u0131\u015f tarixini n\u0259z\u0259r\u0259 almadan 14 g\u00fcn \u0259rzind\u0259 imtina etm\u0259k h\u00fcququna malikdir.<br><\/p><p><strong>\u018fsas! Keyfiyy\u0259tli mallar\u0131n geri qaytar\u0131lmas\u0131 yaln\u0131z mal istifad\u0259 olunmad\u0131\u011f\u0131 t\u0259qdird\u0259 m\u00fcmk\u00fcnd\u00fcr.<br><\/strong><\/p><p>T\u0259\u0259ss\u00fcf ki, mallar\u0131n i\u015f izl\u0259ri h\u0259m xarici s\u0259thl\u0259rd\u0259, h\u0259m d\u0259 cihaz\u0131n i\u00e7\u0259risind\u0259 qal\u0131r.<br>Keyfiyy\u0259tli istifad\u0259 olunan mallar geri qaytar\u0131lmaq \u00fc\u00e7\u00fcn q\u0259bul edilmir.<br><\/p><p>Qaytarmaq \u00fc\u00e7\u00fcn elan edilmi\u015f h\u0259r bir keyfiyy\u0259tli cihaz, Karcher Xidm\u0259t M\u0259rk\u0259zin\u0259 v\u0259 ya diaqnoz \u00fc\u00e7\u00fcn m\u0259i\u015f\u0259t texnikas\u0131 \u00fc\u00e7\u00fcn ist\u0259nil\u0259n t\u0259mir m\u0259rk\u0259zin\u0259 \u00e7atd\u0131r\u0131l\u0131r. Diaqnoz akt\u0131n\u0131 ald\u0131qdan sonra mallar\u0131n geri qaytar\u0131lmas\u0131 m\u0259s\u0259l\u0259sini h\u0259ll etm\u0259k \u00fc\u00e7\u00fcn sat\u0131c\u0131 il\u0259 \u0259laq\u0259 saxlamal\u0131s\u0131n\u0131z. \u018fm\u0259liyyat izl\u0259ri a\u015fkar edildikd\u0259, Karcher MMC, m\u00fc\u015ft\u0259rini cihaz\u0131 geri qaytarmaq \u00fc\u00e7\u00fcn q\u0259bul etm\u0259yin m\u00fcmk\u00fcns\u00fczl\u00fcy\u00fc bar\u0259d\u0259 yaz\u0131l\u0131 \u015f\u0259kild\u0259 bildirm\u0259lidir.<br><\/p><p>Bu mallar\u0131n al\u0131nmas\u0131 fakt\u0131n\u0131 v\u0259 \u015f\u0259rtl\u0259rini t\u0259sdiql\u0259y\u0259n s\u0259n\u0259dl\u0259r saxland\u0131qda keyfiyy\u0259tli mallar\u0131n geri qaytar\u0131lmas\u0131 m\u00fcmk\u00fcnd\u00fcr. G\u00f6st\u0259ril\u0259n s\u0259n\u0259din Al\u0131c\u0131dan olmamas\u0131 onu bu Sat\u0131c\u0131dan Mallar\u0131n al\u0131nmas\u0131na dair dig\u0259r s\u00fcbutlara m\u00fcraci\u0259t etm\u0259k imkan\u0131ndan m\u0259hrum etmir.<br><\/p><p>Al\u0131c\u0131 mallardan imtina ed\u0259rs\u0259, Sat\u0131c\u0131, al\u0131c\u0131n\u0131n m\u00fcvafiq t\u0259l\u0259bi t\u0259qdim etdiyi g\u00fcnd\u0259n 10 g\u00fcnd\u0259n gec olmayaraq, Sat\u0131c\u0131 t\u0259r\u0259find\u0259n geri qaytar\u0131lm\u0131\u015f mallar\u0131n t\u0259hvil verilm\u0259si x\u0259rcl\u0259ri istisna olmaqla, m\u00fcqavil\u0259y\u0259 uy\u011fun olaraq Al\u0131c\u0131n\u0131n \u00f6d\u0259diyi m\u0259bl\u0259\u011fi ona qaytarmal\u0131d\u0131r. M\u00fcqavil\u0259y\u0259 uy\u011fun olaraq al\u0131c\u0131n\u0131n \u00f6d\u0259diyi m\u0259bl\u0259\u011fin geri qaytar\u0131lmas\u0131 Mal\u0131n Al\u0131c\u0131 t\u0259r\u0259find\u0259n qaytar\u0131lmas\u0131 il\u0259 eyni vaxtda h\u0259yata ke\u00e7irilm\u0259diyi t\u0259qdird\u0259, g\u00f6st\u0259ril\u0259n m\u0259bl\u0259\u011fin qaytar\u0131lmas\u0131 Sat\u0131c\u0131 t\u0259r\u0259find\u0259n Al\u0131c\u0131n\u0131n raz\u0131l\u0131\u011f\u0131 il\u0259 a\u015fa\u011f\u0131dak\u0131 yollardan biri il\u0259 h\u0259yata ke\u00e7irilir:<\/p><ul class=\"wp-block-list\"><li>Sat\u0131c\u0131 yerind\u0259 na\u011fd \u015f\u0259kild\u0259;<\/li><li>m\u00fcvafiq m\u0259bl\u0259\u011fi al\u0131c\u0131n\u0131n bank\u0131na v\u0259 ya al\u0131c\u0131n\u0131n g\u00f6st\u0259rdiyi dig\u0259r hesaba k\u00f6\u00e7\u00fcrm\u0259kl\u0259.<\/li><\/ul><p>Al\u0131c\u0131n\u0131n keyfiyy\u0259tli mallar geri qaytar\u0131ld\u0131\u011f\u0131 zaman bir faktura v\u0259 ya mallar\u0131n geri qaytar\u0131lmas\u0131 haqq\u0131nda akt t\u0259rtib edilir.<\/p>","protected":false},"excerpt":{"rendered":"<p>\u041f\u043e\u043a\u0443\u043f\u0430\u0442\u0435\u043b\u044c \u0432\u043f\u0440\u0430\u0432\u0435 \u043e\u0442\u043a\u0430\u0437\u0430\u0442\u044c\u0441\u044f \u043e\u0442 \u0422\u043e\u0432\u0430\u0440\u0430 \u0432 \u043b\u044e\u0431\u043e\u0435 \u0432\u0440\u0435\u043c\u044f \u0434\u043e \u0435\u0433\u043e \u043f\u0435\u0440\u0435\u0434\u0430\u0447\u0438, \u0430 \u043f\u043e\u0441\u043b\u0435 \u043f\u0435\u0440\u0435\u0434\u0430\u0447\u0438 &#8211; \u0432 \u0442\u0435\u0447\u0435\u043d\u0438\u0435 14 \u0434\u043d\u0435\u0439, \u043d\u0435 \u0441\u0447\u0438\u0442\u0430\u044f \u0434\u0430\u0442\u044b \u043f\u043e\u043a\u0443\u043f\u043a\u0438. \u0413\u043b\u0430\u0432\u043d\u043e\u0435! \u0412\u043e\u0437\u0432\u0440\u0430\u0442 \u0442\u043e\u0432\u0430\u0440\u0430 \u043d\u0430\u0434\u043b\u0435\u0436\u0430\u0449\u0435\u0433\u043e \u043a\u0430\u0447\u0435\u0441\u0442\u0432\u0430 \u0432\u043e\u0437\u043c\u043e\u0436\u0435\u043d \u0442\u043e\u043b\u044c\u043a\u043e \u0432 \u0442\u043e\u043c \u0441\u043b\u0443\u0447\u0430\u0435, \u0435\u0441\u043b\u0438 \u0442\u043e\u0432\u0430\u0440 \u043d\u0435 \u0431\u044b\u043b \u0432 \u0443\u043f\u043e\u0442\u0440\u0435\u0431\u043b\u0435\u043d\u0438\u0438. \u041a \u0441\u043e\u0436\u0430\u043b\u0435\u043d\u0438\u044e, \u0441\u043b\u0435\u0434\u044b \u044d\u043a\u0441\u043f\u043b\u0443\u0430\u0442\u0430\u0446\u0438\u0438 \u0442\u043e\u0432\u0430\u0440\u0430 \u043e\u0441\u0442\u0430\u044e\u0442\u0441\u044f \u043a\u0430\u043a \u043d\u0430 \u0432\u043d\u0435\u0448\u043d\u0438\u0445 \u043f\u043e\u0432\u0435\u0440\u0445\u043d\u043e\u0441\u0442\u044f\u0445, \u0442\u0430\u043a \u0438 \u0432\u043d\u0443\u0442\u0440\u0438 \u0430\u043f\u043f\u0430\u0440\u0430\u0442\u0430.\u0422\u043e\u0432\u0430\u0440 \u043d\u0430\u0434\u043b\u0435\u0436\u0430\u0449\u0435\u0433\u043e \u043a\u0430\u0447\u0435\u0441\u0442\u0432\u0430, [&hellip;]<\/p>\n","protected":false},"author":2,"featured_media":0,"parent":0,"menu_order":0,"comment_status":"closed","ping_status":"closed","template":"template-fullwidth.php","meta":{"footnotes":""},"class_list":["post-2486","page","type-page","status-publish","hentry"],"_links":{"self":[{"href":"https:\/\/karchershop.az\/az\/wp-json\/wp\/v2\/pages\/2486","targetHints":{"allow":["GET"]}}],"collection":[{"href":"https:\/\/karchershop.az\/az\/wp-json\/wp\/v2\/pages"}],"about":[{"href":"https:\/\/karchershop.az\/az\/wp-json\/wp\/v2\/types\/page"}],"author":[{"embeddable":true,"href":"https:\/\/karchershop.az\/az\/wp-json\/wp\/v2\/users\/2"}],"replies":[{"embeddable":true,"href":"https:\/\/karchershop.az\/az\/wp-json\/wp\/v2\/comments?post=2486"}],"version-history":[{"count":3,"href":"https:\/\/karchershop.az\/az\/wp-json\/wp\/v2\/pages\/2486\/revisions"}],"predecessor-version":[{"id":2489,"href":"https:\/\/karchershop.az\/az\/wp-json\/wp\/v2\/pages\/2486\/revisions\/2489"}],"wp:attachment":[{"href":"https:\/\/karchershop.az\/az\/wp-json\/wp\/v2\/media?parent=2486"}],"curies":[{"name":"wp","href":"https:\/\/api.w.org\/{rel}","templated":true}]}}