{"id":9748,"date":"2023-07-27T02:13:15","date_gmt":"2023-07-26T22:13:15","guid":{"rendered":"https:\/\/karchershop.az\/?page_id=9748"},"modified":"2023-07-28T03:14:41","modified_gmt":"2023-07-27T23:14:41","slug":"kultura-i-insajty","status":"publish","type":"page","link":"https:\/\/karchershop.az\/az\/careers\/kultura-i-insajty","title":{"rendered":"M\u018fD\u018fN\u0130YY\u018fT V\u018f \u0130DEYALAR"},"content":{"rendered":"<p>Daha \u00e7ox WOW \u00fc\u00e7\u00fcn birlikd\u0259 i\u015fl\u0259m\u0259k - d\u00fcnyan\u0131 yax\u015f\u0131l\u0131\u011fa do\u011fru d\u0259yi\u015fm\u0259k \u00fc\u00e7\u00fcn g\u00fccl\u0259ri birl\u0259\u015fdirm\u0259k.<\/p><p><\/p><h2 class=\"wp-block-heading has-text-align-center\"><strong>B\u0130Z\u0130M WOW M\u018fD\u018fN\u0130YY\u018fT\u0130M\u0130Z<\/strong><\/h2><div class=\"wp-block-columns is-layout-flex wp-container-core-columns-is-layout-9d6595d7 wp-block-columns-is-layout-flex\"><div class=\"wp-block-column has-black-color has-text-color has-background is-layout-flow wp-block-column-is-layout-flow\" style=\"background-color:#ffed00\"><p><\/p>\n\n<h2 class=\"wp-block-heading has-black-color has-text-color\">H\u0259d\u0259f<\/h2>\n\n<p class=\"has-black-color has-text-color\">B\u00fct\u00fcn d\u00fcnyan\u0131 alt-\u00fcst ed\u0259n b\u00f6y\u00fck WOW-lar var. V\u0259 sonra, \u0259lb\u0259tt\u0259 ki, h\u0259r g\u00fcn bizi \u0259hat\u0259 ed\u0259n sehri xat\u0131rladan ki\u00e7ik WOW-lar var. B\u00f6y\u00fck v\u0259 ya ki\u00e7ik, h\u0259r WOW f\u0259rqli v\u0259 unikald\u0131r. Biz\u0259 t\u0259krar-t\u0259krar g\u00f6st\u0259r\u0259n m\u0259qs\u0259dimiz q\u0259d\u0259r unikal olsa da, K\u00e4rchers etdiyimiz i\u015fin daha d\u0259rin m\u0259nas\u0131d\u0131r. \u00c7\u00fcnki sonda d\u00fcnyan\u0131 bir az daha t\u0259miz etm\u0259k \u00fc\u00e7\u00fcn birlikd\u0259 g\u00f6r\u0259c\u0259yimiz \u00e7ox \u015fey var. Bizim \u201cK\u00e4rcher m\u0259qs\u0259dimiz\u201d tam olaraq n\u0259dir? Bu bar\u0259d\u0259 \u0259trafl\u0131 burada oxuya bil\u0259rsiniz.<\/p><\/div>\n\n<div class=\"wp-block-column is-layout-flow wp-block-column-is-layout-flow\"><figure class=\"wp-block-image size-full is-resized\"><img decoding=\"async\" src=\"https:\/\/karchershop.az\/wp-content\/uploads\/2023\/07\/mount-rushmore.webp\" alt=\"\" class=\"wp-image-9750\" width=\"800\" height=\"800\" srcset=\"https:\/\/karchershop.az\/wp-content\/uploads\/2023\/07\/mount-rushmore.webp 800w, https:\/\/karchershop.az\/wp-content\/uploads\/2023\/07\/mount-rushmore-480x480.webp 480w, https:\/\/karchershop.az\/wp-content\/uploads\/2023\/07\/mount-rushmore-150x150.webp 150w, https:\/\/karchershop.az\/wp-content\/uploads\/2023\/07\/mount-rushmore-768x768.webp 768w, https:\/\/karchershop.az\/wp-content\/uploads\/2023\/07\/mount-rushmore-12x12.webp 12w, https:\/\/karchershop.az\/wp-content\/uploads\/2023\/07\/mount-rushmore-324x324.webp 324w, https:\/\/karchershop.az\/wp-content\/uploads\/2023\/07\/mount-rushmore-416x416.webp 416w, https:\/\/karchershop.az\/wp-content\/uploads\/2023\/07\/mount-rushmore-100x100.webp 100w, https:\/\/karchershop.az\/wp-content\/uploads\/2023\/07\/mount-rushmore-64x64.webp 64w\" sizes=\"(max-width: 800px) 100vw, 800px\" \/><\/figure><\/div><\/div><div class=\"wp-block-columns is-layout-flex wp-container-core-columns-is-layout-9d6595d7 wp-block-columns-is-layout-flex\"><div class=\"wp-block-column order-2 is-layout-flow wp-block-column-is-layout-flow\"><figure class=\"wp-block-image size-full is-resized\"><img decoding=\"async\" src=\"https:\/\/karchershop.az\/wp-content\/uploads\/2023\/07\/diversity.webp\" alt=\"\" class=\"wp-image-9751\" width=\"800\" height=\"800\" srcset=\"https:\/\/karchershop.az\/wp-content\/uploads\/2023\/07\/diversity.webp 800w, https:\/\/karchershop.az\/wp-content\/uploads\/2023\/07\/diversity-480x480.webp 480w, https:\/\/karchershop.az\/wp-content\/uploads\/2023\/07\/diversity-150x150.webp 150w, https:\/\/karchershop.az\/wp-content\/uploads\/2023\/07\/diversity-768x768.webp 768w, https:\/\/karchershop.az\/wp-content\/uploads\/2023\/07\/diversity-12x12.webp 12w, https:\/\/karchershop.az\/wp-content\/uploads\/2023\/07\/diversity-324x324.webp 324w, https:\/\/karchershop.az\/wp-content\/uploads\/2023\/07\/diversity-416x416.webp 416w, https:\/\/karchershop.az\/wp-content\/uploads\/2023\/07\/diversity-100x100.webp 100w, https:\/\/karchershop.az\/wp-content\/uploads\/2023\/07\/diversity-64x64.webp 64w\" sizes=\"(max-width: 800px) 100vw, 800px\" \/><\/figure><\/div>\n\n<div class=\"wp-block-column order-1 has-black-color has-text-color has-background is-layout-flow wp-block-column-is-layout-flow\" style=\"background-color:#ffed00\"><p><\/p>\n\n<p><\/p>\n\n<h2 class=\"wp-block-heading has-black-color has-text-color\">M\u00fcxt\u0259liflik v\u0259 \u0130nkl\u00fczivlik<\/h2>\n\n<p class=\"has-text-align-left has-black-color has-text-color\">WOW m\u0259n\u015f\u0259, cinsi kimlik, cinsi oriyentasiya, ya\u015f, fiziki v\u0259 ya \u0259qli qabiliyy\u0259t, din, d\u00fcnyag\u00f6r\u00fc\u015f\u00fc v\u0259 ya \u0259n\u0259n\u0259 aras\u0131nda he\u00e7 bir f\u0259rq qoymur. Burada h\u0259r k\u0259s bir araya g\u0259lm\u0259y\u0259, bir-birini ruhland\u0131rma\u011fa v\u0259 daha \u00e7ox \u015fey yaratmaq \u00fc\u00e7\u00fcn g\u00fccl\u0259rini birl\u0259\u015fdirm\u0259y\u0259 d\u0259v\u0259t olunur.<\/p>\n\n<p class=\"has-text-align-left has-black-color has-text-color\">Biz bunu h\u0259tta yaz\u0131l\u0131 \u015f\u0259kild\u0259 d\u0259 qeyd etdik: M\u00fcxt\u0259liflik Xartiyas\u0131n\u0131 imzalamaqla biz h\u0259r bir WOW-u alq\u0131\u015flama\u011f\u0131 \u00f6z\u00fcm\u00fcz\u0259 borc bildik.<\/p><\/div><\/div><div class=\"wp-block-columns is-layout-flex wp-container-core-columns-is-layout-9d6595d7 wp-block-columns-is-layout-flex\"><div class=\"wp-block-column has-background is-layout-flow wp-block-column-is-layout-flow\" style=\"background-color:#ffed00\"><p><\/p>\n\n<p><\/p>\n\n<h2 class=\"wp-block-heading has-black-color has-text-color\">Davaml\u0131l\u0131q<\/h2>\n\n<p class=\"has-black-color has-text-color\">Biz ist\u0259yirik ki, sabah\u0131n d\u00fcnyas\u0131nda \"WOW\" dem\u0259k \u00fc\u00e7\u00fcn daha \u00e7ox s\u0259b\u0259b olsun. Buna g\u00f6r\u0259 d\u0259 biz b\u00fct\u00fcn \u0259m\u0259kda\u015flar\u0131m\u0131za, \u0259riz\u0259\u00e7il\u0259rimiz\u0259 v\u0259 m\u00fc\u015ft\u0259ril\u0259rimiz\u0259 s\u00f6z veririk ki, g\u00f6rd\u00fcy\u00fcm\u00fcz h\u0259r i\u015fd\u0259 insanlar, \u0259traf m\u00fchit v\u0259 c\u0259miyy\u0259t \u00fc\u00e7\u00fcn m\u0259suliyy\u0259t da\u015f\u0131y\u0131r\u0131q.<\/p><\/div>\n\n<div class=\"wp-block-column is-layout-flow wp-block-column-is-layout-flow\"><figure class=\"wp-block-image size-full\"><img decoding=\"async\" width=\"800\" height=\"800\" src=\"https:\/\/karchershop.az\/wp-content\/uploads\/2023\/07\/nachhaltigkeit-1.webp\" alt=\"\" class=\"wp-image-9753\" srcset=\"https:\/\/karchershop.az\/wp-content\/uploads\/2023\/07\/nachhaltigkeit-1.webp 800w, https:\/\/karchershop.az\/wp-content\/uploads\/2023\/07\/nachhaltigkeit-1-480x480.webp 480w, https:\/\/karchershop.az\/wp-content\/uploads\/2023\/07\/nachhaltigkeit-1-150x150.webp 150w, https:\/\/karchershop.az\/wp-content\/uploads\/2023\/07\/nachhaltigkeit-1-768x768.webp 768w, https:\/\/karchershop.az\/wp-content\/uploads\/2023\/07\/nachhaltigkeit-1-12x12.webp 12w, https:\/\/karchershop.az\/wp-content\/uploads\/2023\/07\/nachhaltigkeit-1-324x324.webp 324w, https:\/\/karchershop.az\/wp-content\/uploads\/2023\/07\/nachhaltigkeit-1-416x416.webp 416w, https:\/\/karchershop.az\/wp-content\/uploads\/2023\/07\/nachhaltigkeit-1-100x100.webp 100w, https:\/\/karchershop.az\/wp-content\/uploads\/2023\/07\/nachhaltigkeit-1-64x64.webp 64w\" sizes=\"(max-width: 800px) 100vw, 800px\" \/><\/figure><\/div><\/div>","protected":false},"excerpt":{"rendered":"<p>\u0421\u043e\u0432\u043c\u0435\u0441\u0442\u043d\u0430\u044f \u0440\u0430\u0431\u043e\u0442\u0430 \u0434\u043b\u044f \u0431\u043e\u043b\u044c\u0448\u0435\u0433\u043e WOW \u2013 \u043e\u0431\u044a\u0435\u0434\u0438\u043d\u0435\u043d\u0438\u0435 \u0443\u0441\u0438\u043b\u0438\u0439, \u0447\u0442\u043e\u0431\u044b \u0438\u0437\u043c\u0435\u043d\u0438\u0442\u044c \u043c\u0438\u0440 \u043a \u043b\u0443\u0447\u0448\u0435\u043c\u0443. \u041d\u0410\u0428\u0410 \u041a\u0423\u041b\u042c\u0422\u0423\u0420\u0410 WOW \u0426\u0435\u043b\u044c \u0415\u0441\u0442\u044c \u0431\u043e\u043b\u044c\u0448\u0438\u0435 WOW, \u043a\u043e\u0442\u043e\u0440\u044b\u0435 \u043f\u0435\u0440\u0435\u0432\u043e\u0440\u0430\u0447\u0438\u0432\u0430\u044e\u0442 \u0432\u0435\u0441\u044c \u043c\u0438\u0440 \u0441 \u043d\u043e\u0433 \u043d\u0430 \u0433\u043e\u043b\u043e\u0432\u0443. \u0418 \u0437\u0430\u0442\u0435\u043c, \u043a\u043e\u043d\u0435\u0447\u043d\u043e \u0436\u0435, \u0435\u0441\u0442\u044c \u043c\u0430\u043b\u0435\u043d\u044c\u043a\u0438\u0435 WOW, \u043a\u043e\u0442\u043e\u0440\u044b\u0435 \u043d\u0430\u043f\u043e\u043c\u0438\u043d\u0430\u044e\u0442 \u043d\u0430\u043c \u043e \u0432\u043e\u043b\u0448\u0435\u0431\u0441\u0442\u0432\u0435, \u043a\u043e\u0442\u043e\u0440\u043e\u0435 \u043e\u043a\u0440\u0443\u0436\u0430\u0435\u0442 \u043d\u0430\u0441 \u043a\u0430\u0436\u0434\u044b\u0439 \u0434\u0435\u043d\u044c. \u0411\u043e\u043b\u044c\u0448\u043e\u0439 \u0438\u043b\u0438 \u043c\u0430\u043b\u0435\u043d\u044c\u043a\u0438\u0439, \u043a\u0430\u0436\u0434\u044b\u0439 WOW \u043d\u0435\u043e\u0431\u044b\u0447\u0435\u043d \u0438 \u0443\u043d\u0438\u043a\u0430\u043b\u0435\u043d. \u0422\u0430\u043a \u0436\u0435 [&hellip;]<\/p>\n","protected":false},"author":281,"featured_media":0,"parent":9706,"menu_order":0,"comment_status":"closed","ping_status":"closed","template":"template-fullwidth.php","meta":{"footnotes":""},"class_list":["post-9748","page","type-page","status-publish","hentry"],"_links":{"self":[{"href":"https:\/\/karchershop.az\/az\/wp-json\/wp\/v2\/pages\/9748","targetHints":{"allow":["GET"]}}],"collection":[{"href":"https:\/\/karchershop.az\/az\/wp-json\/wp\/v2\/pages"}],"about":[{"href":"https:\/\/karchershop.az\/az\/wp-json\/wp\/v2\/types\/page"}],"author":[{"embeddable":true,"href":"https:\/\/karchershop.az\/az\/wp-json\/wp\/v2\/users\/281"}],"replies":[{"embeddable":true,"href":"https:\/\/karchershop.az\/az\/wp-json\/wp\/v2\/comments?post=9748"}],"version-history":[{"count":8,"href":"https:\/\/karchershop.az\/az\/wp-json\/wp\/v2\/pages\/9748\/revisions"}],"predecessor-version":[{"id":9801,"href":"https:\/\/karchershop.az\/az\/wp-json\/wp\/v2\/pages\/9748\/revisions\/9801"}],"up":[{"embeddable":true,"href":"https:\/\/karchershop.az\/az\/wp-json\/wp\/v2\/pages\/9706"}],"wp:attachment":[{"href":"https:\/\/karchershop.az\/az\/wp-json\/wp\/v2\/media?parent=9748"}],"curies":[{"name":"wp","href":"https:\/\/api.w.org\/{rel}","templated":true}]}}