{"id":9777,"date":"2023-07-28T01:25:52","date_gmt":"2023-07-27T21:25:52","guid":{"rendered":"https:\/\/karchershop.az\/?page_id=9777"},"modified":"2023-07-28T02:30:45","modified_gmt":"2023-07-27T22:30:45","slug":"chto-delaet-karcher-vydayushhejsya-kompaniej","status":"publish","type":"page","link":"https:\/\/karchershop.az\/az\/careers\/chto-delaet-karcher-vydayushhejsya-kompaniej","title":{"rendered":"K\u00c4RCHER\u0130 N\u018f G\u00d6R\u018fKL\u018fNM\u0130\u015e \u015e\u0130RK\u018fT ED\u0130R?"},"content":{"rendered":"<p class=\"has-text-align-center\">K\u00e4rcher i\u015f\u00e7il\u0259rini n\u0259 g\u00f6zl\u0259y\u0259 bil\u0259r? Biz h\u0259r k\u0259s\u0259 etm\u0259k, yaratmaq, yenilik etm\u0259k v\u0259 s\u0131naq v\u0259 s\u0259hv prinsipin\u0259 \u0259m\u0259l etm\u0259k imkan\u0131 verm\u0259k ist\u0259yirik. Biz az dan\u0131\u015fma\u011fa, daha \u00e7ox c\u0259hd etm\u0259y\u0259 v\u0259 \u0259n \u0259sas\u0131 etm\u0259y\u0259 inan\u0131r\u0131q. T\u0259klif etdiyimiz \u015feyl\u0259rl\u0259 biz K\u00e4rcherl\u0259rimiz v\u0259 onlar\u0131n f\u0259rdi h\u0259yat m\u0259rh\u0259l\u0259l\u0259ri kimi unikal olan b\u00f6y\u00fck v\u0259 ki\u00e7ik WOW anlar\u0131 yaratmaq ist\u0259yirik.<\/p><div class=\"wp-block-columns is-layout-flex wp-container-core-columns-is-layout-9d6595d7 wp-block-columns-is-layout-flex\"><div class=\"wp-block-column is-layout-flow wp-block-column-is-layout-flow\"><figure class=\"wp-block-image size-full is-resized\"><img decoding=\"async\" src=\"https:\/\/karchershop.az\/wp-content\/uploads\/2023\/07\/betriebliche-altersvorsorge.webp\" alt=\"\" class=\"wp-image-9778\" width=\"400\" height=\"200\" srcset=\"https:\/\/karchershop.az\/wp-content\/uploads\/2023\/07\/betriebliche-altersvorsorge.webp 400w, https:\/\/karchershop.az\/wp-content\/uploads\/2023\/07\/betriebliche-altersvorsorge-18x9.webp 18w, https:\/\/karchershop.az\/wp-content\/uploads\/2023\/07\/betriebliche-altersvorsorge-64x32.webp 64w\" sizes=\"(max-width: 400px) 100vw, 400px\" \/><\/figure>\n\n<h3 class=\"wp-block-heading has-text-align-center\">WOW M\u018fD\u018fN\u0130YY\u018fT\u0130<\/h3>\n\n<p class=\"has-text-align-center\">Biz inan\u0131r\u0131q ki, b\u00f6y\u00fck v\u0259 ya ki\u00e7ik h\u0259r bir WOW f\u0259rqli v\u0259 unikald\u0131r, eynil\u0259 K\u00e4rcher i\u015f\u00e7il\u0259rinin \u00f6zl\u0259ri kimi. Biz m\u00fcxt\u0259lifliyi alq\u0131\u015flay\u0131r\u0131q v\u0259 h\u0259yat\u0131n b\u00fct\u00fcn t\u0259b\u0259q\u0259l\u0259rind\u0259n olan insanlara bir-birl\u0259rini birl\u0259\u015fdirm\u0259y\u0259 v\u0259 ir\u0259lil\u0259m\u0259k \u00fc\u00e7\u00fcn ilham verm\u0259y\u0259 imkan veririk. Biz K\u00e4rcher-i h\u0259r k\u0259sin \u00f6z WOW anlar\u0131n\u0131 yarada v\u0259 beyn\u0259lxalq s\u0259hn\u0259d\u0259 payla\u015fa bil\u0259c\u0259yi a\u00e7\u0131q m\u0259kan kimi g\u00f6r\u00fcr\u00fck.<\/p><\/div>\n\n<div class=\"wp-block-column is-layout-flow wp-block-column-is-layout-flow\"><figure class=\"wp-block-image size-full\"><img decoding=\"async\" width=\"400\" height=\"200\" src=\"https:\/\/karchershop.az\/wp-content\/uploads\/2023\/07\/familienfreundlichkeit.webp\" alt=\"\" class=\"wp-image-9779\" srcset=\"https:\/\/karchershop.az\/wp-content\/uploads\/2023\/07\/familienfreundlichkeit.webp 400w, https:\/\/karchershop.az\/wp-content\/uploads\/2023\/07\/familienfreundlichkeit-18x9.webp 18w, https:\/\/karchershop.az\/wp-content\/uploads\/2023\/07\/familienfreundlichkeit-64x32.webp 64w\" sizes=\"(max-width: 400px) 100vw, 400px\" \/><\/figure>\n\n<h3 class=\"wp-block-heading has-text-align-center\">\u0130NSAN M\u018fRK\u018fZL\u0130L\u0130K<\/h3>\n\n<p class=\"has-text-align-center\">\u018fsl g\u00fccl\u00fc t\u0259r\u0259fl\u0259rinizd\u0259n, h\u0259qiqi h\u0259v\u0259s v\u0259 m\u00fcnasib\u0259tinizd\u0259n istifad\u0259 etm\u0259y\u0259 haz\u0131rs\u0131n\u0131zsa, \u00f6z WOW yolunuzu getm\u0259y\u0259 v\u0259 onu K\u00e4rcher il\u0259 \u0259laq\u0259l\u0259ndirm\u0259y\u0259 haz\u0131rs\u0131n\u0131z. Biz f\u0259rdi s\u0259yl\u0259ri, komanda i\u015fini, \u0259m\u0259kda\u015fl\u0131\u011f\u0131 v\u0259 etimad m\u00fchitini t\u0259\u015fviq edirik ki, insanlar h\u0259r g\u00fcn i\u015fl\u0259rini g\u00f6rm\u0259kd\u0259n h\u0259zz als\u0131nlar. \u00c7\u00fcnki h\u0259r bir WOW vacibdir.<\/p><\/div>\n\n<div class=\"wp-block-column is-layout-flow wp-block-column-is-layout-flow\"><figure class=\"wp-block-image size-full\"><img decoding=\"async\" width=\"400\" height=\"200\" src=\"https:\/\/karchershop.az\/wp-content\/uploads\/2023\/07\/entwicklungsmoeglichkeiten.webp\" alt=\"\" class=\"wp-image-9780\" srcset=\"https:\/\/karchershop.az\/wp-content\/uploads\/2023\/07\/entwicklungsmoeglichkeiten.webp 400w, https:\/\/karchershop.az\/wp-content\/uploads\/2023\/07\/entwicklungsmoeglichkeiten-18x9.webp 18w, https:\/\/karchershop.az\/wp-content\/uploads\/2023\/07\/entwicklungsmoeglichkeiten-64x32.webp 64w\" sizes=\"(max-width: 400px) 100vw, 400px\" \/><\/figure>\n\n<h3 class=\"wp-block-heading has-text-align-center\">DAVAMLI YEN\u0130L\u0130K<\/h3>\n\n<p class=\"has-text-align-center\">Yeni bir \u015fey yaratma\u011fa inan\u0131r\u0131q. Bu, bizim ehtiras\u0131m\u0131zd\u0131r, lakin he\u00e7 vaxt \u00f6z sonu deyil. Ax\u0131 biz insanlara \u00f6z potensiallar\u0131n\u0131 v\u0259 \u00fcmumi rifah \u00fc\u00e7\u00fcn bax\u0131\u015flar\u0131n\u0131 realla\u015fd\u0131rma\u011fa imkan veririk. V\u0259 biz bilirik ki, g\u00fccl\u00fc ideyalar\u0131 h\u0259yata ke\u00e7irm\u0259k ist\u0259yirsinizs\u0259, ilk n\u00f6vb\u0259d\u0259 ixtira\u00e7\u0131lar\u0131 g\u00fccl\u0259ndirm\u0259lisiniz. Buna g\u00f6r\u0259 d\u0259 K\u00e4rcher il\u0259 normaya etiraz etm\u0259k ist\u0259y\u0259n h\u0259r k\u0259s\u0259 m\u00fcraci\u0259t edirik: Davam et, biz s\u0259ni d\u0259st\u0259kl\u0259y\u0259c\u0259yik!<\/p><\/div><\/div><div class=\"wp-block-columns is-layout-flex wp-container-core-columns-is-layout-9d6595d7 wp-block-columns-is-layout-flex\"><div class=\"wp-block-column is-layout-flow wp-block-column-is-layout-flow\"><figure class=\"wp-block-image size-full is-resized\"><img decoding=\"async\" src=\"https:\/\/karchershop.az\/wp-content\/uploads\/2023\/07\/globale-zusammenarbeit.webp\" alt=\"\" class=\"wp-image-9781\" width=\"400\" height=\"200\" srcset=\"https:\/\/karchershop.az\/wp-content\/uploads\/2023\/07\/globale-zusammenarbeit.webp 400w, https:\/\/karchershop.az\/wp-content\/uploads\/2023\/07\/globale-zusammenarbeit-18x9.webp 18w, https:\/\/karchershop.az\/wp-content\/uploads\/2023\/07\/globale-zusammenarbeit-64x32.webp 64w\" sizes=\"(max-width: 400px) 100vw, 400px\" \/><\/figure>\n\n<h3 class=\"wp-block-heading has-text-align-center\">T\u018fS\u0130RL\u018fNM\u018fL\u0130<\/h3>\n\n<p class=\"has-text-align-center\">Biz birlikd\u0259 t\u0259miz d\u00fcnyaya g\u00fccl\u00fc t\u0259sir g\u00f6st\u0259ririk. Sabit bir ail\u0259 \u015firk\u0259ti olaraq daha yax\u015f\u0131 g\u0259l\u0259c\u0259y\u0259 t\u00f6hf\u0259 verm\u0259k bizim \u00fc\u00e7\u00fcn vacibdir. Buna g\u00f6r\u0259 d\u0259 biz i\u015f\u00e7il\u0259rimiz\u0259 v\u0259 i\u015f axtaranlara insanlar, \u0259traf m\u00fchit v\u0259 c\u0259miyy\u0259timiz \u00fc\u00e7\u00fcn m\u0259suliyy\u0259t da\u015f\u0131yacaqlar\u0131na s\u00f6z veririk.<\/p><\/div>\n\n<div class=\"wp-block-column is-layout-flow wp-block-column-is-layout-flow\"><figure class=\"wp-block-image size-full is-resized\"><img decoding=\"async\" src=\"https:\/\/karchershop.az\/wp-content\/uploads\/2023\/07\/kennenlernnachmittag.webp\" alt=\"\" class=\"wp-image-9782\" width=\"400\" height=\"200\" srcset=\"https:\/\/karchershop.az\/wp-content\/uploads\/2023\/07\/kennenlernnachmittag.webp 400w, https:\/\/karchershop.az\/wp-content\/uploads\/2023\/07\/kennenlernnachmittag-18x9.webp 18w, https:\/\/karchershop.az\/wp-content\/uploads\/2023\/07\/kennenlernnachmittag-64x32.webp 64w\" sizes=\"(max-width: 400px) 100vw, 400px\" \/><\/figure>\n\n<h3 class=\"wp-block-heading has-text-align-center\">\u015e\u018fXS\u0130 \u0130NK\u0130\u015eAF<\/h3>\n\n<p class=\"has-text-align-center\">Biz az dan\u0131\u015fma\u011fa, daha \u00e7ox c\u0259hd etm\u0259y\u0259 v\u0259 \u0259n \u0259sas\u0131 etm\u0259y\u0259 inan\u0131r\u0131q. Davaml\u0131 \u00f6yr\u0259nm\u0259 v\u0259 bacar\u0131q v\u0259 bacar\u0131qlar\u0131n davaml\u0131 inki\u015faf\u0131 bizim \u00fc\u00e7\u00fcn vacibdir.<\/p><\/div>\n\n<div class=\"wp-block-column is-layout-flow wp-block-column-is-layout-flow\"><figure class=\"wp-block-image size-full\"><img decoding=\"async\" width=\"400\" height=\"200\" src=\"https:\/\/karchershop.az\/wp-content\/uploads\/2023\/07\/wow-deals.webp\" alt=\"\" class=\"wp-image-9784\" srcset=\"https:\/\/karchershop.az\/wp-content\/uploads\/2023\/07\/wow-deals.webp 400w, https:\/\/karchershop.az\/wp-content\/uploads\/2023\/07\/wow-deals-18x9.webp 18w, https:\/\/karchershop.az\/wp-content\/uploads\/2023\/07\/wow-deals-64x32.webp 64w\" sizes=\"(max-width: 400px) 100vw, 400px\" \/><\/figure>\n\n<h3 class=\"wp-block-heading has-text-align-center\">WOW DEALS<\/h3>\n\n<p class=\"has-text-align-center\">B\u00fct\u00fcn m\u0259hsul \u00e7e\u015fidimizd\u0259 i\u015f\u00e7i endiriml\u0259ri, h\u0259m\u00e7inin \u0259lav\u0259 WOW m\u00f6vs\u00fcmi t\u0259klifl\u0259ri \u0259m\u0259kda\u015flar\u0131m\u0131z\u0131 m\u00fcnt\u0259z\u0259m olaraq evl\u0259rind\u0259 \u0259n \u00e7ox K\u00e4rcher m\u0259hsullar\u0131 u\u011frunda yar\u0131\u015fma\u011fa h\u0259v\u0259sl\u0259ndirir.<\/p><\/div><\/div>","protected":false},"excerpt":{"rendered":"<p>\u041d\u0430 \u0447\u0442\u043e \u043c\u043e\u0433\u0443\u0442 \u0440\u0430\u0441\u0441\u0447\u0438\u0442\u044b\u0432\u0430\u0442\u044c \u0441\u043e\u0442\u0440\u0443\u0434\u043d\u0438\u043a\u0438 K\u00e4rcher? \u041c\u044b \u0445\u043e\u0442\u0438\u043c \u0434\u0430\u0442\u044c \u043a\u0430\u0436\u0434\u043e\u043c\u0443 \u0432\u043e\u0437\u043c\u043e\u0436\u043d\u043e\u0441\u0442\u044c \u0434\u0435\u043b\u0430\u0442\u044c, \u0442\u0432\u043e\u0440\u0438\u0442\u044c, \u0432\u0432\u043e\u0434\u0438\u0442\u044c \u043d\u043e\u0432\u0448\u0435\u0441\u0442\u0432\u0430, \u0430 \u0442\u0430\u043a\u0436\u0435 \u0441\u043b\u0435\u0434\u043e\u0432\u0430\u0442\u044c \u043f\u0440\u0438\u043d\u0446\u0438\u043f\u0443 \u043f\u0440\u043e\u0431 \u0438 \u043e\u0448\u0438\u0431\u043e\u043a. \u041c\u044b \u0432\u0435\u0440\u0438\u043c \u0432 \u0442\u043e, \u0447\u0442\u043e \u043d\u0443\u0436\u043d\u043e \u043c\u0435\u043d\u044c\u0448\u0435 \u0433\u043e\u0432\u043e\u0440\u0438\u0442\u044c, \u0431\u043e\u043b\u044c\u0448\u0435 \u043f\u044b\u0442\u0430\u0442\u044c\u0441\u044f \u0438, \u0441\u0430\u043c\u043e\u0435 \u0433\u043b\u0430\u0432\u043d\u043e\u0435, \u0434\u0435\u043b\u0430\u0442\u044c. \u0421 \u0442\u0435\u043c, \u0447\u0442\u043e \u043c\u044b \u043f\u0440\u0435\u0434\u043b\u0430\u0433\u0430\u0435\u043c, \u043c\u044b \u0445\u043e\u0442\u0438\u043c \u0441\u043e\u0437\u0434\u0430\u0432\u0430\u0442\u044c \u0431\u043e\u043b\u044c\u0448\u0438\u0435 \u0438 \u043c\u0430\u043b\u0435\u043d\u044c\u043a\u0438\u0435 WOW-\u043c\u043e\u043c\u0435\u043d\u0442\u044b, \u043a\u043e\u0442\u043e\u0440\u044b\u0435 \u0442\u0430\u043a \u0436\u0435 \u0443\u043d\u0438\u043a\u0430\u043b\u044c\u043d\u044b, \u043a\u0430\u043a \u043d\u0430\u0448\u0438 K\u00e4rcher [&hellip;]<\/p>\n","protected":false},"author":281,"featured_media":0,"parent":9706,"menu_order":0,"comment_status":"closed","ping_status":"closed","template":"template-fullwidth.php","meta":{"footnotes":""},"class_list":["post-9777","page","type-page","status-publish","hentry"],"_links":{"self":[{"href":"https:\/\/karchershop.az\/az\/wp-json\/wp\/v2\/pages\/9777","targetHints":{"allow":["GET"]}}],"collection":[{"href":"https:\/\/karchershop.az\/az\/wp-json\/wp\/v2\/pages"}],"about":[{"href":"https:\/\/karchershop.az\/az\/wp-json\/wp\/v2\/types\/page"}],"author":[{"embeddable":true,"href":"https:\/\/karchershop.az\/az\/wp-json\/wp\/v2\/users\/281"}],"replies":[{"embeddable":true,"href":"https:\/\/karchershop.az\/az\/wp-json\/wp\/v2\/comments?post=9777"}],"version-history":[{"count":3,"href":"https:\/\/karchershop.az\/az\/wp-json\/wp\/v2\/pages\/9777\/revisions"}],"predecessor-version":[{"id":9788,"href":"https:\/\/karchershop.az\/az\/wp-json\/wp\/v2\/pages\/9777\/revisions\/9788"}],"up":[{"embeddable":true,"href":"https:\/\/karchershop.az\/az\/wp-json\/wp\/v2\/pages\/9706"}],"wp:attachment":[{"href":"https:\/\/karchershop.az\/az\/wp-json\/wp\/v2\/media?parent=9777"}],"curies":[{"name":"wp","href":"https:\/\/api.w.org\/{rel}","templated":true}]}}