{"id":1028,"date":"2020-04-29T11:01:08","date_gmt":"2020-04-29T07:01:08","guid":{"rendered":"https:\/\/karchershop.az\/?post_type=product&#038;p=1028"},"modified":"2026-05-01T21:35:17","modified_gmt":"2026-05-01T17:35:17","slug":"fc-5","status":"publish","type":"product","link":"https:\/\/karchershop.az\/az\/home-garden\/tehnika-dlya-vlazhnoj-uborki-pola\/fc-5","title":{"rendered":"FC 5"},"content":{"rendered":"<p>Yuyucu mop FC 5 n\u0259m t\u0259mizl\u0259m\u0259 cihaz\u0131d\u0131r v\u0259 bir ke\u00e7idd\u0259 s\u0259rt d\u00f6\u015f\u0259m\u0259 \u00f6rt\u00fckl\u0259rini tez v\u0259 h\u0259rt\u0259r\u0259fli t\u0259mizl\u0259m\u0259y\u0259 imkan ver\u0259c\u0259kdir! Ya\u015f mikrofiber \u00e7arxlar kiri t\u0259mizl\u0259yir, roller yast\u0131qlar\u0131 is\u0259 b\u00fct\u00fcn kiri x\u00fcsusi konteyner\u0259 udur. \u018fn\u0259n\u0259vi t\u0259mizl\u0259m\u0259 \u00fcsullar\u0131 il\u0259 m\u00fcqayis\u0259d\u0259 85% daha az su istifad\u0259 edilir v\u0259 \u00e7irkli su konteyner\u0259 soruldu\u011fu \u00fc\u00e7\u00fcn t\u0259mizl\u0259m\u0259 n\u0259tic\u0259l\u0259ri daha yax\u015f\u0131d\u0131r. B\u00fct\u00fcn n\u00f6v s\u0259rt d\u00f6\u015f\u0259m\u0259l\u0259rd\u0259 istifad\u0259 edil\u0259 bil\u0259r: taxta, PVC v\u0259 ya kafel.<\/p>","protected":false},"excerpt":{"rendered":"<p>Yuyucu mop FC 5, mikrofiber rulonlarla n\u0259m d\u00f6\u015f\u0259m\u0259nin t\u0259mizl\u0259nm\u0259si \u00fc\u00e7\u00fcn cihaz, eyni zamanda n\u0259m t\u0259mizl\u0259m\u0259y\u0259 v\u0259 kir v\u0259 zibilin sorulmas\u0131na imkan ver\u0259n 2 funksiyan\u0131 birl\u0259\u015fdirir.<\/p>","protected":false},"featured_media":1029,"comment_status":"open","ping_status":"closed","template":"","meta":[],"product_cat":[15,181],"product_tag":[267],"class_list":{"0":"post-1028","1":"product","2":"type-product","3":"status-publish","4":"has-post-thumbnail","6":"product_cat-home-garden","7":"product_cat-tehnika-dlya-vlazhnoj-uborki-pola","8":"product_tag-tehnika-dlya-vlazhnoj-uborki-pola","10":"first","11":"outofstock","12":"shipping-taxable","13":"purchasable","14":"product-type-simple"},"_links":{"self":[{"href":"https:\/\/karchershop.az\/az\/wp-json\/wp\/v2\/product\/1028","targetHints":{"allow":["GET"]}}],"collection":[{"href":"https:\/\/karchershop.az\/az\/wp-json\/wp\/v2\/product"}],"about":[{"href":"https:\/\/karchershop.az\/az\/wp-json\/wp\/v2\/types\/product"}],"replies":[{"embeddable":true,"href":"https:\/\/karchershop.az\/az\/wp-json\/wp\/v2\/comments?post=1028"}],"wp:featuredmedia":[{"embeddable":true,"href":"https:\/\/karchershop.az\/az\/wp-json\/wp\/v2\/media\/1029"}],"wp:attachment":[{"href":"https:\/\/karchershop.az\/az\/wp-json\/wp\/v2\/media?parent=1028"}],"wp:term":[{"taxonomy":"product_cat","embeddable":true,"href":"https:\/\/karchershop.az\/az\/wp-json\/wp\/v2\/product_cat?post=1028"},{"taxonomy":"product_tag","embeddable":true,"href":"https:\/\/karchershop.az\/az\/wp-json\/wp\/v2\/product_tag?post=1028"}],"curies":[{"name":"wp","href":"https:\/\/api.w.org\/{rel}","templated":true}]}}