{"id":1051,"date":"2020-04-29T11:19:03","date_gmt":"2020-04-29T07:19:03","guid":{"rendered":"https:\/\/karchershop.az\/?post_type=product&#038;p=1051"},"modified":"2026-05-01T21:35:17","modified_gmt":"2026-05-01T17:35:17","slug":"komplekt-seryh-valikov-fc-5","status":"publish","type":"product","link":"https:\/\/karchershop.az\/az\/home-garden\/komplekt-seryh-valikov-fc-5","title":{"rendered":"Set of rollers grey set grau"},"content":{"rendered":"<p>\"2-si 1-d\u0259\" t\u0259mizl\u0259nm\u0259si: Ya\u015f d\u00f6\u015f\u0259m\u0259ni t\u0259mizl\u0259m\u0259k \u00fc\u00e7\u00fcn tozsoran \u00fc\u00e7\u00fcn 2 mikrofiber diyirc\u0259kl\u0259r f\u0131r\u00e7as\u0131 ist\u0259nil\u0259n s\u0259rt d\u00f6\u015f\u0259m\u0259l\u0259rd\u0259 - parketd\u0259 d\u0259 \u0259la n\u0259tic\u0259 verir. Absorbent lintsiz silindirl\u0259r v\u0259 \u00e7ox a\u015f\u0131nmaya davaml\u0131d\u0131r. \u00c7arxlar\u0131n f\u0259rqli r\u0259ngl\u0259ri say\u0259sind\u0259 onlar\u0131 ay\u0131rmaq asand\u0131r v\u0259 onlar m\u00fcxt\u0259lif tap\u015f\u0131r\u0131qlarda, m\u0259s\u0259l\u0259n, banyoda biri, dig\u0259ri is\u0259 m\u0259tb\u0259xd\u0259 istifad\u0259 edil\u0259 bil\u0259r. \u00c7arxlar 60 \u00b0 C-y\u0259 q\u0259d\u0259r olan temperaturda bir paltaryuyan ma\u015f\u0131nda t\u0259mizl\u0259n\u0259 bil\u0259r.<\/p>","protected":false},"excerpt":{"rendered":"<p>H\u0259r hans\u0131 bir s\u0259rt \u00f6rt\u00fckl\u0259rin yum\u015faq n\u0259m t\u0259mizl\u0259nm\u0259si v\u0259 onlara qulluq \u00fc\u00e7\u00fcn 2 mikrofiber diyirc\u0259kli f\u0131r\u00e7alar\u0131. A\u015f\u0131nmaya davaml\u0131d\u0131r, n\u0259mini yax\u015f\u0131 m\u0259nims\u0259yir v\u0259 lif buraxmay\u0131r. Paltaryuyan ma\u015f\u0131nda 60 \u00b0 C-y\u0259 q\u0259d\u0259r olan temperaturda t\u0259mizl\u0259nm\u0259y\u0259 icaz\u0259 verin.<\/p>","protected":false},"featured_media":1052,"comment_status":"open","ping_status":"closed","template":"","meta":[],"product_cat":[15],"product_tag":[267],"class_list":{"0":"post-1051","1":"product","2":"type-product","3":"status-publish","4":"has-post-thumbnail","6":"product_cat-home-garden","7":"product_tag-tehnika-dlya-vlazhnoj-uborki-pola","9":"first","10":"instock","11":"shipping-taxable","12":"purchasable","13":"product-type-simple"},"_links":{"self":[{"href":"https:\/\/karchershop.az\/az\/wp-json\/wp\/v2\/product\/1051","targetHints":{"allow":["GET"]}}],"collection":[{"href":"https:\/\/karchershop.az\/az\/wp-json\/wp\/v2\/product"}],"about":[{"href":"https:\/\/karchershop.az\/az\/wp-json\/wp\/v2\/types\/product"}],"replies":[{"embeddable":true,"href":"https:\/\/karchershop.az\/az\/wp-json\/wp\/v2\/comments?post=1051"}],"wp:featuredmedia":[{"embeddable":true,"href":"https:\/\/karchershop.az\/az\/wp-json\/wp\/v2\/media\/1052"}],"wp:attachment":[{"href":"https:\/\/karchershop.az\/az\/wp-json\/wp\/v2\/media?parent=1051"}],"wp:term":[{"taxonomy":"product_cat","embeddable":true,"href":"https:\/\/karchershop.az\/az\/wp-json\/wp\/v2\/product_cat?post=1051"},{"taxonomy":"product_tag","embeddable":true,"href":"https:\/\/karchershop.az\/az\/wp-json\/wp\/v2\/product_tag?post=1051"}],"curies":[{"name":"wp","href":"https:\/\/api.w.org\/{rel}","templated":true}]}}