{"id":1053,"date":"2020-04-29T11:20:59","date_gmt":"2020-04-29T07:20:59","guid":{"rendered":"https:\/\/karchershop.az\/?post_type=product&#038;p=1053"},"modified":"2026-05-01T21:35:17","modified_gmt":"2026-05-01T17:35:17","slug":"rm-536-sredstvo-universalnoe-dlya-fc-500-ml","status":"publish","type":"product","link":"https:\/\/karchershop.az\/az\/home-garden\/moyushhie-sredstva-karcher\/rm-536-sredstvo-universalnoe-dlya-fc-500-ml","title":{"rendered":"Universal d\u00f6\u015f\u0259m\u0259 t\u0259mizl\u0259yicisi RM 536, 500 ml"},"content":{"rendered":"<p>Universal s\u0259rt d\u00f6\u015f\u0259m\u0259 t\u0259mizl\u0259yicisi RM 536, 500 ml, b\u00fct\u00fcn s\u0259rt d\u00f6\u015f\u0259m\u0259l\u0259ri h\u0259rt\u0259r\u0259fli t\u0259mizl\u0259m\u0259k \u00fc\u00e7\u00fcn n\u0259z\u0259rd\u0259 tutulub. Ayaq izl\u0259rini zolaqlar v\u0259 ya izl\u0259r qoymadan t\u0259mizl\u0259yir. D\u00f6\u015f\u0259m\u0259nin islanmas\u0131n\u0131n qar\u015f\u0131s\u0131n\u0131 alan n\u0259m it\u0259l\u0259yici komponent v\u0259 limon qoxusu ehtiva edir.<\/p>","protected":false},"excerpt":{"rendered":"<p>\u0130st\u0259nil\u0259n b\u0259rk bir d\u00f6\u015f\u0259m\u0259 \u00fc\u00e7\u00fcn: RM 536 universal d\u00f6\u015f\u0259m\u0259 t\u0259mizl\u0259yicisi. Ayaq izl\u0259rini silir v\u0259 eyni zamanda zolaqlar v\u0259 l\u0259k\u0259l\u0259r buraxm\u0131r. R\u00fctub\u0259t v\u0259 \u015fi\u015fkinliyi v\u0259 limonun qoxusunu qar\u015f\u0131s\u0131n\u0131 alan n\u0259md\u0259n qoruyucu bir komponent il\u0259.<\/p>","protected":false},"featured_media":15806,"comment_status":"open","ping_status":"closed","template":"","meta":[],"product_cat":[15,186],"product_tag":[267],"class_list":{"0":"post-1053","1":"product","2":"type-product","3":"status-publish","4":"has-post-thumbnail","6":"product_cat-home-garden","7":"product_cat-moyushhie-sredstva-karcher","8":"product_tag-tehnika-dlya-vlazhnoj-uborki-pola","10":"first","11":"instock","12":"shipping-taxable","13":"purchasable","14":"product-type-simple"},"_links":{"self":[{"href":"https:\/\/karchershop.az\/az\/wp-json\/wp\/v2\/product\/1053","targetHints":{"allow":["GET"]}}],"collection":[{"href":"https:\/\/karchershop.az\/az\/wp-json\/wp\/v2\/product"}],"about":[{"href":"https:\/\/karchershop.az\/az\/wp-json\/wp\/v2\/types\/product"}],"replies":[{"embeddable":true,"href":"https:\/\/karchershop.az\/az\/wp-json\/wp\/v2\/comments?post=1053"}],"wp:featuredmedia":[{"embeddable":true,"href":"https:\/\/karchershop.az\/az\/wp-json\/wp\/v2\/media\/15806"}],"wp:attachment":[{"href":"https:\/\/karchershop.az\/az\/wp-json\/wp\/v2\/media?parent=1053"}],"wp:term":[{"taxonomy":"product_cat","embeddable":true,"href":"https:\/\/karchershop.az\/az\/wp-json\/wp\/v2\/product_cat?post=1053"},{"taxonomy":"product_tag","embeddable":true,"href":"https:\/\/karchershop.az\/az\/wp-json\/wp\/v2\/product_tag?post=1053"}],"curies":[{"name":"wp","href":"https:\/\/api.w.org\/{rel}","templated":true}]}}