{"id":1061,"date":"2020-04-29T11:28:01","date_gmt":"2020-04-29T07:28:01","guid":{"rendered":"https:\/\/karchershop.az\/?post_type=product&#038;p=1061"},"modified":"2026-05-01T21:35:18","modified_gmt":"2026-05-01T17:35:18","slug":"sredstvo-dlya-uhoda-za-voshhenymi-derevyannymi-polami-rm-535","status":"publish","type":"product","link":"https:\/\/karchershop.az\/az\/home-garden\/moyushhie-sredstva-karcher\/sredstvo-dlya-uhoda-za-voshhenymi-derevyannymi-polami-rm-535","title":{"rendered":"RM 535 Mumlu Taxta D\u00f6\u015f\u0259m\u0259 Bax\u0131m\u0131 - Az\u0259rbaycan"},"content":{"rendered":"<p>\u0421\u0442\u0438\u0440\u0430\u043b\u044c\u043d\u044b\u0439 \u043f\u043e\u0440\u043e\u0448\u043e\u043a RM 535 \u043e\u0447\u0438\u0449\u0430\u0435\u0442, \u0443\u0445\u0430\u0436\u0438\u0432\u0430\u0435\u0442 \u0438 \u0437\u0430\u0449\u0438\u0449\u0430\u0435\u0442 \u0434\u0435\u0440\u0435\u0432\u044f\u043d\u043d\u044b\u0435 \u043f\u043e\u043b\u044b, \u043f\u043e\u043a\u0440\u044b\u0442\u044b\u0435 \u043c\u0430\u0441\u043b\u043e\u043c \u0438 \u0432\u043e\u0441\u043a\u043e\u043c, \u043e\u0441\u0442\u0430\u0432\u043b\u044f\u044f \u0448\u0435\u043b\u043a\u043e\u0432\u0438\u0441\u0442\u043e-\u043c\u0430\u0442\u043e\u0432\u044b\u0439 \u0431\u043b\u0435\u0441\u043a \u0431\u0435\u0437 \u0440\u0430\u0437\u0432\u043e\u0434\u043e\u0432 \u0438 \u043d\u0435\u043e\u0431\u0445\u043e\u0434\u0438\u043c\u043e\u0441\u0442\u0438 \u043f\u0440\u043e\u0442\u0438\u0440\u0430\u043d\u0438\u044f \u043f\u043e\u0441\u043b\u0435 \u0438\u0441\u043f\u043e\u043b\u044c\u0437\u043e\u0432\u0430\u043d\u0438\u044f. \u041f\u0440\u0438\u044f\u0442\u043d\u044b\u0439 \u0430\u0440\u043e\u043c\u0430\u0442 \u043f\u0447\u0435\u043b\u0438\u043d\u043e\u0433\u043e \u0432\u043e\u0441\u043a\u0430.<\/p>","protected":false},"excerpt":{"rendered":"<p>D\u00f6\u015f\u0259m\u0259 Bax\u0131m\u0131 RM 535 ya\u011f v\u0259 mumla hopdurulmu\u015f taxta d\u00f6\u015f\u0259m\u0259l\u0259ri t\u0259mizl\u0259yir, qulluq edir v\u0259 qoruyur, iz buraxm\u0131r v\u0259 tutqun v\u0259 ip\u0259k par\u0131lt\u0131 verir. Son m\u0259rt\u0259b\u0259nin silm\u0259sini t\u0259l\u0259b etmir. Ar\u0131 mumunun xo\u015f bir qoxusu il\u0259.<\/p>","protected":false},"featured_media":15808,"comment_status":"open","ping_status":"closed","template":"","meta":[],"product_cat":[15,186],"product_tag":[267],"class_list":{"0":"post-1061","1":"product","2":"type-product","3":"status-publish","4":"has-post-thumbnail","6":"product_cat-home-garden","7":"product_cat-moyushhie-sredstva-karcher","8":"product_tag-tehnika-dlya-vlazhnoj-uborki-pola","10":"first","11":"instock","12":"shipping-taxable","13":"purchasable","14":"product-type-simple"},"_links":{"self":[{"href":"https:\/\/karchershop.az\/az\/wp-json\/wp\/v2\/product\/1061","targetHints":{"allow":["GET"]}}],"collection":[{"href":"https:\/\/karchershop.az\/az\/wp-json\/wp\/v2\/product"}],"about":[{"href":"https:\/\/karchershop.az\/az\/wp-json\/wp\/v2\/types\/product"}],"replies":[{"embeddable":true,"href":"https:\/\/karchershop.az\/az\/wp-json\/wp\/v2\/comments?post=1061"}],"wp:featuredmedia":[{"embeddable":true,"href":"https:\/\/karchershop.az\/az\/wp-json\/wp\/v2\/media\/15808"}],"wp:attachment":[{"href":"https:\/\/karchershop.az\/az\/wp-json\/wp\/v2\/media?parent=1061"}],"wp:term":[{"taxonomy":"product_cat","embeddable":true,"href":"https:\/\/karchershop.az\/az\/wp-json\/wp\/v2\/product_cat?post=1061"},{"taxonomy":"product_tag","embeddable":true,"href":"https:\/\/karchershop.az\/az\/wp-json\/wp\/v2\/product_tag?post=1061"}],"curies":[{"name":"wp","href":"https:\/\/api.w.org\/{rel}","templated":true}]}}