{"id":1065,"date":"2020-04-29T11:29:13","date_gmt":"2020-04-29T07:29:13","guid":{"rendered":"https:\/\/karchershop.az\/?post_type=product&#038;p=1065"},"modified":"2026-05-01T21:35:18","modified_gmt":"2026-05-01T17:35:18","slug":"rm-534-sredstvo-dlya-derevyannyh-polov-dlya-fc-500-ml","status":"publish","type":"product","link":"https:\/\/karchershop.az\/az\/home-garden\/moyushhie-sredstva-karcher\/rm-534-sredstvo-dlya-derevyannyh-polov-dlya-fc-500-ml","title":{"rendered":"\u0421\u0440\u0435\u0434\u0441\u0442\u0432\u043e \u0434\u043b\u044f \u0443\u0445\u043e\u0434\u0430 \u0437\u0430 \u043b\u0430\u043a\u0438\u0440\u043e\u0432\u0430\u043d\u043d\u044b\u043c\u0438 \u0434\u0435\u0440\u0435\u0432\u044f\u043d\u043d\u044b\u043c\u0438 \u043f\u043e\u043b\u0430\u043c\u0438 RM 534, 500\u043c\u043b"},"content":{"rendered":"<p><strong>\u041f\u0440\u0438\u043c\u0435\u043d\u0435\u043d\u0438\u0435:<\/strong>\u00a0\u0412 \u0430\u043f\u043f\u0430\u0440\u0430\u0442\u0435 \u0434\u043b\u044f \u0432\u043b\u0430\u0436\u043d\u043e\u0439 \u0443\u0431\u043e\u0440\u043a\u0438 \u043f\u043e\u043b\u0430: \u0437\u0430\u043f\u043e\u043b\u043d\u0438\u0442\u044c \u0431\u0430\u0447\u043e\u043a \u0434\u043b\u044f \u0447\u0438\u0441\u0442\u043e\u0439 \u0432\u043e\u0434\u044b, \u0434\u043e\u0431\u0430\u0432\u0438\u0442\u044c \u0432 \u043d\u0435\u0433\u043e \u043e\u0442 1\/4 \u0434\u043e 1\/2 \u043a\u043e\u043b\u043f\u0430\u0447\u043a\u0430 \u0441\u0440\u0435\u0434\u0441\u0442\u0432\u0430. \u041f\u0440\u0438 \u0440\u0443\u0447\u043d\u043e\u0439 \u0443\u0431\u043e\u0440\u043a\u0435: \u043f\u0440\u043e\u043f\u044b\u043b\u0435\u0441\u043e\u0441\u0438\u0442\u044c \u043f\u043e\u043b, \u0434\u043e\u0431\u0430\u0432\u0438\u0442\u044c 2-3 \u043a\u043e\u043b\u043f\u0430\u0447\u043a\u0430 \u0441\u0440\u0435\u0434\u0441\u0442\u0432\u0430 \u043d\u0430 5 \u043b\u0438\u0442\u0440\u043e\u0432 \u0432\u043e\u0434\u044b \u0438 \u043f\u0440\u043e\u0442\u0438\u0440\u0430\u0442\u044c \u043f\u043e\u043b \u0448\u0432\u0430\u0431\u0440\u043e\u0439, \u0441\u043b\u0435\u0433\u043a\u0430 \u0443\u0432\u043b\u0430\u0436\u043d\u0435\u043d\u043d\u043e\u0439 \u043f\u043e\u043b\u0443\u0447\u0435\u043d\u043d\u044b\u043c \u0440\u0430\u0441\u0442\u0432\u043e\u0440\u043e\u043c.<\/p>","protected":false},"excerpt":{"rendered":"<p>Qoruyucu bir \u00f6rt\u00fck il\u0259 s\u0259rt d\u00f6\u015f\u0259m\u0259l\u0259rin yum\u015faq v\u0259 h\u0259rt\u0259r\u0259fli t\u0259mizl\u0259nm\u0259si, t\u0259rav\u0259tl\u0259nm\u0259si v\u0259 qorunmas\u0131 \u00fc\u00e7\u00fcn. N\u0259m v\u0259 \u015fi\u015fkinliyin qar\u015f\u0131s\u0131n\u0131 alan t\u0259sirli n\u0259m\u0259 davaml\u0131 bir komponent il\u0259. T\u0259z\u0259 limon qoxusu il\u0259.<\/p>","protected":false},"featured_media":15809,"comment_status":"open","ping_status":"closed","template":"","meta":[],"product_cat":[15,186],"product_tag":[267],"class_list":{"0":"post-1065","1":"product","2":"type-product","3":"status-publish","4":"has-post-thumbnail","6":"product_cat-home-garden","7":"product_cat-moyushhie-sredstva-karcher","8":"product_tag-tehnika-dlya-vlazhnoj-uborki-pola","10":"first","11":"instock","12":"shipping-taxable","13":"purchasable","14":"product-type-simple"},"_links":{"self":[{"href":"https:\/\/karchershop.az\/az\/wp-json\/wp\/v2\/product\/1065","targetHints":{"allow":["GET"]}}],"collection":[{"href":"https:\/\/karchershop.az\/az\/wp-json\/wp\/v2\/product"}],"about":[{"href":"https:\/\/karchershop.az\/az\/wp-json\/wp\/v2\/types\/product"}],"replies":[{"embeddable":true,"href":"https:\/\/karchershop.az\/az\/wp-json\/wp\/v2\/comments?post=1065"}],"wp:featuredmedia":[{"embeddable":true,"href":"https:\/\/karchershop.az\/az\/wp-json\/wp\/v2\/media\/15809"}],"wp:attachment":[{"href":"https:\/\/karchershop.az\/az\/wp-json\/wp\/v2\/media?parent=1065"}],"wp:term":[{"taxonomy":"product_cat","embeddable":true,"href":"https:\/\/karchershop.az\/az\/wp-json\/wp\/v2\/product_cat?post=1065"},{"taxonomy":"product_tag","embeddable":true,"href":"https:\/\/karchershop.az\/az\/wp-json\/wp\/v2\/product_tag?post=1065"}],"curies":[{"name":"wp","href":"https:\/\/api.w.org\/{rel}","templated":true}]}}