{"id":1069,"date":"2020-04-29T11:38:02","date_gmt":"2020-04-29T07:38:02","guid":{"rendered":"https:\/\/karchershop.az\/?post_type=product&#038;p=1069"},"modified":"2026-05-01T21:35:19","modified_gmt":"2026-05-01T17:35:19","slug":"wv-1","status":"publish","type":"product","link":"https:\/\/karchershop.az\/az\/home-garden\/okonnye-pylesosy\/wv-1","title":{"rendered":"WV 1 PLUS"},"content":{"rendered":"","protected":false},"excerpt":{"rendered":"<p>\u015e\u00fc\u015f\u0259 yuyan t\u0259mizl\u0259yici tozsoran, p\u0259nc\u0259r\u0259 sil\u0259n aparat Karcher WV 1 \u015f\u00fc\u015f\u0259l\u0259ri s\u0259y, l\u0259k\u0259 olmadan v\u0259 adi t\u0259mizl\u0259m\u0259 \u00fcsulundan 3 qat daha s\u00fcr\u0259tli t\u0259mizl\u0259yin. Karcher-d\u0259n WV 1 \u015f\u00fc\u015f\u0259 t\u0259mizl\u0259yici.<\/p>","protected":false},"featured_media":13192,"comment_status":"open","ping_status":"closed","template":"","meta":[],"product_cat":[15,183],"product_tag":[254],"class_list":{"0":"post-1069","1":"product","2":"type-product","3":"status-publish","4":"has-post-thumbnail","6":"product_cat-home-garden","7":"product_cat-okonnye-pylesosy","8":"product_tag-okonnye-pylesosy","10":"first","11":"instock","12":"shipping-taxable","13":"purchasable","14":"product-type-simple"},"_links":{"self":[{"href":"https:\/\/karchershop.az\/az\/wp-json\/wp\/v2\/product\/1069","targetHints":{"allow":["GET"]}}],"collection":[{"href":"https:\/\/karchershop.az\/az\/wp-json\/wp\/v2\/product"}],"about":[{"href":"https:\/\/karchershop.az\/az\/wp-json\/wp\/v2\/types\/product"}],"replies":[{"embeddable":true,"href":"https:\/\/karchershop.az\/az\/wp-json\/wp\/v2\/comments?post=1069"}],"wp:featuredmedia":[{"embeddable":true,"href":"https:\/\/karchershop.az\/az\/wp-json\/wp\/v2\/media\/13192"}],"wp:attachment":[{"href":"https:\/\/karchershop.az\/az\/wp-json\/wp\/v2\/media?parent=1069"}],"wp:term":[{"taxonomy":"product_cat","embeddable":true,"href":"https:\/\/karchershop.az\/az\/wp-json\/wp\/v2\/product_cat?post=1069"},{"taxonomy":"product_tag","embeddable":true,"href":"https:\/\/karchershop.az\/az\/wp-json\/wp\/v2\/product_tag?post=1069"}],"curies":[{"name":"wp","href":"https:\/\/api.w.org\/{rel}","templated":true}]}}