{"id":1102,"date":"2020-04-29T13:49:59","date_gmt":"2020-04-29T09:49:59","guid":{"rendered":"https:\/\/karchershop.az\/?post_type=product&#038;p=1102"},"modified":"2026-05-01T21:35:20","modified_gmt":"2026-05-01T17:35:20","slug":"wv-2-plus","status":"publish","type":"product","link":"https:\/\/karchershop.az\/az\/home-garden\/okonnye-pylesosy\/wv-2-plus","title":{"rendered":"WV 2 Plus"},"content":{"rendered":"<p>Ayna yuyan WV 2 Plus tozsoran\u0131 simsiz ayna tozsoran\u0131 il\u0259 aynan\u0131n t\u0259mizl\u0259nm\u0259sind\u0259 inqilab edir. Ayna tozsoran\u0131 \u00e7irkli suyu \u00f6z\u00fcn\u0259 \u00e7\u0259kir, ona g\u00f6r\u0259 d\u0259 \u015f\u00fc\u015f\u0259d\u0259 he\u00e7 bir l\u0259k\u0259 v\u0259 ya zolaq qalm\u0131r. T\u0259mizl\u0259yici madd\u0259 v\u0259 mikrofiber \u00f6rt\u00fcy\u00fc olan sprey \u015f\u00fc\u015f\u0259si aynan\u0131n v\u0259 g\u00fczg\u00fc s\u0259thl\u0259rinin effektiv t\u0259mizl\u0259nm\u0259sini t\u0259min edir.<\/p>","protected":false},"excerpt":{"rendered":"<p>Ayna yuyan tozsoran WV 2 Plus aynan\u0131n \u00e7irkli su l\u0259k\u0259l\u0259ri v\u0259 izl\u0259ri olmadan t\u0259mizl\u0259nm\u0259si - Karcher'in orijinal WV 2 Plus naqilsiz ayna tozsoran\u0131 say\u0259sind\u0259 bu proses d\u0259f\u0259l\u0259rl\u0259 daha s\u00fcr\u0259tli v\u0259 daha s\u0259m\u0259r\u0259lidir.<\/p>","protected":false},"featured_media":10805,"comment_status":"open","ping_status":"closed","template":"","meta":[],"product_cat":[15,183],"product_tag":[254],"class_list":{"0":"post-1102","1":"product","2":"type-product","3":"status-publish","4":"has-post-thumbnail","6":"product_cat-home-garden","7":"product_cat-okonnye-pylesosy","8":"product_tag-okonnye-pylesosy","10":"first","11":"outofstock","12":"shipping-taxable","13":"purchasable","14":"product-type-simple"},"_links":{"self":[{"href":"https:\/\/karchershop.az\/az\/wp-json\/wp\/v2\/product\/1102","targetHints":{"allow":["GET"]}}],"collection":[{"href":"https:\/\/karchershop.az\/az\/wp-json\/wp\/v2\/product"}],"about":[{"href":"https:\/\/karchershop.az\/az\/wp-json\/wp\/v2\/types\/product"}],"replies":[{"embeddable":true,"href":"https:\/\/karchershop.az\/az\/wp-json\/wp\/v2\/comments?post=1102"}],"wp:featuredmedia":[{"embeddable":true,"href":"https:\/\/karchershop.az\/az\/wp-json\/wp\/v2\/media\/10805"}],"wp:attachment":[{"href":"https:\/\/karchershop.az\/az\/wp-json\/wp\/v2\/media?parent=1102"}],"wp:term":[{"taxonomy":"product_cat","embeddable":true,"href":"https:\/\/karchershop.az\/az\/wp-json\/wp\/v2\/product_cat?post=1102"},{"taxonomy":"product_tag","embeddable":true,"href":"https:\/\/karchershop.az\/az\/wp-json\/wp\/v2\/product_tag?post=1102"}],"curies":[{"name":"wp","href":"https:\/\/api.w.org\/{rel}","templated":true}]}}