{"id":1121,"date":"2020-04-29T13:57:49","date_gmt":"2020-04-29T09:57:49","guid":{"rendered":"https:\/\/karchershop.az\/?post_type=product&#038;p=1121"},"modified":"2026-05-01T21:35:20","modified_gmt":"2026-05-01T17:35:20","slug":"udlinitelnyj-komplekt","status":"publish","type":"product","link":"https:\/\/karchershop.az\/az\/home-garden\/aksessuary\/aksessuary-dlya-paroochistitelej\/udlinitelnyj-komplekt","title":{"rendered":"Uzad\u0131c\u0131 avadanl\u0131q"},"content":{"rendered":"<p>\u0130ndi h\u00fcnd\u00fcr p\u0259nc\u0259r\u0259l\u0259ri, \u015f\u00fc\u015f\u0259li damlar\u0131 v\u0259 \u00e7\u0259tlikl\u0259 \u0259l \u00e7ata bil\u0259n hamar s\u0259thl\u0259ri art\u0131q rahatl\u0131qla v\u0259 pill\u0259k\u0259nsiz yuyursunuz. \u015e\u00fc\u015f\u0259 sil\u0259nl\u0259r v\u0259 batareya il\u0259 i\u015fl\u0259y\u0259n vibrator t\u0259mizl\u0259yicisi \u00fc\u00e7\u00fcn haz\u0131rlanm\u0131\u015f teleskopik uzad\u0131labil\u0259n d\u0259st say\u0259sind\u0259 m\u00fcmk\u00fcnd\u00fcr. D\u0259stin t\u0259rkibin\u0259 2 \u0259d\u0259d uzad\u0131labil\u0259n boru, silm\u0259k \u00fc\u00e7\u00fcn q\u0259buledici v\u0259 yuyulabil\u0259n mikrofiber ba\u015fl\u0131q daxildir. D\u0259st \u0259lav\u0259 2 metr\u0259 q\u0259d\u0259r bir h\u00fcnd\u00fcrl\u00fck art\u0131rma\u011f\u0131 t\u0259min edir ki, qonaq ota\u011f\u0131n\u0131, vanna ota\u011f\u0131n\u0131 v\u0259 ya q\u0131\u015f ba\u011f\u0131n\u0131 s\u0259ysiz t\u0259mizl\u0259y\u0259 bil\u0259rsiniz. 4 m-lik i\u015f ki\u00e7ik boylu insanlar t\u0259r\u0259find\u0259n yerin\u0259 yetiril\u0259 bil\u0259r.<\/p>","protected":false},"excerpt":{"rendered":"<p>Sil\u0259c\u0259k \u00fc\u00e7\u00fcn teleskopik uzanan\u0131labil\u0259n d\u0259st istifad\u0259 ed\u0259r\u0259k, h\u0259tta y\u00fcks\u0259klikd\u0259 yerl\u0259\u015f\u0259n p\u0259nc\u0259r\u0259l\u0259ri d\u0259 t\u0259mizl\u0259y\u0259 bil\u0259rsiniz.<\/p>","protected":false},"featured_media":1122,"comment_status":"open","ping_status":"closed","template":"","meta":[],"product_cat":[15,183,570],"product_tag":[254],"class_list":{"0":"post-1121","1":"product","2":"type-product","3":"status-publish","4":"has-post-thumbnail","6":"product_cat-home-garden","7":"product_cat-okonnye-pylesosy","8":"product_cat-aksessuary-dlya-paroochistitelej","9":"product_tag-okonnye-pylesosy","11":"first","12":"instock","13":"shipping-taxable","14":"purchasable","15":"product-type-simple"},"_links":{"self":[{"href":"https:\/\/karchershop.az\/az\/wp-json\/wp\/v2\/product\/1121","targetHints":{"allow":["GET"]}}],"collection":[{"href":"https:\/\/karchershop.az\/az\/wp-json\/wp\/v2\/product"}],"about":[{"href":"https:\/\/karchershop.az\/az\/wp-json\/wp\/v2\/types\/product"}],"replies":[{"embeddable":true,"href":"https:\/\/karchershop.az\/az\/wp-json\/wp\/v2\/comments?post=1121"}],"wp:featuredmedia":[{"embeddable":true,"href":"https:\/\/karchershop.az\/az\/wp-json\/wp\/v2\/media\/1122"}],"wp:attachment":[{"href":"https:\/\/karchershop.az\/az\/wp-json\/wp\/v2\/media?parent=1121"}],"wp:term":[{"taxonomy":"product_cat","embeddable":true,"href":"https:\/\/karchershop.az\/az\/wp-json\/wp\/v2\/product_cat?post=1121"},{"taxonomy":"product_tag","embeddable":true,"href":"https:\/\/karchershop.az\/az\/wp-json\/wp\/v2\/product_tag?post=1121"}],"curies":[{"name":"wp","href":"https:\/\/api.w.org\/{rel}","templated":true}]}}