{"id":1124,"date":"2020-04-29T13:58:14","date_gmt":"2020-04-29T09:58:14","guid":{"rendered":"https:\/\/karchershop.az\/?post_type=product&#038;p=1124"},"modified":"2026-05-01T21:35:20","modified_gmt":"2026-05-01T17:35:20","slug":"mikrovolokonnye-obtyazhki-dlya-wv-2-sht","status":"publish","type":"product","link":"https:\/\/karchershop.az\/az\/home-garden\/mikrovolokonnye-obtyazhki-dlya-wv-2-sht","title":{"rendered":"WV \u00fc\u00e7\u00fcn mikrofiber ba\u015fl\u0131qlar (2 \u0259d\u0259d)"},"content":{"rendered":"<p>G\u00fczg\u00fc t\u0259mizl\u0259yicil\u0259r \u00fc\u00e7\u00fcn mikrofiber ba\u015fl\u0131q p\u0259nc\u0259r\u0259l\u0259r, g\u00fczg\u00fcl\u0259r v\u0259 s. kimi hamar s\u0259thl\u0259ri h\u0259rt\u0259r\u0259fli t\u0259mizl\u0259m\u0259y\u0259 imkan verir.<\/p>","protected":false},"excerpt":{"rendered":"<p>\u00c7irkl\u0259rin optimal t\u0259mizl\u0259nm\u0259si \u00fc\u00e7\u00fcn.<\/p>","protected":false},"featured_media":1125,"comment_status":"open","ping_status":"closed","template":"","meta":[],"product_cat":[15],"product_tag":[254],"class_list":{"0":"post-1124","1":"product","2":"type-product","3":"status-publish","4":"has-post-thumbnail","6":"product_cat-home-garden","7":"product_tag-okonnye-pylesosy","9":"first","10":"outofstock","11":"shipping-taxable","12":"purchasable","13":"product-type-simple"},"_links":{"self":[{"href":"https:\/\/karchershop.az\/az\/wp-json\/wp\/v2\/product\/1124","targetHints":{"allow":["GET"]}}],"collection":[{"href":"https:\/\/karchershop.az\/az\/wp-json\/wp\/v2\/product"}],"about":[{"href":"https:\/\/karchershop.az\/az\/wp-json\/wp\/v2\/types\/product"}],"replies":[{"embeddable":true,"href":"https:\/\/karchershop.az\/az\/wp-json\/wp\/v2\/comments?post=1124"}],"wp:featuredmedia":[{"embeddable":true,"href":"https:\/\/karchershop.az\/az\/wp-json\/wp\/v2\/media\/1125"}],"wp:attachment":[{"href":"https:\/\/karchershop.az\/az\/wp-json\/wp\/v2\/media?parent=1124"}],"wp:term":[{"taxonomy":"product_cat","embeddable":true,"href":"https:\/\/karchershop.az\/az\/wp-json\/wp\/v2\/product_cat?post=1124"},{"taxonomy":"product_tag","embeddable":true,"href":"https:\/\/karchershop.az\/az\/wp-json\/wp\/v2\/product_tag?post=1124"}],"curies":[{"name":"wp","href":"https:\/\/api.w.org\/{rel}","templated":true}]}}