{"id":1126,"date":"2020-04-29T14:00:08","date_gmt":"2020-04-29T10:00:08","guid":{"rendered":"https:\/\/karchershop.az\/?post_type=product&#038;p=1126"},"modified":"2026-05-01T21:35:20","modified_gmt":"2026-05-01T17:35:20","slug":"zaryadnoe-ustrojstvo-dlya-wv","status":"publish","type":"product","link":"https:\/\/karchershop.az\/az\/home-garden\/zaryadnoe-ustrojstvo-dlya-wv","title":{"rendered":"WV &amp; KV battery charger *EU"},"content":{"rendered":"<p>WV sil\u0259c\u0259kl\u0259ri \u00fc\u00e7\u00fcn y\u00fckl\u0259m\u0259 cihaz\u0131.<\/p>","protected":false},"excerpt":{"rendered":"<p>Karcher sil\u0259c\u0259kl\u0259ri \u00fc\u00e7\u00fcn y\u00fckl\u0259m\u0259 cihaz\u0131. Avropa \u00e7\u0259ng\u0259li.<\/p>","protected":false},"featured_media":1127,"comment_status":"open","ping_status":"closed","template":"","meta":[],"product_cat":[15],"product_tag":[254],"class_list":{"0":"post-1126","1":"product","2":"type-product","3":"status-publish","4":"has-post-thumbnail","6":"product_cat-home-garden","7":"product_tag-okonnye-pylesosy","9":"first","10":"instock","11":"shipping-taxable","12":"purchasable","13":"product-type-simple"},"_links":{"self":[{"href":"https:\/\/karchershop.az\/az\/wp-json\/wp\/v2\/product\/1126","targetHints":{"allow":["GET"]}}],"collection":[{"href":"https:\/\/karchershop.az\/az\/wp-json\/wp\/v2\/product"}],"about":[{"href":"https:\/\/karchershop.az\/az\/wp-json\/wp\/v2\/types\/product"}],"replies":[{"embeddable":true,"href":"https:\/\/karchershop.az\/az\/wp-json\/wp\/v2\/comments?post=1126"}],"wp:featuredmedia":[{"embeddable":true,"href":"https:\/\/karchershop.az\/az\/wp-json\/wp\/v2\/media\/1127"}],"wp:attachment":[{"href":"https:\/\/karchershop.az\/az\/wp-json\/wp\/v2\/media?parent=1126"}],"wp:term":[{"taxonomy":"product_cat","embeddable":true,"href":"https:\/\/karchershop.az\/az\/wp-json\/wp\/v2\/product_cat?post=1126"},{"taxonomy":"product_tag","embeddable":true,"href":"https:\/\/karchershop.az\/az\/wp-json\/wp\/v2\/product_tag?post=1126"}],"curies":[{"name":"wp","href":"https:\/\/api.w.org\/{rel}","templated":true}]}}