{"id":11284,"date":"2024-01-28T03:00:23","date_gmt":"2024-01-27T23:00:23","guid":{"rendered":"https:\/\/karchershop.az\/?post_type=product&#038;p=11284"},"modified":"2026-05-01T21:35:58","modified_gmt":"2026-05-01T17:35:58","slug":"zaryadnoe-ustrojstvo-dlya-akkumulyatora-18-v","status":"publish","type":"product","link":"https:\/\/karchershop.az\/az\/home-garden\/aksessuary\/aksessuary-dlya-pylesososov\/zaryadnoe-ustrojstvo-dlya-akkumulyatora-18-v","title":{"rendered":"WD modell\u0259ri \u00fc\u00e7\u00fcn adapter"},"content":{"rendered":"<p>18 V platformada litium-ion batareyalar\u0131 \u00fc\u00e7\u00fcn standart plug-in \u015farj cihaz\u0131. Karcher Battery Power 100%-\u0259 q\u0259d\u0259r enerji doldurma\u011f\u0131 : 18 V\/2,5 Ah - 4 saat \u0259rzind\u0259; 18 V\/5.0 Ah \u2013 9 saat \u0259rzind\u0259 t\u0259min edir<\/p>","protected":false},"excerpt":{"rendered":"<p><strong>WD MODELL\u018fR\u0130 \u00dc\u00c7\u00dcN 18\/25 ADAPTER<\/strong><\/p>","protected":false},"featured_media":11627,"comment_status":"open","ping_status":"closed","template":"","meta":[],"product_cat":[15,553,569],"product_tag":[],"class_list":{"0":"post-11284","1":"product","2":"type-product","3":"status-publish","4":"has-post-thumbnail","6":"product_cat-home-garden","7":"product_cat-hozyajstvennye-pylesosy","8":"product_cat-aksessuary-dlya-pylesososov","10":"first","11":"instock","12":"shipping-taxable","13":"purchasable","14":"product-type-simple"},"_links":{"self":[{"href":"https:\/\/karchershop.az\/az\/wp-json\/wp\/v2\/product\/11284","targetHints":{"allow":["GET"]}}],"collection":[{"href":"https:\/\/karchershop.az\/az\/wp-json\/wp\/v2\/product"}],"about":[{"href":"https:\/\/karchershop.az\/az\/wp-json\/wp\/v2\/types\/product"}],"replies":[{"embeddable":true,"href":"https:\/\/karchershop.az\/az\/wp-json\/wp\/v2\/comments?post=11284"}],"wp:featuredmedia":[{"embeddable":true,"href":"https:\/\/karchershop.az\/az\/wp-json\/wp\/v2\/media\/11627"}],"wp:attachment":[{"href":"https:\/\/karchershop.az\/az\/wp-json\/wp\/v2\/media?parent=11284"}],"wp:term":[{"taxonomy":"product_cat","embeddable":true,"href":"https:\/\/karchershop.az\/az\/wp-json\/wp\/v2\/product_cat?post=11284"},{"taxonomy":"product_tag","embeddable":true,"href":"https:\/\/karchershop.az\/az\/wp-json\/wp\/v2\/product_tag?post=11284"}],"curies":[{"name":"wp","href":"https:\/\/api.w.org\/{rel}","templated":true}]}}