{"id":1134,"date":"2020-04-29T14:19:27","date_gmt":"2020-04-29T10:19:27","guid":{"rendered":"https:\/\/karchershop.az\/?post_type=product&#038;p=1134"},"modified":"2026-04-01T09:24:22","modified_gmt":"2026-04-01T05:24:22","slug":"sv-7","status":"publish","type":"product","link":"https:\/\/karchershop.az\/az\/home-garden\/paropylesosy\/sv-7","title":{"rendered":"Buxarl\u0131 tozsoran SV 7"},"content":{"rendered":"<p>K\u00e4rcher SV 7 buxar s\u00fcp\u00fcrg\u0259si buxar t\u0259mizl\u0259yicil\u0259ri v\u0259 quru tozsoranlar\u0131n \u00fcst\u00fcnl\u00fckl\u0259rini \u00f6z\u00fcnd\u0259 c\u0259ml\u0259\u015fdirir. M\u0259s\u0259l\u0259n, q\u0131r\u0131nt\u0131lar\u0131 toplay\u0131r, silir v\u0259 sonunda h\u0259tta d\u00f6\u015f\u0259m\u0259ni qurudur. B\u00fct\u00fcn bunlar bir \u0259m\u0259liyyatda. Uy\u011fun aksesuarlarla birlikd\u0259 bu m\u00f6ht\u0259\u015f\u0259m universal qur\u011fular say\u0259sind\u0259 h\u0259r k\u0259s evini t\u0259miz saxlaya bil\u0259r - sad\u0259, s\u00fcr\u0259tli, rahat v\u0259 bir damc\u0131 kimya olmadan.<\/p>","protected":false},"excerpt":{"rendered":"<p>Buxar t\u0259mizl\u0259nm\u0259si, buxar v\u0259 quru zibilin sorulmas\u0131 - Karcher SV 7 buxar s\u00fcp\u00fcrg\u0259si b\u00fct\u00fcn bu funksiyalar\u0131 \u00f6z\u00fcnd\u0259 birl\u0259\u015fdirir. Bir cihazda geni\u015f imkanlar!<\/p>","protected":false},"featured_media":13841,"comment_status":"open","ping_status":"closed","template":"","meta":[],"product_cat":[15,182],"product_tag":[256],"class_list":{"0":"post-1134","1":"product","2":"type-product","3":"status-publish","4":"has-post-thumbnail","6":"product_cat-home-garden","7":"product_cat-paropylesosy","8":"product_tag-paropylesosy","10":"first","11":"instock","12":"shipping-taxable","13":"purchasable","14":"product-type-simple"},"_links":{"self":[{"href":"https:\/\/karchershop.az\/az\/wp-json\/wp\/v2\/product\/1134","targetHints":{"allow":["GET"]}}],"collection":[{"href":"https:\/\/karchershop.az\/az\/wp-json\/wp\/v2\/product"}],"about":[{"href":"https:\/\/karchershop.az\/az\/wp-json\/wp\/v2\/types\/product"}],"replies":[{"embeddable":true,"href":"https:\/\/karchershop.az\/az\/wp-json\/wp\/v2\/comments?post=1134"}],"wp:featuredmedia":[{"embeddable":true,"href":"https:\/\/karchershop.az\/az\/wp-json\/wp\/v2\/media\/13841"}],"wp:attachment":[{"href":"https:\/\/karchershop.az\/az\/wp-json\/wp\/v2\/media?parent=1134"}],"wp:term":[{"taxonomy":"product_cat","embeddable":true,"href":"https:\/\/karchershop.az\/az\/wp-json\/wp\/v2\/product_cat?post=1134"},{"taxonomy":"product_tag","embeddable":true,"href":"https:\/\/karchershop.az\/az\/wp-json\/wp\/v2\/product_tag?post=1134"}],"curies":[{"name":"wp","href":"https:\/\/api.w.org\/{rel}","templated":true}]}}