{"id":1149,"date":"2020-04-29T14:21:31","date_gmt":"2020-04-29T10:21:31","guid":{"rendered":"https:\/\/karchershop.az\/?post_type=product&#038;p=1149"},"modified":"2026-05-01T21:35:21","modified_gmt":"2026-05-01T17:35:21","slug":"filtr-hepa-dlya-sv-7-premium","status":"publish","type":"product","link":"https:\/\/karchershop.az\/az\/home-garden\/aksessuary\/aksessuary-dlya-pylesososov\/filtr-hepa-dlya-sv-7-premium","title":{"rendered":"Filter \/Hepa SV"},"content":{"rendered":"<p>Y\u00fcks\u0259k s\u0259m\u0259r\u0259li HEPA filtri toz, g\u00f6b\u0259l\u0259k tozcuqlar\u0131, bakteriya v\u0259 toz a\u011flar\u0131n\u0131 t\u0259l\u0259y\u0259 sal\u0131r. Filtr, q\u00fcsursuz t\u0259mizliyi t\u0259min ed\u0259r\u0259k, b\u00fct\u00fcn alerjen v\u0259 tozun etibarl\u0131 bir \u015f\u0259kild\u0259 s\u00fcz\u00fclm\u0259sini t\u0259min edir. 0.3 mikrondan b\u00f6y\u00fck hiss\u0259cikl\u0259rin 99.9% -i s\u00fcz\u00fcl\u00fcr v\u0259 bel\u0259likl\u0259 \u00e7\u0131x\u0131\u015fdak\u0131 hava otaqdak\u0131 havadan daha t\u0259mizdir. Allergiya x\u0259st\u0259l\u0259ri \u00fc\u00e7\u00fcn ideald\u0131r!<\/p>","protected":false},"excerpt":{"rendered":"<p>Y\u00fcks\u0259k performansl\u0131 HEPA filteri g\u00f6b\u0259l\u0259k tozcuqlar\u0131, bakteriya v\u0259 toz z\u0259rr\u0259l\u0259rini tutur. 0,3 mikrondan b\u00f6y\u00fck hiss\u0259cikl\u0259rin 99,9%-i s\u00fcz\u00fcl\u00fcr. Allergiyaya meyilli insanlar \u00fc\u00e7\u00fcn m\u00fck\u0259mm\u0259l h\u0259ldir!<\/p>","protected":false},"featured_media":1150,"comment_status":"open","ping_status":"closed","template":"","meta":[],"product_cat":[15,569],"product_tag":[256],"class_list":{"0":"post-1149","1":"product","2":"type-product","3":"status-publish","4":"has-post-thumbnail","6":"product_cat-home-garden","7":"product_cat-aksessuary-dlya-pylesososov","8":"product_tag-paropylesosy","10":"first","11":"instock","12":"shipping-taxable","13":"purchasable","14":"product-type-simple"},"_links":{"self":[{"href":"https:\/\/karchershop.az\/az\/wp-json\/wp\/v2\/product\/1149","targetHints":{"allow":["GET"]}}],"collection":[{"href":"https:\/\/karchershop.az\/az\/wp-json\/wp\/v2\/product"}],"about":[{"href":"https:\/\/karchershop.az\/az\/wp-json\/wp\/v2\/types\/product"}],"replies":[{"embeddable":true,"href":"https:\/\/karchershop.az\/az\/wp-json\/wp\/v2\/comments?post=1149"}],"wp:featuredmedia":[{"embeddable":true,"href":"https:\/\/karchershop.az\/az\/wp-json\/wp\/v2\/media\/1150"}],"wp:attachment":[{"href":"https:\/\/karchershop.az\/az\/wp-json\/wp\/v2\/media?parent=1149"}],"wp:term":[{"taxonomy":"product_cat","embeddable":true,"href":"https:\/\/karchershop.az\/az\/wp-json\/wp\/v2\/product_cat?post=1149"},{"taxonomy":"product_tag","embeddable":true,"href":"https:\/\/karchershop.az\/az\/wp-json\/wp\/v2\/product_tag?post=1149"}],"curies":[{"name":"wp","href":"https:\/\/api.w.org\/{rel}","templated":true}]}}