{"id":1151,"date":"2020-04-29T14:21:52","date_gmt":"2020-04-29T10:21:52","guid":{"rendered":"https:\/\/karchershop.az\/?post_type=product&#038;p=1151"},"modified":"2026-05-01T21:35:21","modified_gmt":"2026-05-01T17:35:21","slug":"sredstvo-protiv-nakipi-6-pak-h-17g","status":"publish","type":"product","link":"https:\/\/karchershop.az\/az\/home-garden\/aksessuary\/aksessuary-dlya-paroochistitelej\/sredstvo-protiv-nakipi-6-pak-h-17g","title":{"rendered":"\u018frp \u0259leyhin\u0259 madd\u0259"},"content":{"rendered":"","protected":false},"excerpt":{"rendered":"<p>\u018frp t\u0259mizl\u0259yici buxar t\u0259mizl\u0259yicil\u0259rind\u0259 v\u0259 dig\u0259r m\u0259i\u015f\u0259t elektrik cihazlar\u0131nda (\u00e7aydanlar, q\u0259hv\u0259 bi\u015firicil\u0259r v\u0259 s.) yaranan \u0259rpi effektiv \u015f\u0259kild\u0259 aradan qald\u0131r\u0131r, xidm\u0259t m\u00fcdd\u0259tinin uzad\u0131lmas\u0131n\u0131 v\u0259 enerji istehlak\u0131n\u0131n azald\u0131lmas\u0131n\u0131 t\u0259min edir.<\/p>","protected":false},"featured_media":1152,"comment_status":"open","ping_status":"closed","template":"","meta":[],"product_cat":[570],"product_tag":[255,256,257],"class_list":{"0":"post-1151","1":"product","2":"type-product","3":"status-publish","4":"has-post-thumbnail","6":"product_cat-aksessuary-dlya-paroochistitelej","7":"product_tag-porovye-gladilnye-sistemy","8":"product_tag-paropylesosy","9":"product_tag-poroochistiteli","11":"first","12":"instock","13":"shipping-taxable","14":"purchasable","15":"product-type-simple"},"_links":{"self":[{"href":"https:\/\/karchershop.az\/az\/wp-json\/wp\/v2\/product\/1151","targetHints":{"allow":["GET"]}}],"collection":[{"href":"https:\/\/karchershop.az\/az\/wp-json\/wp\/v2\/product"}],"about":[{"href":"https:\/\/karchershop.az\/az\/wp-json\/wp\/v2\/types\/product"}],"replies":[{"embeddable":true,"href":"https:\/\/karchershop.az\/az\/wp-json\/wp\/v2\/comments?post=1151"}],"wp:featuredmedia":[{"embeddable":true,"href":"https:\/\/karchershop.az\/az\/wp-json\/wp\/v2\/media\/1152"}],"wp:attachment":[{"href":"https:\/\/karchershop.az\/az\/wp-json\/wp\/v2\/media?parent=1151"}],"wp:term":[{"taxonomy":"product_cat","embeddable":true,"href":"https:\/\/karchershop.az\/az\/wp-json\/wp\/v2\/product_cat?post=1151"},{"taxonomy":"product_tag","embeddable":true,"href":"https:\/\/karchershop.az\/az\/wp-json\/wp\/v2\/product_tag?post=1151"}],"curies":[{"name":"wp","href":"https:\/\/api.w.org\/{rel}","templated":true}]}}