{"id":11687,"date":"2024-02-05T03:18:22","date_gmt":"2024-02-04T23:18:22","guid":{"rendered":"https:\/\/karchershop.az\/?post_type=product&#038;p=11687"},"modified":"2025-12-01T09:56:29","modified_gmt":"2025-12-01T05:56:29","slug":"cns-18-30-batarry-power-12-25-plug-in-charger-packaged-18-25","status":"publish","type":"product","link":"https:\/\/karchershop.az\/az\/home-garden\/sadovaya-tehnika-home-garden\/cns-18-30-batarry-power-12-25-plug-in-charger-packaged-18-25","title":{"rendered":"Z\u0259ncirli mi\u015far CNS 18-30, Battary Power 12\/25, Plug-in charger packaged 18\/25"},"content":{"rendered":"<p>Z\u0259ncirli mi\u015far a\u015fa\u011f\u0131 \u00e7\u0259kisi v\u0259 optimal tutacaq uzunlu\u011fu say\u0259sind\u0259 K\u00e4rcherin CNS 18-30 Akkumulyatorlu z\u0259ncirli mi\u015far\u0131 m\u00fcxt\u0259lif a\u011faclara qulluq i\u015fl\u0259ri \u00fc\u00e7\u00fcn ideald\u0131r. Z\u0259ncirin y\u00fcks\u0259k s\u00fcr\u0259ti tez v\u0259 asan k\u0259silm\u0259sini t\u0259min edir. Z\u0259ncirin h\u0259r\u0259k\u0259ti v\u0259 avtomatik ya\u011flanmas\u0131 mi\u015fara qullu\u011fu xeyli asanla\u015fd\u0131r\u0131r, z\u0259ncir \u0259yl\u0259ci v\u0259 buraxma sisteminin birl\u0259\u015fm\u0259si is\u0259 maksimum t\u0259hl\u00fck\u0259sizliyi t\u0259min edir, z\u0259ncirin dayand\u0131r\u0131laraq bloklanmas\u0131 sistemi, tamamil\u0259 t\u0259hl\u00fck\u0259sizliyi t\u0259min edir. Qutuya al\u0259tin \u00f6z\u00fc, mi\u015far z\u0259nciri, qoruyucu \u00f6rt\u00fck v\u0259 ya\u011f qab\u0131 daxildir.<\/p>\n<p>Z\u0259ncir mi\u015far\u0131ndak\u0131 innovativ Real Time texnologiyas\u0131 ist\u0259nil\u0259n vaxt batareyan\u0131n v\u0259ziyy\u0259tini tez m\u00fc\u0259yy\u0259n etm\u0259y\u0259 imkan verir: qura\u015fd\u0131r\u0131lm\u0131\u015f LCD displey \u015farj s\u0259viyy\u0259sini v\u0259 ya onun doldurulmas\u0131na v\u0259 ya cihaz\u0131n istismar\u0131n\u0131n sonuna q\u0259d\u0259r qalan vaxt\u0131 g\u00f6st\u0259rir. onunla t\u0259chiz edilmi\u015fdir. Litium-ion batareya elementl\u0259ri daimi enerji \u00e7\u0131x\u0131\u015f\u0131na z\u0259man\u0259t verir, \u00f6z-\u00f6z\u00fcn\u0259 bo\u015falmaya m\u0259ruz qalm\u0131r v\u0259 yadda\u015f effekti g\u00f6st\u0259rmir (tez-tez qism\u0259n bo\u015falmalar s\u0259b\u0259bind\u0259n tutumun azalmas\u0131). \u018fv\u0259z edilmi\u015f batareya Batareya G\u00fcc\u00fc 18 V \/ 2,5 Ah 18 V batareya platformas\u0131nda b\u00fct\u00fcn K\u00e4rcher cihazlar\u0131 il\u0259 uy\u011fun g\u0259lir.<\/p>\n<p>18 V platformada litium-ion batareyalar\u0131 \u00fc\u00e7\u00fcn standart plug-in \u015farj cihaz\u0131 Karcher Battery Power 100%-\u0259 q\u0259d\u0259r enerji doldurma\u011f\u0131 t\u0259min edir: 18 V\/2,5 Ah - 4 saat \u0259rzind\u0259; 18 V\/5.0 Ah \u2013 9 saat \u0259rzind\u0259.<\/p>","protected":false},"excerpt":{"rendered":"<p>\u0426\u0435\u043f\u043d\u0430\u044f \u043f\u0438\u043b\u0430 \u0430\u043a\u043a\u0443\u043c\u0443\u043b\u044f\u0442\u043e\u0440\u043d\u0430\u044f Karcher CNS 18-30 \u0431\u043b\u0430\u0433\u043e\u0434\u0430\u0440\u044f \u043c\u0430\u043b\u043e\u043c\u0443 \u0432\u0435\u0441\u0443 \u0438 \u043e\u043f\u0442\u0438\u043c\u0430\u043b\u044c\u043d\u043e\u0439 \u0434\u043b\u0438\u043d\u0435 \u0448\u0438\u043d\u044b \u043f\u0440\u0435\u043a\u0440\u0430\u0441\u043d\u043e \u043f\u043e\u0434\u0445\u043e\u0434\u0438\u0442 \u0434\u043b\u044f \u0443\u0434\u043e\u0431\u043d\u043e\u0433\u043e \u0432\u044b\u043f\u043e\u043b\u043d\u0435\u043d\u0438\u044f \u0440\u0430\u0437\u043b\u0438\u0447\u043d\u044b\u0445 \u0440\u0430\u0431\u043e\u0442 \u043f\u043e \u0443\u0445\u043e\u0434\u0443 \u0437\u0430 \u0434\u0435\u0440\u0435\u0432\u044c\u044f\u043c\u0438. \u0412\u044b\u0441\u043e\u043a\u0430\u044f \u0441\u043a\u043e\u0440\u043e\u0441\u0442\u044c \u0434\u0432\u0438\u0436\u0435\u043d\u0438\u044f \u043f\u0438\u043b\u044c\u043d\u043e\u0439 \u0446\u0435\u043f\u0438 \u043e\u0431\u0435\u0441\u043f\u0435\u0447\u0438\u0432\u0430\u0435\u0442 \u0431\u044b\u0441\u0442\u0440\u0443\u044e \u0438 \u043b\u0435\u0433\u043a\u0443\u044e \u043e\u0431\u0440\u0435\u0437\u043a\u0443. \u041d\u0430\u0442\u044f\u0436\u0435\u043d\u0438\u0435 \u0446\u0435\u043f\u0438 \u0431\u0435\u0437 \u043f\u0440\u0438\u043c\u0435\u043d\u0435\u043d\u0438\u044f \u0438\u043d\u0441\u0442\u0440\u0443\u043c\u0435\u043d\u0442\u043e\u0432 \u0438 \u0435\u0435 \u0430\u0432\u0442\u043e\u043c\u0430\u0442\u0438\u0447\u0435\u0441\u043a\u043e\u0435 \u0441\u043c\u0430\u0437\u044b\u0432\u0430\u043d\u0438\u0435 \u0437\u043d\u0430\u0447\u0438\u0442\u0435\u043b\u044c\u043d\u043e \u043e\u0431\u043b\u0435\u0433\u0447\u0430\u044e\u0442 \u043e\u0431\u0441\u043b\u0443\u0436\u0438\u0432\u0430\u043d\u0438\u0435 \u0446\u0435\u043f\u043d\u043e\u0439 \u043f\u0438\u043b\u044b, \u0430 \u043a\u043e\u043c\u0431\u0438\u043d\u0430\u0446\u0438\u044f \u0442\u043e\u0440\u043c\u043e\u0437\u0430 \u0446\u0435\u043f\u0438 \u0441 \u0441\u0438\u0441\u0442\u0435\u043c\u043e\u0439 \u0440\u0430\u0437\u0431\u043b\u043e\u043a\u0438\u0440\u043e\u0432\u0430\u043d\u0438\u044f [&hellip;]<\/p>\n","protected":false},"featured_media":11720,"comment_status":"open","ping_status":"closed","template":"","meta":[],"product_cat":[546],"product_tag":[],"class_list":{"0":"post-11687","1":"product","2":"type-product","3":"status-publish","4":"has-post-thumbnail","6":"product_cat-sadovaya-tehnika-home-garden","8":"first","9":"instock","10":"shipping-taxable","11":"purchasable","12":"product-type-simple"},"_links":{"self":[{"href":"https:\/\/karchershop.az\/az\/wp-json\/wp\/v2\/product\/11687","targetHints":{"allow":["GET"]}}],"collection":[{"href":"https:\/\/karchershop.az\/az\/wp-json\/wp\/v2\/product"}],"about":[{"href":"https:\/\/karchershop.az\/az\/wp-json\/wp\/v2\/types\/product"}],"replies":[{"embeddable":true,"href":"https:\/\/karchershop.az\/az\/wp-json\/wp\/v2\/comments?post=11687"}],"wp:featuredmedia":[{"embeddable":true,"href":"https:\/\/karchershop.az\/az\/wp-json\/wp\/v2\/media\/11720"}],"wp:attachment":[{"href":"https:\/\/karchershop.az\/az\/wp-json\/wp\/v2\/media?parent=11687"}],"wp:term":[{"taxonomy":"product_cat","embeddable":true,"href":"https:\/\/karchershop.az\/az\/wp-json\/wp\/v2\/product_cat?post=11687"},{"taxonomy":"product_tag","embeddable":true,"href":"https:\/\/karchershop.az\/az\/wp-json\/wp\/v2\/product_tag?post=11687"}],"curies":[{"name":"wp","href":"https:\/\/api.w.org\/{rel}","templated":true}]}}