{"id":11699,"date":"2024-02-05T03:54:09","date_gmt":"2024-02-04T23:54:09","guid":{"rendered":"https:\/\/karchershop.az\/?post_type=product&#038;p=11699"},"modified":"2025-12-01T09:56:25","modified_gmt":"2025-12-01T05:56:25","slug":"phg-18-45-battery-batarry-power-12-25-plug-in-charger-packaged-18-25","status":"publish","type":"product","link":"https:\/\/karchershop.az\/az\/home-garden\/sadovaya-tehnika-home-garden\/phg-18-45-battery-batarry-power-12-25-plug-in-charger-packaged-18-25","title":{"rendered":"PHG 18-45, Battery, 12\/25, Plug-In Charger Packaged 18\/25"},"content":{"rendered":"<p>Kol bi\u00e7\u0259n PHG 18-45 simsiz trimmer Battary, 12\/25, Plug-in \u015earj cihaz\u0131 qabla\u015fd\u0131r\u0131l\u0131r 18\/25 \u2013 H\u00fcnd\u00fcr kollara v\u0259 hedcinql\u0259r\u0259 qulluq etm\u0259k asan deyil. Kol bi\u00e7\u0259n PHG 18-45 Batareya il\u0259 i\u015fl\u0259y\u0259n trimeri bu i\u015fd\u0259 4 m-\u0259 q\u0259d\u0259r diapazonla k\u00f6m\u0259k ed\u0259c\u0259k. Bu al\u0259t siz\u0259 n\u0259rdivandan istifad\u0259 etm\u0259d\u0259n bitkil\u0259r\u0259 z\u0259rif forma verm\u0259y\u0259 imkan verir v\u0259 k\u0259sikl\u0259ri \u00e7\u0131xarmaq \u00fc\u00e7\u00fcn x\u00fcsusi \u00e7\u0131xar\u0131la bil\u0259n qo\u015fma yarpaqlar \u015flamlar\u0131n tac\u0131n i\u00e7\u0259risin\u0259 girm\u0259sin\u0259 mane olur, onlar\u0131 yan t\u0259r\u0259f\u0259 y\u00f6n\u0259ldir. B\u0131\u00e7a\u011f\u0131 115\u00b0 sektorda \u0259ym\u0259k qabiliyy\u0259ti ist\u0259nil\u0259n i\u015fin rahat v\u0259ziyy\u0259td\u0259 v\u0259 d\u0259qiq \u00fcf\u00fcqi k\u0259simd\u0259 yerin\u0259 yetirilm\u0259sini t\u0259min edir. Yor\u011funluq olmadan uzunm\u00fcdd\u0259tli i\u015f \u00fc\u00e7\u00fcn kol bi\u00e7\u0259n \u00e7iyin qay\u0131\u015f\u0131 t\u0259min edilir ki, bu da al\u0259tin \u00e7\u0259kisinin optimal yenid\u0259n b\u00f6l\u00fc\u015fd\u00fcr\u00fclm\u0259si s\u0259b\u0259bind\u0259n qollara v\u0259 \u00e7iyinl\u0259r\u0259 y\u00fck\u00fc azald\u0131r. Almaz itil\u0259nmi\u015f b\u0131\u00e7aqlar\u0131 olan b\u0131\u00e7aq da mi\u015far funksiyas\u0131n\u0131 yerin\u0259 yetirir - onun \u00f6n hiss\u0259si he\u00e7 bir problem olmadan h\u0259tta kifay\u0259t q\u0259d\u0259r qal\u0131n budaqlar\u0131 k\u0259s\u0259 bil\u0259r. F\u0131r\u00e7a k\u0259sici b\u0131\u00e7a\u011f\u0131n ucundak\u0131 qoruyucu d\u00f6\u015f\u0259m\u0259l\u0259r\u0259, konstruksiyalara v\u0259 b\u0131\u00e7aqlar\u0131n \u00f6zl\u0259rin\u0259 t\u0259sad\u00fcf\u0259n z\u0259d\u0259l\u0259nm\u0259sinin qar\u015f\u0131s\u0131n\u0131 al\u0131r v\u0259 i\u00e7ind\u0259ki \u00e7uxur al\u0259ti qarajda v\u0259 ya anbarda s\u0259liq\u0259li saxlama \u00fc\u00e7\u00fcn asma\u011fa imkan verir.<\/p>\n<p>Kol bi\u00e7\u0259n \u0130nnovativ Real Time texnologiyas\u0131 ist\u0259nil\u0259n vaxt batareyan\u0131n v\u0259ziyy\u0259tini tez m\u00fc\u0259yy\u0259n etm\u0259y\u0259 imkan verir: qura\u015fd\u0131r\u0131lm\u0131\u015f LCD displey \u015farj s\u0259viyy\u0259sini v\u0259 ya onun doldurulmas\u0131na v\u0259 ya onunla t\u0259chiz edilmi\u015f cihaz\u0131n istismar\u0131n\u0131n sonuna q\u0259d\u0259r qalan vaxt\u0131 g\u00f6st\u0259rir. Litium-ion batareya elementl\u0259ri daimi enerji \u00e7\u0131x\u0131\u015f\u0131na z\u0259man\u0259t verir, \u00f6z-\u00f6z\u00fcn\u0259 bo\u015falmaya m\u0259ruz qalm\u0131r v\u0259 yadda\u015f effekti g\u00f6st\u0259rmir (tez-tez qism\u0259n bo\u015falmalar s\u0259b\u0259bind\u0259n tutumun azalmas\u0131). \u018fv\u0259z edilmi\u015f batareya Batareya G\u00fcc\u00fc 18 V \/ 2,5 Ah 18 V batareya platformas\u0131nda b\u00fct\u00fcn K\u00e4rcher cihazlar\u0131 il\u0259 uy\u011fun g\u0259lir.<\/p>\n<p>Litium-ion batareyalar\u0131 \u00fc\u00e7\u00fcn standart plug-in \u015farj cihaz\u0131 18 V platformada Karcher Batareya G\u00fcc\u00fc.Hedcinq trimmerinin 100%-\u0259 q\u0259d\u0259r doldurulmas\u0131n\u0131 t\u0259min edir: 18 V\/2,5 Ah - 4 saat \u0259rzind\u0259; 18 V\/5.0 Ah \u2013 9 saat \u0259rzind\u0259.<\/p>","protected":false},"excerpt":{"rendered":"<p>Kol bi\u00e7\u0259n PHG 18-45 n\u0259rdivandan istifad\u0259 etm\u0259d\u0259n h\u00fcnd\u00fcr kollar\u0131 budamaq, uzatma kabeli il\u0259 t\u0259chiz olunmu\u015f kolbi\u00e7\u0259n imkan verir. H\u0259m\u00e7inin, al\u0259tin qeri qaytarma b\u0131\u00e7a\u011f\u0131 tac\u0131n q\u0259libl\u0259nm\u0259sini asanla\u015fd\u0131r\u0131r - kol bi\u00e7\u0259n Karcher.<\/p>","protected":false},"featured_media":11722,"comment_status":"open","ping_status":"closed","template":"","meta":[],"product_cat":[546],"product_tag":[],"class_list":{"0":"post-11699","1":"product","2":"type-product","3":"status-publish","4":"has-post-thumbnail","6":"product_cat-sadovaya-tehnika-home-garden","8":"first","9":"instock","10":"shipping-taxable","11":"purchasable","12":"product-type-simple"},"_links":{"self":[{"href":"https:\/\/karchershop.az\/az\/wp-json\/wp\/v2\/product\/11699","targetHints":{"allow":["GET"]}}],"collection":[{"href":"https:\/\/karchershop.az\/az\/wp-json\/wp\/v2\/product"}],"about":[{"href":"https:\/\/karchershop.az\/az\/wp-json\/wp\/v2\/types\/product"}],"replies":[{"embeddable":true,"href":"https:\/\/karchershop.az\/az\/wp-json\/wp\/v2\/comments?post=11699"}],"wp:featuredmedia":[{"embeddable":true,"href":"https:\/\/karchershop.az\/az\/wp-json\/wp\/v2\/media\/11722"}],"wp:attachment":[{"href":"https:\/\/karchershop.az\/az\/wp-json\/wp\/v2\/media?parent=11699"}],"wp:term":[{"taxonomy":"product_cat","embeddable":true,"href":"https:\/\/karchershop.az\/az\/wp-json\/wp\/v2\/product_cat?post=11699"},{"taxonomy":"product_tag","embeddable":true,"href":"https:\/\/karchershop.az\/az\/wp-json\/wp\/v2\/product_tag?post=11699"}],"curies":[{"name":"wp","href":"https:\/\/api.w.org\/{rel}","templated":true}]}}