{"id":1185,"date":"2020-04-29T14:48:16","date_gmt":"2020-04-29T10:48:16","guid":{"rendered":"https:\/\/karchershop.az\/?post_type=product&#038;p=1185"},"modified":"2025-10-29T08:24:57","modified_gmt":"2025-10-29T04:24:57","slug":"sc-2-easyfix","status":"publish","type":"product","link":"https:\/\/karchershop.az\/az\/home-garden\/paroochistiteli\/sc-2-easyfix","title":{"rendered":"SC 2 EasyFix Buxar T\u0259mizl\u0259yici"},"content":{"rendered":"<p>SC 2 EasyFix Premium buxar t\u0259mizl\u0259yicisi kimy\u0259vi madd\u0259l\u0259rd\u0259n istifad\u0259 etm\u0259d\u0259n evd\u0259ki dem\u0259k olar ki, b\u00fct\u00fcn s\u0259thl\u0259ri t\u0259mizl\u0259yir. Karcher buxar t\u0259mizl\u0259yicisi inadkar \u00e7irk, \u0259h\u0259ng da\u015f\u0131 v\u0259 ya\u011f l\u0259k\u0259l\u0259rini aradan qald\u0131r\u0131r. Bir K\u00e4rcher buxar t\u0259mizl\u0259yicisi il\u0259 h\u0259rt\u0259r\u0259fli t\u0259mizl\u0259nm\u0259, evd\u0259ki s\u0259rt s\u0259thl\u0259rd\u0259 b\u00fct\u00fcn m\u0259lum olan m\u0259i\u015f\u0259t bakteriyalar\u0131n\u0131n 99,99% -ni \u00f6ld\u00fcr\u00fcr. Yeni EasyFix d\u00f6\u015f\u0259m\u0259 ba\u015fl\u0131\u011f\u0131, d\u00f6\u015f\u0259m\u0259y\u0259 s\u00f6yk\u0259nm\u0259d\u0259n mikrofiber salfetl\u0259ri d\u00fcz\u0259ltm\u0259y\u0259 imkan ver\u0259n \u00e7\u0131rt-\u00e7\u0131rt b\u0259rkidicisi il\u0259 t\u0259chiz olunmu\u015fdur - sad\u0259c\u0259 ba\u015fl\u0131\u011f\u0131 salfet\u0259 basd\u0131r\u0131n. \u0130\u015f bitdikd\u0259n sonra, salfet \u00e7irkl\u0259 t\u0259mas etm\u0259d\u0259n \u00e7\u0131xar\u0131l\u0131r - sad\u0259c\u0259 onun \u00fcz\u0259rin\u0259 basmaq v\u0259 ba\u015fl\u0131\u011f\u0131 qald\u0131rmaq laz\u0131md\u0131r.<\/p>","protected":false},"excerpt":{"rendered":"<p>Alman markas\u0131 Karcher istehsal\u0131 olan SC 2 EASYF\u0130X BUXAR T\u018fM\u0130ZL\u018fY\u0130C\u0130S\u0130 d\u0259rin t\u0259mizlik i\u015fl\u0259rind\u0259 sizin k\u00f6m\u0259yiniz\u0259 \u00e7atacaq. Bu Karcher aparati tutumlu, kompakt \u0259n sad\u0259 s\u0259viyy\u0259li buxar t\u0259mizl\u0259yicisidir. EasyFix d\u00f6\u015f\u0259m\u0259 t\u0259mizl\u0259yici d\u0259sti il\u0259 xidm\u0259tinizd\u0259dir.<\/p>","protected":false},"featured_media":11672,"comment_status":"open","ping_status":"closed","template":"","meta":[],"product_cat":[15,184],"product_tag":[257],"class_list":{"0":"post-1185","1":"product","2":"type-product","3":"status-publish","4":"has-post-thumbnail","6":"product_cat-home-garden","7":"product_cat-paroochistiteli","8":"product_tag-poroochistiteli","10":"first","11":"outofstock","12":"shipping-taxable","13":"purchasable","14":"product-type-simple"},"_links":{"self":[{"href":"https:\/\/karchershop.az\/az\/wp-json\/wp\/v2\/product\/1185","targetHints":{"allow":["GET"]}}],"collection":[{"href":"https:\/\/karchershop.az\/az\/wp-json\/wp\/v2\/product"}],"about":[{"href":"https:\/\/karchershop.az\/az\/wp-json\/wp\/v2\/types\/product"}],"replies":[{"embeddable":true,"href":"https:\/\/karchershop.az\/az\/wp-json\/wp\/v2\/comments?post=1185"}],"wp:featuredmedia":[{"embeddable":true,"href":"https:\/\/karchershop.az\/az\/wp-json\/wp\/v2\/media\/11672"}],"wp:attachment":[{"href":"https:\/\/karchershop.az\/az\/wp-json\/wp\/v2\/media?parent=1185"}],"wp:term":[{"taxonomy":"product_cat","embeddable":true,"href":"https:\/\/karchershop.az\/az\/wp-json\/wp\/v2\/product_cat?post=1185"},{"taxonomy":"product_tag","embeddable":true,"href":"https:\/\/karchershop.az\/az\/wp-json\/wp\/v2\/product_tag?post=1185"}],"curies":[{"name":"wp","href":"https:\/\/api.w.org\/{rel}","templated":true}]}}