{"id":11894,"date":"2024-03-01T05:47:38","date_gmt":"2024-03-01T01:47:38","guid":{"rendered":"https:\/\/karchershop.az\/?post_type=product&#038;p=11894"},"modified":"2026-05-01T21:35:59","modified_gmt":"2026-05-01T17:35:59","slug":"vc-7-signature-line","status":"publish","type":"product","link":"https:\/\/karchershop.az\/az\/home-garden\/pylesosy\/vertikalnye-pylesosy\/vc-7-signature-line","title":{"rendered":"VC 7 SIGNATURE LINE"},"content":{"rendered":"<p>Yaln\u0131z \u0259n innovativ v\u0259 g\u00fccl\u00fc m\u0259hsullar\u0131m\u0131z texnologiyalar\u0131n yarad\u0131c\u0131s\u0131 v\u0259 \u015firk\u0259tin banisi Alfred K\u00e4rcher-in imzas\u0131 il\u0259 qeyd olunur.\nBu, yeni VC 7 Signature Line seriyas\u0131n\u0131 \u00f6z kateqoriyas\u0131nda \u0259n yax\u015f\u0131 cihaz kimi d\u0259rhal tan\u0131nan edir.\n\nToz sensoru, aktiv d\u00f6\u015f\u0259m\u0259 ba\u015fl\u0131\u011f\u0131 v\u0259 iki pill\u0259li g\u00fcc n\u0259zar\u0259ti kimi x\u00fcsusiyy\u0259tl\u0259ri say\u0259sind\u0259 bu model t\u0259mizlik n\u0259tic\u0259l\u0259ri v\u0259 i\u015fl\u0259m\u0259 m\u00fcdd\u0259ti bax\u0131m\u0131ndan yeni standartlar m\u00fc\u0259yy\u0259n edir.\n\n\u018flav\u0259 akkumulyator say\u0259sind\u0259 VC 7 Signature Line h\u0259mi\u015f\u0259 istifad\u0259y\u0259 haz\u0131rd\u0131r v\u0259 b\u00f6y\u00fck evl\u0259rd\u0259 tez bir zamanda t\u0259mizlik i\u015fin\u0259 ba\u015flama\u011fa imkan verir.<\/p>","protected":false},"excerpt":{"rendered":"<p>VC 7 Signature Line tozsoran\u0131 innovativ toz sensoru v\u0259 \u0259lav\u0259 akkumulyatorla t\u0259chiz olunub.\nD\u0259st\u0259y\u0259 filtr t\u0259mizl\u0259m\u0259 al\u0259ti, dar yerl\u0259r \u00fc\u00e7\u00fcn ba\u015fl\u0131q, mini turbof\u0131r\u00e7a, yum\u015faq toz f\u0131r\u00e7as\u0131 v\u0259 \u015farj funksiyal\u0131 divar montaj\u0131 daxildir.<\/p>","protected":false},"featured_media":11895,"comment_status":"open","ping_status":"closed","template":"","meta":[],"product_cat":[15,93],"product_tag":[],"class_list":{"0":"post-11894","1":"product","2":"type-product","3":"status-publish","4":"has-post-thumbnail","6":"product_cat-home-garden","7":"product_cat-vertikalnye-pylesosy","9":"first","10":"outofstock","11":"shipping-taxable","12":"purchasable","13":"product-type-simple"},"_links":{"self":[{"href":"https:\/\/karchershop.az\/az\/wp-json\/wp\/v2\/product\/11894","targetHints":{"allow":["GET"]}}],"collection":[{"href":"https:\/\/karchershop.az\/az\/wp-json\/wp\/v2\/product"}],"about":[{"href":"https:\/\/karchershop.az\/az\/wp-json\/wp\/v2\/types\/product"}],"replies":[{"embeddable":true,"href":"https:\/\/karchershop.az\/az\/wp-json\/wp\/v2\/comments?post=11894"}],"wp:featuredmedia":[{"embeddable":true,"href":"https:\/\/karchershop.az\/az\/wp-json\/wp\/v2\/media\/11895"}],"wp:attachment":[{"href":"https:\/\/karchershop.az\/az\/wp-json\/wp\/v2\/media?parent=11894"}],"wp:term":[{"taxonomy":"product_cat","embeddable":true,"href":"https:\/\/karchershop.az\/az\/wp-json\/wp\/v2\/product_cat?post=11894"},{"taxonomy":"product_tag","embeddable":true,"href":"https:\/\/karchershop.az\/az\/wp-json\/wp\/v2\/product_tag?post=11894"}],"curies":[{"name":"wp","href":"https:\/\/api.w.org\/{rel}","templated":true}]}}