{"id":11936,"date":"2024-03-04T23:52:25","date_gmt":"2024-03-04T19:52:25","guid":{"rendered":"https:\/\/karchershop.az\/?post_type=product&#038;p=11936"},"modified":"2026-05-01T21:35:59","modified_gmt":"2026-05-01T17:35:59","slug":"wv-7-signature-line","status":"publish","type":"product","link":"https:\/\/karchershop.az\/az\/home-garden\/okonnye-pylesosy\/wv-7-signature-line","title":{"rendered":"WV 7 SIGNATURE LINE"},"content":{"rendered":"<p>Yaln\u0131z \u0259n yenilik\u00e7i v\u0259 y\u00fcks\u0259k performansl\u0131 m\u0259hsullar\u0131m\u0131z, texnologiya pioneri v\u0259 \u015firk\u0259tin t\u0259sis\u00e7isi Alfred K\u00e4rcher-in imzas\u0131 il\u0259 i\u015far\u0259l\u0259nir. Yeni WV 7 Signature Line seriyas\u0131: ilk bax\u0131\u015fdan K\u00e4rcher m\u0259hsullar\u0131 kateqoriyas\u0131nda \u0259n yax\u015f\u0131 cihaz kimi tan\u0131n\u0131r v\u0259 p\u0259nc\u0259r\u0259 tozsoranlar\u0131 aras\u0131nda yeni standart\u0131m\u0131zd\u0131r. Onun z\u0259rif v\u0259 minimal dizayn\u0131 t\u0259mizliyi daha rahat v\u0259 asan edir. \u0130lk i\u015f\u0259 salma zaman\u0131 t\u0259tbiq d\u0259st\u0259yi, t\u0259mizlik m\u0259sl\u0259h\u0259tl\u0259ri v\u0259 dig\u0259r bir \u00e7ox unikal funksiyalarla yana\u015f\u0131, t\u0259kmill\u0259\u015fdirilmi\u015f sorucu s\u00fcng\u0259rl\u0259r say\u0259sind\u0259 p\u0259nc\u0259r\u0259l\u0259r\u0259 v\u0259 b\u00fct\u00fcn hamar s\u0259thl\u0259r\u0259 WOW-effektini geri g\u0259tirm\u0259k daha sad\u0259dir.<\/p>","protected":false},"excerpt":{"rendered":"<p>Simli olmayan p\u0259nc\u0259r\u0259 tozsoran\u0131 WV 7 Signature Line, \u00e7evik istifad\u0259 \u00fc\u00e7\u00fcn innovativ sorucu s\u00fcng\u0259rl\u0259rl\u0259 t\u0259chiz olunub. D\u0259st\u0259y\u0259 sprey \u015f\u00fc\u015f\u0259si, iki t\u0259mizl\u0259yici par\u00e7a, t\u0259mizlik vasit\u0259si v\u0259 ekskl\u00fcziv saxlama qutusu daxildir.<\/p>","protected":false},"featured_media":11937,"comment_status":"open","ping_status":"closed","template":"","meta":[],"product_cat":[183],"product_tag":[],"class_list":{"0":"post-11936","1":"product","2":"type-product","3":"status-publish","4":"has-post-thumbnail","6":"product_cat-okonnye-pylesosy","8":"first","9":"outofstock","10":"shipping-taxable","11":"purchasable","12":"product-type-simple"},"_links":{"self":[{"href":"https:\/\/karchershop.az\/az\/wp-json\/wp\/v2\/product\/11936","targetHints":{"allow":["GET"]}}],"collection":[{"href":"https:\/\/karchershop.az\/az\/wp-json\/wp\/v2\/product"}],"about":[{"href":"https:\/\/karchershop.az\/az\/wp-json\/wp\/v2\/types\/product"}],"replies":[{"embeddable":true,"href":"https:\/\/karchershop.az\/az\/wp-json\/wp\/v2\/comments?post=11936"}],"wp:featuredmedia":[{"embeddable":true,"href":"https:\/\/karchershop.az\/az\/wp-json\/wp\/v2\/media\/11937"}],"wp:attachment":[{"href":"https:\/\/karchershop.az\/az\/wp-json\/wp\/v2\/media?parent=11936"}],"wp:term":[{"taxonomy":"product_cat","embeddable":true,"href":"https:\/\/karchershop.az\/az\/wp-json\/wp\/v2\/product_cat?post=11936"},{"taxonomy":"product_tag","embeddable":true,"href":"https:\/\/karchershop.az\/az\/wp-json\/wp\/v2\/product_tag?post=11936"}],"curies":[{"name":"wp","href":"https:\/\/api.w.org\/{rel}","templated":true}]}}