{"id":11958,"date":"2024-03-05T02:26:20","date_gmt":"2024-03-04T22:26:20","guid":{"rendered":"https:\/\/karchershop.az\/?post_type=product&#038;p=11958"},"modified":"2026-05-01T21:35:59","modified_gmt":"2026-05-01T17:35:59","slug":"sc-5-deluxe-signature-line","status":"publish","type":"product","link":"https:\/\/karchershop.az\/az\/home-garden\/paroochistiteli\/sc-5-deluxe-signature-line","title":{"rendered":"SC 5 DELUXE SIGNATURE LINE"},"content":{"rendered":"<p>Yaln\u0131z \u0259n innovativ v\u0259 y\u00fcks\u0259k m\u0259hsuldar m\u0259hsullar\u0131m\u0131z Alfred K\u00e4rcher \u2014 texnologiyalar\u0131n pioneri v\u0259 \u015firk\u0259tin qurucusunun imzas\u0131 il\u0259 i\u015far\u0259l\u0259nir. Yeni SC 5 Deluxe Signature Line seriyas\u0131 \u2014 ilk bax\u0131\u015fdan K\u00e4rcher-in \u00f6z kateqoriyas\u0131nda \u0259n yax\u015f\u0131 cihaz\u0131 oldu\u011funu g\u00f6st\u0259rir.\n\n\u018fn yax\u015f\u0131 buxar t\u0259mizl\u0259yicimiz SC 5 Deluxe Signature Line t\u0259mizliyi rahat v\u0259 z\u00f6vql\u00fc m\u0259\u015f\u011fuliyy\u0259t\u0259 \u00e7evirir. Y\u00fcks\u0259k s\u0259viyy\u0259li funksiyalar aras\u0131nda s\u0259th\u0259 v\u0259 \u00e7irkl\u0259nm\u0259 d\u0259r\u0259c\u0259sin\u0259 uy\u011fun t\u0259nziml\u0259n\u0259n buxar \u00e7\u0131x\u0131\u015f\u0131 v\u0259 \u0259lav\u0259 olaraq...\u00a0<span class=\"fix-spelling\">VapoHydro<\/span>funksiyas\u0131, h\u0259m buxar\u0131n, h\u0259m d\u0259 isti suyun \u00e7\u0131x\u0131\u015f\u0131n\u0131 idar\u0259 etm\u0259y\u0259 imkan ver\u0259r\u0259k i\u015f zaman\u0131 h\u0259qiqi WOW-anlar yarad\u0131r.\n\nSu \u00e7\u0259ni \u00e7\u0131xar\u0131la bil\u0259ndir v\u0259 fasil\u0259siz doldurulma imkan\u0131 t\u0259min edir, bu da davaml\u0131 t\u0259mizliyi z\u0259man\u0259t alt\u0131na al\u0131r.\n\nReal vaxt rejimind\u0259 i\u015fl\u0259y\u0259n LED displey vasit\u0259sil\u0259 cihaz\u0131n istifad\u0259y\u0259 n\u0259 q\u0259d\u0259r tez haz\u0131r oldu\u011funu g\u00f6r\u0259 bil\u0259rsiniz.\n\nDaxili aksesuar saxlama b\u00f6lm\u0259si say\u0259sind\u0259 is\u0259 i\u015f bitdikd\u0259n sonra evinizd\u0259 d\u0259rhal nizam-intizam t\u0259min edilir.<\/p>","protected":false},"excerpt":{"rendered":"<p>LED i\u015f\u0131q zola\u011f\u0131, real vaxt temperatur g\u00f6st\u0259ricisi funksiyas\u0131 il\u0259 t\u0259chiz olunmu\u015f SC 5 Deluxe buxar t\u0259mizl\u0259yicisi.\u00a0<span class=\"fix-spelling\">VapoHydro<\/span>\u00a0v\u0259 rahat aksesuar saxlama b\u00f6lm\u0259si il\u0259 fasil\u0259siz v\u0259 rahat t\u0259mizlik t\u0259min edir.<\/p>","protected":false},"featured_media":11959,"comment_status":"open","ping_status":"closed","template":"","meta":[],"product_cat":[184],"product_tag":[],"class_list":{"0":"post-11958","1":"product","2":"type-product","3":"status-publish","4":"has-post-thumbnail","6":"product_cat-paroochistiteli","8":"first","9":"instock","10":"shipping-taxable","11":"purchasable","12":"product-type-simple"},"_links":{"self":[{"href":"https:\/\/karchershop.az\/az\/wp-json\/wp\/v2\/product\/11958","targetHints":{"allow":["GET"]}}],"collection":[{"href":"https:\/\/karchershop.az\/az\/wp-json\/wp\/v2\/product"}],"about":[{"href":"https:\/\/karchershop.az\/az\/wp-json\/wp\/v2\/types\/product"}],"replies":[{"embeddable":true,"href":"https:\/\/karchershop.az\/az\/wp-json\/wp\/v2\/comments?post=11958"}],"wp:featuredmedia":[{"embeddable":true,"href":"https:\/\/karchershop.az\/az\/wp-json\/wp\/v2\/media\/11959"}],"wp:attachment":[{"href":"https:\/\/karchershop.az\/az\/wp-json\/wp\/v2\/media?parent=11958"}],"wp:term":[{"taxonomy":"product_cat","embeddable":true,"href":"https:\/\/karchershop.az\/az\/wp-json\/wp\/v2\/product_cat?post=11958"},{"taxonomy":"product_tag","embeddable":true,"href":"https:\/\/karchershop.az\/az\/wp-json\/wp\/v2\/product_tag?post=11958"}],"curies":[{"name":"wp","href":"https:\/\/api.w.org\/{rel}","templated":true}]}}