{"id":11982,"date":"2024-03-05T11:05:41","date_gmt":"2024-03-05T07:05:41","guid":{"rendered":"https:\/\/karchershop.az\/?post_type=product&#038;p=11982"},"modified":"2026-05-11T10:32:32","modified_gmt":"2026-05-11T06:32:32","slug":"fc-7-signature-line","status":"publish","type":"product","link":"https:\/\/karchershop.az\/az\/home-garden\/tehnika-dlya-vlazhnoj-uborki-pola\/fc-7-signature-line","title":{"rendered":"FC 7 SIGNATURE LINE"},"content":{"rendered":"<p>Yaln\u0131z \u0259n innovativ v\u0259 y\u00fcks\u0259k performansl\u0131 m\u0259hsullar\u0131m\u0131z texnologiya yarad\u0131c\u0131s\u0131 v\u0259 \u015firk\u0259tin t\u0259sis\u00e7isi Alfred K\u00e4rcher-in imzas\u0131 il\u0259 qeyd olunur. Yeni FC 7 Signature Line seriyas\u0131: ilk bax\u0131\u015fdan bu cihaz\u0131n \u00f6z kateqoriyas\u0131nda \u0259n yax\u015f\u0131s\u0131 oldu\u011fu ayd\u0131n g\u00f6r\u00fcn\u00fcr. FC 7 Signature Line d\u00f6\u015f\u0259m\u0259niz\u0259 \u0259sl VAU-effekti ver\u0259c\u0259k \u2014 v\u0259 adi t\u0259mizl\u0259m\u0259 il\u0259 m\u00fcqayis\u0259d\u0259 iki d\u0259f\u0259 daha s\u00fcr\u0259tli.**\n\n4 valikli texnologiya, 2 t\u0259mizl\u0259m\u0259 s\u0259viyy\u0259si v\u0259 Boost funksiyas\u0131 say\u0259sind\u0259 o, g\u00fcnd\u0259lik quru v\u0259 ya\u015f l\u0259k\u0259l\u0259rin ham\u0131s\u0131n\u0131 \u0259vv\u0259lc\u0259d\u0259n tozsoranla t\u0259mizl\u0259m\u0259y\u0259 ehtiyac olmadan aradan qald\u0131r\u0131r. Korpusda, valikli f\u0131r\u00e7alar\u0131n \u00fcz\u0259rind\u0259 yerl\u0259\u015f\u0259n LED i\u015f\u0131qland\u0131rma he\u00e7 bir toz z\u0259rr\u0259ciyini g\u00f6zd\u0259n qa\u00e7\u0131rm\u0131r, x\u00fcsusi filtrl\u0259r is\u0259 sa\u00e7 v\u0259 t\u00fck\u00fcn effektiv toplanmas\u0131n\u0131 t\u0259min edir. Top-modelimiz ist\u0259nil\u0259n d\u00f6\u015f\u0259m\u0259d\u0259 l\u0259k\u0259 v\u0259 \u00e7irki aradan qald\u0131rmaq \u00fc\u00e7\u00fcn \u0259lav\u0259 valikl\u0259rl\u0259 tam t\u0259chiz olunub.<\/p>","protected":false},"excerpt":{"rendered":"<p>LED i\u015f\u0131qland\u0131rmal\u0131 FC 7 Signature Line d\u00f6\u015f\u0259m\u0259 yuma aparat\u0131 (elektrik mop) tozsoranla \u0259vv\u0259lc\u0259d\u0259n t\u0259mizl\u0259m\u0259y\u0259 ehtiyac olmadan t\u0259z\u0259 yuyulmu\u015f d\u00f6\u015f\u0259m\u0259l\u0259r t\u0259min edir. D\u0259st\u0259y\u0259 500 ml universal t\u0259mizl\u0259yici vasit\u0259, 30 ml da\u015f \u00f6rt\u00fckl\u0259r \u00fc\u00e7\u00fcn t\u0259mizl\u0259yici vasit\u0259 v\u0259 da\u015f d\u00f6\u015f\u0259m\u0259l\u0259r \u00fc\u00e7\u00fcn \u0259lav\u0259 valik d\u0259sti daxildir.<\/p>","protected":false},"featured_media":11983,"comment_status":"open","ping_status":"closed","template":"","meta":[],"product_cat":[181],"product_tag":[],"class_list":{"0":"post-11982","1":"product","2":"type-product","3":"status-publish","4":"has-post-thumbnail","6":"product_cat-tehnika-dlya-vlazhnoj-uborki-pola","8":"first","9":"instock","10":"sale","11":"shipping-taxable","12":"purchasable","13":"product-type-simple"},"_links":{"self":[{"href":"https:\/\/karchershop.az\/az\/wp-json\/wp\/v2\/product\/11982","targetHints":{"allow":["GET"]}}],"collection":[{"href":"https:\/\/karchershop.az\/az\/wp-json\/wp\/v2\/product"}],"about":[{"href":"https:\/\/karchershop.az\/az\/wp-json\/wp\/v2\/types\/product"}],"replies":[{"embeddable":true,"href":"https:\/\/karchershop.az\/az\/wp-json\/wp\/v2\/comments?post=11982"}],"wp:featuredmedia":[{"embeddable":true,"href":"https:\/\/karchershop.az\/az\/wp-json\/wp\/v2\/media\/11983"}],"wp:attachment":[{"href":"https:\/\/karchershop.az\/az\/wp-json\/wp\/v2\/media?parent=11982"}],"wp:term":[{"taxonomy":"product_cat","embeddable":true,"href":"https:\/\/karchershop.az\/az\/wp-json\/wp\/v2\/product_cat?post=11982"},{"taxonomy":"product_tag","embeddable":true,"href":"https:\/\/karchershop.az\/az\/wp-json\/wp\/v2\/product_tag?post=11982"}],"curies":[{"name":"wp","href":"https:\/\/api.w.org\/{rel}","templated":true}]}}