{"id":1219,"date":"2020-04-29T15:01:57","date_gmt":"2020-04-29T11:01:57","guid":{"rendered":"https:\/\/karchershop.az\/?post_type=product&#038;p=1219"},"modified":"2026-05-01T21:35:21","modified_gmt":"2026-05-01T17:35:21","slug":"sc-2-deluxe-easyfix-eu","status":"publish","type":"product","link":"https:\/\/karchershop.az\/az\/home-garden\/paroochistiteli\/sc-2-deluxe-easyfix-eu","title":{"rendered":"SC 2 Deluxe EasyFix *EU"},"content":{"rendered":"<p>Premium SC 2 Deluxe EasyFix buxar t\u0259mizl\u0259yicisi universal aksesuarlarla t\u0259chiz edilmi\u015fdir: \u0259lav\u0259 uzun \u00e7antada v\u0259 ya birba\u015fa cihazda saxlan\u0131la bil\u0259n standart aksesuarlara \u0259lav\u0259 olaraq, d\u00f6\u015f\u0259m\u0259 t\u0259mizl\u0259yici ba\u015fl\u0131q \u00fc\u00e7\u00fcn g\u00fccl\u00fc mikrofiber par\u00e7a, g\u00fccl\u00fc ba\u015fl\u0131q v\u0259 geni\u015f d\u0259yirmir f\u0131r\u00e7a il\u0259 t\u0259chiz olunmu\u015fdur. Bu aksesuarlar\u0131n say\u0259sind\u0259 kafel, soba, t\u00fcst\u00fc lyuklar\u0131 v\u0259 h\u0259tta \u0259n ki\u00e7ik bo\u015fluqlar gigiyenik c\u0259h\u0259td\u0259n t\u0259miz olacaqd\u0131r. SC 2 Deluxe EasyFix Premium giri\u015f s\u0259viyy\u0259li kompakt buxar t\u0259mizl\u0259yicisini istifad\u0259 ed\u0259rk\u0259n he\u00e7 bir kimy\u0259vi madd\u0259 t\u0259l\u0259b olunmur v\u0259 evd\u0259 bilin\u0259n 99,99% bakteriya s\u0259rt s\u0259thl\u0259rd\u0259 \u00e7\u0131xar\u0131l\u0131r. Bundan \u0259lav\u0259, buxar t\u0259mizl\u0259yicisi buxar intensivliyini s\u0259th\u0259 v\u0259 \u00e7irkl\u0259nm\u0259 s\u0259viyy\u0259sin\u0259 uy\u011funla\u015fd\u0131rmaq \u00fc\u00e7\u00fcn iki m\u0259rh\u0259l\u0259li buxar n\u0259zar\u0259tini t\u0259min edir v\u0259 i\u015f rejimini g\u00f6st\u0259rm\u0259k \u00fc\u00e7\u00fcn korpusda yenilik\u00e7i bir LED halqa il\u0259 t\u0259chiz edilmi\u015fdir. Q\u0131rm\u0131z\u0131 r\u0259ng istil\u0259\u015fm\u0259, ya\u015f\u0131l r\u0259ng dem\u0259kdir ki, cihaz istifad\u0259y\u0259 haz\u0131rd\u0131r. Yeni EasyFix d\u00f6\u015f\u0259m\u0259 ba\u015fl\u0131\u011f\u0131, yer\u0259 \u0259yilm\u0259d\u0259n mikrofiber salfetl\u0259r d\u00fcz\u0259ltm\u0259y\u0259 imkan ver\u0259n \u00e7\u0131rt-\u00e7\u0131rt b\u0259rkidicisi il\u0259 t\u0259chiz olunmu\u015fdur - sad\u0259c\u0259 ba\u015fl\u0131\u011f\u0131 salfet\u0259 basd\u0131r\u0131n.<\/p>","protected":false},"excerpt":{"rendered":"<p>Premium SC 2 Deluxe EasyFix buxar t\u0259mizl\u0259yicisi universal aksesuarlarla t\u0259chiz edilmi\u015fdir: \u0259lav\u0259 uzun \u00e7antada v\u0259 ya birba\u015fa cihazda saxlan\u0131la bil\u0259n standart aksesuarlara \u0259lav\u0259 olaraq, d\u00f6\u015f\u0259m\u0259 t\u0259mizl\u0259yici ba\u015fl\u0131q \u00fc\u00e7\u00fcn g\u00fccl\u00fc mikrofiber par\u00e7a, g\u00fccl\u00fc ba\u015fl\u0131q v\u0259 geni\u015f d\u0259yirmi f\u0131r\u00e7a il\u0259 t\u0259chiz olunmu\u015fdur.<\/p>","protected":false},"featured_media":12403,"comment_status":"open","ping_status":"closed","template":"","meta":[],"product_cat":[15,184],"product_tag":[257],"class_list":{"0":"post-1219","1":"product","2":"type-product","3":"status-publish","4":"has-post-thumbnail","6":"product_cat-home-garden","7":"product_cat-paroochistiteli","8":"product_tag-poroochistiteli","10":"first","11":"instock","12":"shipping-taxable","13":"purchasable","14":"product-type-simple"},"_links":{"self":[{"href":"https:\/\/karchershop.az\/az\/wp-json\/wp\/v2\/product\/1219","targetHints":{"allow":["GET"]}}],"collection":[{"href":"https:\/\/karchershop.az\/az\/wp-json\/wp\/v2\/product"}],"about":[{"href":"https:\/\/karchershop.az\/az\/wp-json\/wp\/v2\/types\/product"}],"replies":[{"embeddable":true,"href":"https:\/\/karchershop.az\/az\/wp-json\/wp\/v2\/comments?post=1219"}],"wp:featuredmedia":[{"embeddable":true,"href":"https:\/\/karchershop.az\/az\/wp-json\/wp\/v2\/media\/12403"}],"wp:attachment":[{"href":"https:\/\/karchershop.az\/az\/wp-json\/wp\/v2\/media?parent=1219"}],"wp:term":[{"taxonomy":"product_cat","embeddable":true,"href":"https:\/\/karchershop.az\/az\/wp-json\/wp\/v2\/product_cat?post=1219"},{"taxonomy":"product_tag","embeddable":true,"href":"https:\/\/karchershop.az\/az\/wp-json\/wp\/v2\/product_tag?post=1219"}],"curies":[{"name":"wp","href":"https:\/\/api.w.org\/{rel}","templated":true}]}}