{"id":12337,"date":"2024-05-30T02:29:58","date_gmt":"2024-05-29T22:29:58","guid":{"rendered":"https:\/\/karchershop.az\/?post_type=product&#038;p=12337"},"modified":"2026-05-05T16:07:52","modified_gmt":"2026-05-05T12:07:52","slug":"k-3-classic-car","status":"publish","type":"product","link":"https:\/\/karchershop.az\/az\/home-garden\/mojki-vysokogo-davleniya\/k-3-classic-car","title":{"rendered":"K 3 Classic Car"},"content":{"rendered":"<p>Kompakt dizayn y\u00fcks\u0259k t\u0259zyiqli yuyucunun b\u00fct\u00fcn g\u00fcc\u00fcn\u00fc \u00f6z\u00fcnd\u0259 birl\u0259\u015fdirir: K 3 Classic Car h\u0259r bax\u0131mdan t\u0259sir edicidir. Avtomobil t\u0259mizl\u0259m\u0259 \u00fc\u00e7\u00fcn \u0259lav\u0259 d\u0259st t\u0259mizliyi daha s\u0259m\u0259r\u0259li edir v\u0259 boz t\u0259b\u0259q\u0259ni aradan qald\u0131rmaq \u00fc\u00e7\u00fcn f\u0131r\u00e7a, k\u00f6p\u00fck \u00fc\u00e7\u00fcn x\u00fcsusi ba\u015fl\u0131q \u2013 k\u00f6p\u00fcy\u00fcn yax\u015f\u0131 yap\u0131\u015fmas\u0131n\u0131 v\u0259 \u00e7irkin maksimum d\u0259r\u0259c\u0259d\u0259 h\u0259ll olunmas\u0131n\u0131 t\u0259min edir \u2013 v\u0259 500 ml avtomobil \u015fampununu \u0259hat\u0259 edir. Bundan \u0259lav\u0259, al\u00fcminium teleskopik sap\u0131 qatlama\u011fa imkan verir, yer\u0259 q\u0259na\u0259t edir v\u0259 onu son d\u0259r\u0259c\u0259 portativ v\u0259 \u00e7evik edir. K 3 Classic Car modeli, tapan\u00e7a il\u0259 t\u0259chiz olunmu\u015fdur.\u00a0<span class=\"fix-spelling\">Quick Connect<\/span>,6 metrlik y\u00fcks\u0259k t\u0259zyiqli \u015flanq, Vario Power p\u00fcsk\u00fcrtm\u0259 borusu, \u00e7irkyuyan ba\u015fl\u0131q v\u0259 su s\u00fczg\u0259ci il\u0259 t\u0259chiz olunmu\u015f bu cihaz, vaxta\u015f\u0131r\u0131 istifad\u0259, h\u0259m\u00e7inin ba\u011f mebeli, ba\u011f al\u0259tl\u0259ri, velosipedl\u0259r v\u0259 evin \u0259traf\u0131ndak\u0131 dig\u0259r obyektl\u0259rin ki\u00e7ik \u00e7irkl\u0259nm\u0259l\u0259rini t\u0259mizl\u0259m\u0259k \u00fc\u00e7\u00fcn ideal se\u00e7imdir. Sah\u0259 t\u0259mizl\u0259m\u0259 m\u0259hsuldarl\u0131\u011f\u0131 25 m\u00b2\/saat t\u0259\u015fkil edir.<\/p>","protected":false},"excerpt":{"rendered":"<p>Y\u00fcng\u00fcl \u00e7irkl\u0259nm\u0259l\u0259r \u00fc\u00e7\u00fcn daha da effektli: teleskopik sapl\u0131 kompakt v\u0259 rahat K 3 Classic Car y\u00fcks\u0259k t\u0259zyiqli yuyucu x\u00fcsusil\u0259 avtomobill\u0259rin yuyulmas\u0131 \u00fc\u00e7\u00fcn \u00e7ox effektivdir.<\/p>","protected":false},"featured_media":12339,"comment_status":"open","ping_status":"closed","template":"","meta":[],"product_cat":[15,20],"product_tag":[252],"class_list":{"0":"post-12337","1":"product","2":"type-product","3":"status-publish","4":"has-post-thumbnail","6":"product_cat-home-garden","7":"product_cat-mojki-vysokogo-davleniya","8":"product_tag-pressure-washers","10":"first","11":"instock","12":"shipping-taxable","13":"purchasable","14":"product-type-simple"},"_links":{"self":[{"href":"https:\/\/karchershop.az\/az\/wp-json\/wp\/v2\/product\/12337","targetHints":{"allow":["GET"]}}],"collection":[{"href":"https:\/\/karchershop.az\/az\/wp-json\/wp\/v2\/product"}],"about":[{"href":"https:\/\/karchershop.az\/az\/wp-json\/wp\/v2\/types\/product"}],"replies":[{"embeddable":true,"href":"https:\/\/karchershop.az\/az\/wp-json\/wp\/v2\/comments?post=12337"}],"wp:featuredmedia":[{"embeddable":true,"href":"https:\/\/karchershop.az\/az\/wp-json\/wp\/v2\/media\/12339"}],"wp:attachment":[{"href":"https:\/\/karchershop.az\/az\/wp-json\/wp\/v2\/media?parent=12337"}],"wp:term":[{"taxonomy":"product_cat","embeddable":true,"href":"https:\/\/karchershop.az\/az\/wp-json\/wp\/v2\/product_cat?post=12337"},{"taxonomy":"product_tag","embeddable":true,"href":"https:\/\/karchershop.az\/az\/wp-json\/wp\/v2\/product_tag?post=12337"}],"curies":[{"name":"wp","href":"https:\/\/api.w.org\/{rel}","templated":true}]}}