{"id":12538,"date":"2024-07-05T16:37:35","date_gmt":"2024-07-05T12:37:35","guid":{"rendered":"https:\/\/karchershop.az\/?post_type=product&#038;p=12538"},"modified":"2026-05-08T13:58:46","modified_gmt":"2026-05-08T09:58:46","slug":"rcv-2","status":"publish","type":"product","link":"https:\/\/karchershop.az\/az\/home-garden\/roboty-pylesosy\/rcv-2","title":{"rendered":"RCV 2"},"content":{"rendered":"<p>Sevimli f\u0259aliyy\u0259tl\u0259riniz \u00fc\u00e7\u00fcn vaxt ay\u0131r\u0131n: a\u011f\u0131ll\u0131 robot tozsoran RCV 2 b\u00fct\u00fcn d\u00f6\u015f\u0259m\u0259l\u0259rin t\u0259mizl\u0259nm\u0259si il\u0259 m\u0259\u015f\u011ful olur. Sad\u0259c\u0259 olaraq cihaz\u0131 yand\u0131r\u0131n v\u0259 o, avtonom rejimd\u0259 s\u0259rt d\u00f6\u015f\u0259m\u0259 \u00f6rt\u00fckl\u0259rini v\u0259 q\u0131sa xovlu xal\u00e7alar\u0131 sistematik \u015f\u0259kild\u0259 t\u0259mizl\u0259y\u0259c\u0259k. F\u0131rlanan \u0259sas v\u0259 yan f\u0131r\u00e7alarla birlikd\u0259 g\u00fccl\u00fc emi\u015f turbin b\u00fct\u00fcn d\u00f6\u015f\u0259m\u0259 sah\u0259sinin k\u0259narlar\u0131 v\u0259 k\u00fcncl\u0259ri daxil olmaqla, qura\u015fd\u0131r\u0131lm\u0131\u015f tullant\u0131 qab\u0131na y\u0131\u011f\u0131lm\u0131\u015f quru zibild\u0259n t\u0259mizl\u0259nm\u0259sini t\u0259min edir. Laz\u0131m g\u0259l\u0259rs\u0259, RCV 2 cihaz\u0131 yaln\u0131z quru deyil, h\u0259m d\u0259 n\u0259m t\u0259mizl\u0259m\u0259 apara bil\u0259r v\u0259 ya h\u0259r iki rejimi birl\u0259\u015fdir\u0259 bil\u0259r. Bu m\u0259qs\u0259dl\u0259 cihaz \u201c2-d\u0259 1\u201d \u00e7\u0259n sistemi il\u0259 t\u0259chiz olunub: 420 ml-lik toz qab\u0131na \u0259lav\u0259 olaraq, 250 ml-lik t\u0259miz su \u00e7\u0259ni d\u0259 var. T\u0259mizl\u0259m\u0259 ba\u015fa \u00e7atd\u0131qdan sonra v\u0259 ya batareyan\u0131n doldurulmas\u0131 \u0259h\u0259miyy\u0259tli d\u0259r\u0259c\u0259d\u0259 azald\u0131qda, robot tozsoran onu doldurmaq \u00fc\u00e7\u00fcn baza stansiyas\u0131na qay\u0131d\u0131r. Cihaz h\u00fcnd\u00fcrl\u00fckd\u0259n (m\u0259s\u0259l\u0259n, n\u0259rdivandan) d\u00fc\u015fm\u0259sinin qar\u015f\u0131s\u0131n\u0131 alan \u0259lav\u0259 sensorlarla t\u0259chiz edilmi\u015fdir. T\u0259mizl\u0259m\u0259nin ba\u015flan\u011f\u0131c\u0131, qura\u015fd\u0131r\u0131lm\u0131\u015f mobil proqram\u0131 olan bir smartfondan, uzaqdan idar\u0259etm\u0259d\u0259n v\u0259 ya RCV 2 g\u00f6vd\u0259sind\u0259ki d\u00fcym\u0259ni basmaqla ba\u015flana bil\u0259r. T\u0259tbiqd\u0259 i\u015f rejiml\u0259rini konfiqurasiya ed\u0259 v\u0259 f\u0259rdi t\u0259mizl\u0259m\u0259 planlar\u0131n\u0131 t\u0259yin ed\u0259 bil\u0259rsiniz. Cihaz\u0131n i\u015fl\u0259m\u0259sinin sahibinin m\u00fcdaxil\u0259sini t\u0259l\u0259b etdiyi bar\u0259d\u0259 m\u0259lumatlar bir \u00e7ox hallarda nitq \u015f\u0259klind\u0259 verilir.<\/p>","protected":false},"excerpt":{"rendered":"<p>Gironaviqasiya v\u0259 mobil proqramdan rahat idar\u0259etm\u0259 say\u0259sind\u0259 n\u0259m t\u0259mizl\u0259m\u0259 funksiyas\u0131na malik a\u011f\u0131ll\u0131 robot tozsoran RCV 2 tam avtonom rejimd\u0259 h\u0259m s\u0259rt d\u00f6\u015f\u0259m\u0259l\u0259ri, h\u0259m d\u0259 q\u0131sa xovlu xal\u00e7alar\u0131 sistematik \u015f\u0259kild\u0259 t\u0259mizl\u0259yir.<\/p>","protected":false},"featured_media":12539,"comment_status":"open","ping_status":"closed","template":"","meta":[],"product_cat":[15,564],"product_tag":[],"class_list":{"0":"post-12538","1":"product","2":"type-product","3":"status-publish","4":"has-post-thumbnail","6":"product_cat-home-garden","7":"product_cat-roboty-pylesosy","9":"first","10":"instock","11":"shipping-taxable","12":"purchasable","13":"product-type-simple"},"_links":{"self":[{"href":"https:\/\/karchershop.az\/az\/wp-json\/wp\/v2\/product\/12538","targetHints":{"allow":["GET"]}}],"collection":[{"href":"https:\/\/karchershop.az\/az\/wp-json\/wp\/v2\/product"}],"about":[{"href":"https:\/\/karchershop.az\/az\/wp-json\/wp\/v2\/types\/product"}],"replies":[{"embeddable":true,"href":"https:\/\/karchershop.az\/az\/wp-json\/wp\/v2\/comments?post=12538"}],"wp:featuredmedia":[{"embeddable":true,"href":"https:\/\/karchershop.az\/az\/wp-json\/wp\/v2\/media\/12539"}],"wp:attachment":[{"href":"https:\/\/karchershop.az\/az\/wp-json\/wp\/v2\/media?parent=12538"}],"wp:term":[{"taxonomy":"product_cat","embeddable":true,"href":"https:\/\/karchershop.az\/az\/wp-json\/wp\/v2\/product_cat?post=12538"},{"taxonomy":"product_tag","embeddable":true,"href":"https:\/\/karchershop.az\/az\/wp-json\/wp\/v2\/product_tag?post=12538"}],"curies":[{"name":"wp","href":"https:\/\/api.w.org\/{rel}","templated":true}]}}