{"id":1258,"date":"2020-04-29T15:16:58","date_gmt":"2020-04-29T11:16:58","guid":{"rendered":"https:\/\/karchershop.az\/?post_type=product&#038;p=1258"},"modified":"2026-05-01T21:35:22","modified_gmt":"2026-05-01T17:35:22","slug":"sc-3-easyfix-premium-white-eu","status":"publish","type":"product","link":"https:\/\/karchershop.az\/az\/home-garden\/paroochistiteli\/sc-3-easyfix-premium-white-eu","title":{"rendered":"SC 3 EasyFix"},"content":{"rendered":"<p>Karcher SC 3 EASYF\u0130X PREM\u0130UM buxar t\u0259mizl\u0259yicisi 40 saniy\u0259 \u0259rzind\u0259 isinir v\u0259 davaml\u0131 buxar istehsal edir. U\u015faqlar \u00fc\u00e7\u00fcn qoruma funksiyas\u0131, avtomobild\u0259 a\u00e7ma-s\u00f6nd\u00fcrm\u0259 a\u00e7ar\u0131 var. Mikrofiber d\u00f6\u015f\u0259m\u0259 \u00f6rt\u00fcy\u00fc he\u00e7 bir kirl\u0259 t\u0259mas etm\u0259d\u0259n asanl\u0131qla yap\u0131\u015fd\u0131r\u0131la v\u0259 \u00e7\u0131xar\u0131la bil\u0259r v\u0259 onlar t\u0259krar istifad\u0259 edil\u0259 bil\u0259r. Buxar t\u0259mizl\u0259yici m\u00fcxt\u0259lif s\u0259thl\u0259rin gigiyenik t\u0259mizl\u0259nm\u0259si \u00fc\u00e7\u00fcn aksesuar paketi v\u0259 s\u0259m\u0259r\u0259li t\u0259mizl\u0259m\u0259 \u00fc\u00e7\u00fcn \u00e7evik birl\u0259\u015fm\u0259 il\u0259 EasyFix d\u00f6\u015f\u0259m\u0259 ba\u015fl\u0131\u011f\u0131 il\u0259 birlikd\u0259 t\u0259qdim olunur. Q\u0131z\u0131d\u0131r\u0131c\u0131 g\u00fcc\u00fc 1 900 VT, buxar t\u0259zyiqi 3.5 bar, 4.9 kq \u00e7\u0259kiy\u0259 malikdir. Karcher SC 3 EasyFix buxar t\u0259mizl\u0259yici kimy\u0259vi madd\u0259l\u0259rd\u0259n istifad\u0259 etm\u0259d\u0259n buxar\u0131n g\u00fcc\u00fcnd\u0259n istifad\u0259 ed\u0259r\u0259k bakteriyalar\u0131 v\u0259 viruslar\u0131, h\u0259m\u00e7inin kir v\u0259 l\u0259k\u0259l\u0259ri 99,9%-\u0259 q\u0259d\u0259r t\u0259mizl\u0259yir. Alman keyfiyy\u0259tini \u00f6z\u00fcnd\u0259 birl\u0259\u015fdir\u0259n Karcher aparatlari Karcher ma\u011fazalar\u0131nda! Az\u0259rbaycan\u0131n b\u00fct\u00fcn \u0259razil\u0259rin\u0259 \u00e7atd\u0131r\u0131lma m\u00fcmk\u00fcnd\u00fcr!<\/p>","protected":false},"excerpt":{"rendered":"<p>Karcher SC 3 EasyFix buxar t\u0259mizl\u0259yici kimy\u0259vi madd\u0259l\u0259rd\u0259n istifad\u0259 etm\u0259d\u0259n buxar\u0131n g\u00fcc\u00fcnd\u0259n istifad\u0259 ed\u0259r\u0259k bakteriyalar\u0131 v\u0259 viruslar\u0131, h\u0259m\u00e7inin kir v\u0259 l\u0259k\u0259l\u0259ri 99,9%-\u0259 q\u0259d\u0259r t\u0259mizl\u0259yir.<\/p>","protected":false},"featured_media":13839,"comment_status":"open","ping_status":"closed","template":"","meta":[],"product_cat":[15,184],"product_tag":[257],"class_list":{"0":"post-1258","1":"product","2":"type-product","3":"status-publish","4":"has-post-thumbnail","6":"product_cat-home-garden","7":"product_cat-paroochistiteli","8":"product_tag-poroochistiteli","10":"first","11":"outofstock","12":"shipping-taxable","13":"purchasable","14":"product-type-simple"},"_links":{"self":[{"href":"https:\/\/karchershop.az\/az\/wp-json\/wp\/v2\/product\/1258","targetHints":{"allow":["GET"]}}],"collection":[{"href":"https:\/\/karchershop.az\/az\/wp-json\/wp\/v2\/product"}],"about":[{"href":"https:\/\/karchershop.az\/az\/wp-json\/wp\/v2\/types\/product"}],"replies":[{"embeddable":true,"href":"https:\/\/karchershop.az\/az\/wp-json\/wp\/v2\/comments?post=1258"}],"wp:featuredmedia":[{"embeddable":true,"href":"https:\/\/karchershop.az\/az\/wp-json\/wp\/v2\/media\/13839"}],"wp:attachment":[{"href":"https:\/\/karchershop.az\/az\/wp-json\/wp\/v2\/media?parent=1258"}],"wp:term":[{"taxonomy":"product_cat","embeddable":true,"href":"https:\/\/karchershop.az\/az\/wp-json\/wp\/v2\/product_cat?post=1258"},{"taxonomy":"product_tag","embeddable":true,"href":"https:\/\/karchershop.az\/az\/wp-json\/wp\/v2\/product_tag?post=1258"}],"curies":[{"name":"wp","href":"https:\/\/api.w.org\/{rel}","templated":true}]}}