{"id":12609,"date":"2024-07-24T10:22:04","date_gmt":"2024-07-24T06:22:04","guid":{"rendered":"https:\/\/karchershop.az\/?post_type=product&#038;p=12609"},"modified":"2026-05-01T21:36:00","modified_gmt":"2026-05-01T17:36:00","slug":"sc-2-easyfix-plus","status":"publish","type":"product","link":"https:\/\/karchershop.az\/az\/home-garden\/paroochistiteli\/sc-2-easyfix-plus","title":{"rendered":"SC 2 EasyFix PLUS"},"content":{"rendered":"<p>SC 2 EasyFix Premium buxar t\u0259mizl\u0259yicisi\u00a0<span class=\"fix-spelling\">EasyFix<\/span>\u00a0K\u00e4rcher-in Plus modeli istismar bax\u0131m\u0131ndan son d\u0259r\u0259c\u0259 sad\u0259dir, onun erqonomik d\u00f6\u015f\u0259m\u0259 ba\u015fl\u0131\u011f\u0131 is\u0259\u00a0<span class=\"fix-spelling\">EasyFix<\/span>\u00a0K\u00e4rcher-in Plus modeli istifad\u0259 bax\u0131m\u0131ndan son d\u0259r\u0259c\u0259 rahatd\u0131r, onun k\u00fcncl\u00fc birl\u0259\u015fm\u0259y\u0259 malik erqonomik d\u00f6\u015f\u0259m\u0259 ba\u015fl\u0131\u011f\u0131 v\u0259 l\u00f6vh\u0259li altl\u0131\u011f\u0131 say\u0259sind\u0259 s\u0259thl\u0259rd\u0259 m\u00fck\u0259mm\u0259l t\u0259mizliyi tez bir zamanda t\u0259min edir. D\u00f6\u015f\u0259m\u0259 \u00fc\u00e7\u00fcn salfet asanca ba\u015fl\u0131\u011fa velkro (c\u0131rt-c\u0131rt) vasit\u0259sil\u0259 b\u0259rkidilir v\u0259 \u00e7irk\u0259 toxunmadan s\u00fcr\u0259tli \u015f\u0259kild\u0259 \u00e7\u0131xar\u0131l\u0131r.\n\n2-pill\u0259li buxar t\u0259nziml\u0259yicisi buxar\u0131n g\u00fcc\u00fcn\u00fc t\u0259mizl\u0259n\u0259n s\u0259thin x\u00fcsusiyy\u0259tl\u0259rin\u0259 v\u0259 \u00e7irkl\u0259nm\u0259 d\u0259r\u0259c\u0259sin\u0259 uy\u011funla\u015fd\u0131rma\u011fa imkan verir. Bundan \u0259lav\u0259, cihaz funksionall\u0131\u011f\u0131n\u0131 art\u0131ran geni\u015fl\u0259ndirilmi\u015f aksesuar d\u0259sti il\u0259 t\u0259chiz olunub. Al\u0259tin \u00fcz\u0259rind\u0259 aksessuarlar\u0131 saxlamaq v\u0259 i\u015f fasil\u0259l\u0259ri zaman\u0131 d\u00f6\u015f\u0259m\u0259 ba\u015fl\u0131\u011f\u0131n\u0131 g\u00f6vd\u0259y\u0259 b\u0259rkitm\u0259k imkan\u0131 da m\u00f6vcuddur.\u00a0<span class=\"fix-spelling\">EasyFix<\/span>\u00a0Plus modeli t\u0259mizlik zaman\u0131 m\u0259i\u015f\u0259t kimy\u0259vi vasit\u0259l\u0259rind\u0259n istifad\u0259 etm\u0259d\u0259n effektiv n\u0259tic\u0259 t\u0259min edir v\u0259 \u00e7ox\u015fax\u0259li istifad\u0259 imkanlar\u0131na malikdir. D\u0259rin buxarla t\u0259mizl\u0259m\u0259 zaman\u0131 s\u0259rt s\u0259thl\u0259rd\u0259 viruslar\u0131n 99,99%-i v\u0259 m\u0259i\u015f\u0259td\u0259 geni\u015f yay\u0131lm\u0131\u015f bakteriyalar* m\u0259hv edilir**.\n\nBuxar t\u0259mizl\u0259yicisinin istifad\u0259si m\u0259tb\u0259x plit\u0259sinin v\u0259 aspiratorun, keramika plit\u0259l\u0259rinin (o c\u00fcml\u0259d\u0259n tiki\u015f yerl\u0259rinin) v\u0259 qar\u0131\u015fd\u0131r\u0131c\u0131 kranlar\u0131n h\u0259tta inadc\u0131l \u00e7irkl\u0259rd\u0259n bel\u0259 tez v\u0259 d\u0259rind\u0259n t\u0259mizl\u0259nm\u0259sin\u0259 z\u0259man\u0259t verir.\n\n*Viruslar\u0131n m\u0259hv edilm\u0259si m\u00fcvafiq test \u015f\u0259raitind\u0259 \u0259ld\u0259 olunmu\u015f n\u0259tic\u0259l\u0259r\u0259 \u0259saslan\u0131r.\n**Testl\u0259r s\u0259rt s\u0259thl\u0259r \u00fcz\u0259rind\u0259 apar\u0131lm\u0131\u015fd\u0131r.<\/p>","protected":false},"excerpt":{"rendered":"<p>Yaln\u0131z buxar v\u0259 he\u00e7 bir m\u0259i\u015f\u0259t kimy\u0259vi madd\u0259si: SC 2 buxar t\u0259mizl\u0259yicisi\u00a0<span class=\"fix-spelling\">EasyFix<\/span>\u00a0Plus d\u00f6\u015f\u0259m\u0259 \u00fc\u00e7\u00fcn ba\u015fl\u0131qla birg\u0259\u00a0<span class=\"fix-spelling\">EasyFix<\/span>\u00a0v\u0259 geni\u015fl\u0259ndirilmi\u015f aksesuar d\u0259sti il\u0259 evin h\u0259r yerind\u0259ki b\u00fct\u00fcn b\u0259rk s\u0259thl\u0259ri d\u0259rind\u0259n t\u0259mizl\u0259m\u0259y\u0259 imkan verir.<\/p>","protected":false},"featured_media":12610,"comment_status":"open","ping_status":"closed","template":"","meta":[],"product_cat":[15,184],"product_tag":[],"class_list":{"0":"post-12609","1":"product","2":"type-product","3":"status-publish","4":"has-post-thumbnail","6":"product_cat-home-garden","7":"product_cat-paroochistiteli","9":"first","10":"instock","11":"shipping-taxable","12":"purchasable","13":"product-type-simple"},"_links":{"self":[{"href":"https:\/\/karchershop.az\/az\/wp-json\/wp\/v2\/product\/12609","targetHints":{"allow":["GET"]}}],"collection":[{"href":"https:\/\/karchershop.az\/az\/wp-json\/wp\/v2\/product"}],"about":[{"href":"https:\/\/karchershop.az\/az\/wp-json\/wp\/v2\/types\/product"}],"replies":[{"embeddable":true,"href":"https:\/\/karchershop.az\/az\/wp-json\/wp\/v2\/comments?post=12609"}],"wp:featuredmedia":[{"embeddable":true,"href":"https:\/\/karchershop.az\/az\/wp-json\/wp\/v2\/media\/12610"}],"wp:attachment":[{"href":"https:\/\/karchershop.az\/az\/wp-json\/wp\/v2\/media?parent=12609"}],"wp:term":[{"taxonomy":"product_cat","embeddable":true,"href":"https:\/\/karchershop.az\/az\/wp-json\/wp\/v2\/product_cat?post=12609"},{"taxonomy":"product_tag","embeddable":true,"href":"https:\/\/karchershop.az\/az\/wp-json\/wp\/v2\/product_tag?post=12609"}],"curies":[{"name":"wp","href":"https:\/\/api.w.org\/{rel}","templated":true}]}}