{"id":12696,"date":"2024-08-11T16:20:13","date_gmt":"2024-08-11T12:20:13","guid":{"rendered":"https:\/\/karchershop.az\/?post_type=product&#038;p=12696"},"modified":"2026-05-01T21:36:00","modified_gmt":"2026-05-01T17:36:00","slug":"k-6-special","status":"publish","type":"product","link":"https:\/\/karchershop.az\/az\/home-garden\/mojki-vysokogo-davleniya\/k-6-special","title":{"rendered":"K 6 Special"},"content":{"rendered":"<p>K 6 Special mini yuyucu su il\u0259 soyudulan m\u00fch\u0259rrikl\u0259 t\u0259chiz olunub v\u0259 tez-tez t\u0259mizlik i\u015fl\u0259ri aparmaq, h\u0259m\u00e7inin ba\u011f yollar\u0131nda, hovuzlarda, iri n\u0259qliyyat vasit\u0259l\u0259rind\u0259 v\u0259 s. rast g\u0259lin\u0259n g\u00fccl\u00fc \u00e7irkl\u0259rl\u0259 m\u00fcbariz\u0259 aparmaq \u00fc\u00e7\u00fcn n\u0259z\u0259rd\u0259 tutulub. T\u0259chizat d\u0259stin\u0259 rahat adapterli t\u0259tikli tapan\u00e7a daxildir.\u00a0<span class=\"fix-spelling\">Quick Connect<\/span>D\u0259st\u0259y\u0259 h\u0259m\u00e7inin uzunlu\u011fu 10 metr olan y\u00fcks\u0259k t\u0259zyiqli \u015flanq, nasosu qoruyan etibarl\u0131 su filtri, Vario Power (VPS) p\u00fcsk\u00fcrtm\u0259 borusu v\u0259 f\u0131rlanan n\u00f6qt\u0259vi \u015f\u0131rna\u011fa malik pal\u00e7\u0131q frezi daxildir. Vario Power borusunda t\u0259zyiqin t\u0259nziml\u0259nm\u0259si sad\u0259c\u0259 borunu \u00e7evirm\u0259kl\u0259 h\u0259yata ke\u00e7irilir, pal\u00e7\u0131q frezi is\u0259 \u0259n inadkar \u00e7irkl\u0259ri bel\u0259 asanl\u0131qla t\u0259mizl\u0259yir.<\/p>","protected":false},"excerpt":{"rendered":"<p>Y\u00fcks\u0259k t\u0259zyiqli yuyucu K 6 Special su il\u0259 soyudulan m\u00fch\u0259rrikl\u0259 t\u0259chiz olunub \u2014 bu cihaz, ba\u011f yollar\u0131nda, iri avtomobill\u0259rd\u0259 v\u0259 hovuzlarda g\u00fccl\u00fc \u00e7irkl\u0259rin t\u0259mizl\u0259nm\u0259si v\u0259 tez-tez istifad\u0259 \u00fc\u00e7\u00fcn ideal se\u00e7imdir.<\/p>","protected":false},"featured_media":12697,"comment_status":"open","ping_status":"closed","template":"","meta":[],"product_cat":[15,20],"product_tag":[],"class_list":{"0":"post-12696","1":"product","2":"type-product","3":"status-publish","4":"has-post-thumbnail","6":"product_cat-home-garden","7":"product_cat-mojki-vysokogo-davleniya","9":"first","10":"instock","11":"shipping-taxable","12":"purchasable","13":"product-type-simple"},"_links":{"self":[{"href":"https:\/\/karchershop.az\/az\/wp-json\/wp\/v2\/product\/12696","targetHints":{"allow":["GET"]}}],"collection":[{"href":"https:\/\/karchershop.az\/az\/wp-json\/wp\/v2\/product"}],"about":[{"href":"https:\/\/karchershop.az\/az\/wp-json\/wp\/v2\/types\/product"}],"replies":[{"embeddable":true,"href":"https:\/\/karchershop.az\/az\/wp-json\/wp\/v2\/comments?post=12696"}],"wp:featuredmedia":[{"embeddable":true,"href":"https:\/\/karchershop.az\/az\/wp-json\/wp\/v2\/media\/12697"}],"wp:attachment":[{"href":"https:\/\/karchershop.az\/az\/wp-json\/wp\/v2\/media?parent=12696"}],"wp:term":[{"taxonomy":"product_cat","embeddable":true,"href":"https:\/\/karchershop.az\/az\/wp-json\/wp\/v2\/product_cat?post=12696"},{"taxonomy":"product_tag","embeddable":true,"href":"https:\/\/karchershop.az\/az\/wp-json\/wp\/v2\/product_tag?post=12696"}],"curies":[{"name":"wp","href":"https:\/\/api.w.org\/{rel}","templated":true}]}}