{"id":12750,"date":"2024-08-13T13:58:56","date_gmt":"2024-08-13T09:58:56","guid":{"rendered":"https:\/\/karchershop.az\/?post_type=product&#038;p=12750"},"modified":"2026-05-01T21:36:03","modified_gmt":"2026-05-01T17:36:03","slug":"k-7-wcm-eu","status":"publish","type":"product","link":"https:\/\/karchershop.az\/az\/home-garden\/mojki-vysokogo-davleniya\/k-7-wcm-eu","title":{"rendered":"K 7 WCM EU"},"content":{"rendered":"<p>T\u0259\u0259cc\u00fcbl\u00fc texniki g\u00f6st\u0259ricil\u0259r K 7 WCM y\u00fcks\u0259k t\u0259zyiqli yuyucunu g\u00fccl\u00fc \u00e7irkl\u0259nm\u0259l\u0259rin m\u00fcnt\u0259z\u0259m aradan qald\u0131r\u0131lmas\u0131 \u00fc\u00e7\u00fcn ideal h\u0259ll edir. Su il\u0259 soyudulan g\u00fccl\u00fc m\u00fch\u0259rrik yollar\u0131n, terraslar\u0131n, ba\u011f al\u0259tl\u0259rinin v\u0259 h\u0259tta iri \u00f6l\u00e7\u00fcl\u00fc avtomobill\u0259rin d\u0259rind\u0259n t\u0259mizl\u0259nm\u0259sini t\u0259min edir. M\u00fcxt\u0259lif s\u0259thl\u0259rin effektiv v\u0259 h\u0259rt\u0259r\u0259fli t\u0259mizl\u0259nm\u0259si \u00fc\u00e7\u00fcn komplekt\u0259 t\u0259zyiqi sad\u0259c\u0259 uclu\u011fu \u00e7evirm\u0259kl\u0259 t\u0259nziml\u0259m\u0259y\u0259 imkan ver\u0259n Vario Power t\u0259zyiq t\u0259nziml\u0259yici borusu v\u0259 x\u00fcsusil\u0259 inadkar \u00e7irkl\u0259ri aradan qald\u0131rmaq \u00fc\u00e7\u00fcn f\u0131rlanan n\u00f6qt\u0259vi su ax\u0131n\u0131 yaradan pal\u00e7\u0131q frezi daxildir. Daxili su filtri nasosu \u00e7irk hiss\u0259cikl\u0259rind\u0259n qoruyur. Aparatla birlikd\u0259 veril\u0259n b\u00fct\u00fcn aksesuarlar cihaz\u0131n \u00fcz\u0259rind\u0259 rahat \u015f\u0259kild\u0259 saxlan\u0131la bil\u0259r.<\/p>","protected":false},"excerpt":{"rendered":"<p>Tay\u0131-b\u0259rab\u0259ri olmayan g\u00fcc: su il\u0259 soyudulan m\u00fch\u0259rrik\u0259 malik K 7 WCM y\u00fcks\u0259k t\u0259zyiqli yuyucu \u2013 ba\u011f al\u0259tl\u0259rind\u0259n v\u0259 terrasdan tutmu\u015f avtomobil\u0259 v\u0259 evin qar\u015f\u0131s\u0131ndak\u0131 yollarad\u0259k ist\u0259nil\u0259n s\u0259thi d\u0259rind\u0259n t\u0259mizl\u0259y\u0259c\u0259k.<\/p>","protected":false},"featured_media":12751,"comment_status":"open","ping_status":"closed","template":"","meta":[],"product_cat":[15,20],"product_tag":[],"class_list":{"0":"post-12750","1":"product","2":"type-product","3":"status-publish","4":"has-post-thumbnail","6":"product_cat-home-garden","7":"product_cat-mojki-vysokogo-davleniya","9":"first","10":"instock","11":"shipping-taxable","12":"purchasable","13":"product-type-simple"},"_links":{"self":[{"href":"https:\/\/karchershop.az\/az\/wp-json\/wp\/v2\/product\/12750","targetHints":{"allow":["GET"]}}],"collection":[{"href":"https:\/\/karchershop.az\/az\/wp-json\/wp\/v2\/product"}],"about":[{"href":"https:\/\/karchershop.az\/az\/wp-json\/wp\/v2\/types\/product"}],"replies":[{"embeddable":true,"href":"https:\/\/karchershop.az\/az\/wp-json\/wp\/v2\/comments?post=12750"}],"wp:featuredmedia":[{"embeddable":true,"href":"https:\/\/karchershop.az\/az\/wp-json\/wp\/v2\/media\/12751"}],"wp:attachment":[{"href":"https:\/\/karchershop.az\/az\/wp-json\/wp\/v2\/media?parent=12750"}],"wp:term":[{"taxonomy":"product_cat","embeddable":true,"href":"https:\/\/karchershop.az\/az\/wp-json\/wp\/v2\/product_cat?post=12750"},{"taxonomy":"product_tag","embeddable":true,"href":"https:\/\/karchershop.az\/az\/wp-json\/wp\/v2\/product_tag?post=12750"}],"curies":[{"name":"wp","href":"https:\/\/api.w.org\/{rel}","templated":true}]}}