{"id":12809,"date":"2024-08-17T10:58:07","date_gmt":"2024-08-17T06:58:07","guid":{"rendered":"https:\/\/karchershop.az\/?post_type=product&#038;p=12809"},"modified":"2026-05-01T21:36:04","modified_gmt":"2026-05-01T17:36:04","slug":"sc-4-easyfix-plus","status":"publish","type":"product","link":"https:\/\/karchershop.az\/az\/home-garden\/paroochistiteli\/sc-4-easyfix-plus","title":{"rendered":"SC 4 EasyFix PLUS"},"content":{"rendered":"<p>\u041e\u0447\u0435\u043d\u044c \u0443\u0434\u043e\u0431\u043d\u044b\u0439 \u043f\u0430\u0440\u043e\u043e\u0447\u0438\u0441\u0442\u0438\u0442\u0435\u043b\u044c SC 4\u00a0<span class=\"fix-spelling\">EasyFix<\/span>\u00a0Premium \u0441 \u0440\u0430\u0441\u0448\u0438\u0440\u0435\u043d\u043d\u044b\u043c \u043d\u0430\u0431\u043e\u0440\u043e\u043c \u043f\u0440\u0438\u043d\u0430\u0434\u043b\u0435\u0436\u043d\u043e\u0441\u0442\u0435\u0439 \u0434\u043b\u044f \u0432\u044b\u043f\u043e\u043b\u043d\u0435\u043d\u0438\u044f \u0441\u0430\u043c\u044b\u0445 \u0440\u0430\u0437\u043d\u043e\u043e\u0431\u0440\u0430\u0437\u043d\u044b\u0445 \u0443\u0431\u043e\u0440\u043e\u0447\u043d\u044b\u0445 \u0440\u0430\u0431\u043e\u0442 \u0433\u0430\u0440\u0430\u043d\u0442\u0438\u0440\u0443\u0435\u0442 \u043d\u0430\u0432\u0435\u0434\u0435\u043d\u0438\u0435 \u0433\u0438\u0433\u0438\u0435\u043d\u0438\u0447\u0435\u0441\u043a\u043e\u0439 \u0447\u0438\u0441\u0442\u043e\u0442\u044b \u0432\u043e \u0432\u0441\u0435\u043c \u0434\u043e\u043c\u0435. \u0411\u0435\u0437 \u043f\u0440\u0438\u043c\u0435\u043d\u0435\u043d\u0438\u044f \u0447\u0438\u0441\u0442\u044f\u0449\u0438\u0445 \u0441\u0440\u0435\u0434\u0441\u0442\u0432 \u043e\u043d \u0441\u043f\u043e\u0441\u043e\u0431\u0435\u043d \u043e\u0447\u0438\u0449\u0430\u0442\u044c \u043f\u0440\u0430\u043a\u0442\u0438\u0447\u0435\u0441\u043a\u0438 \u043b\u044e\u0431\u044b\u0435 \u043f\u043e\u0432\u0435\u0440\u0445\u043d\u043e\u0441\u0442\u0438, \u0430 \u0442\u0430\u043a\u0436\u0435 \u0438 \u043e\u0441\u0432\u0435\u0436\u0430\u0442\u044c \u043a\u043e\u0432\u0440\u043e\u0432\u044b\u0435 \u043d\u0430\u043f\u043e\u043b\u044c\u043d\u044b\u0435 \u043f\u043e\u043a\u0440\u044b\u0442\u0438\u044f (\u0434\u043b\u044f \u044d\u0442\u043e\u0433\u043e \u043f\u0440\u0435\u0434\u0443\u0441\u043c\u043e\u0442\u0440\u0435\u043d\u0430 \u0441\u043f\u0435\u0446\u0438\u0430\u043b\u044c\u043d\u0430\u044f \u043d\u0430\u043a\u043b\u0430\u0434\u043a\u0430). \u041f\u0440\u0438 \u0442\u0449\u0430\u0442\u0435\u043b\u044c\u043d\u043e\u0439 \u043e\u0447\u0438\u0441\u0442\u043a\u0435 \u043f\u0430\u0440\u043e\u043e\u0447\u0438\u0441\u0442\u0438\u0442\u0435\u043b\u0435\u043c K\u00e4rcher \u0443\u043d\u0438\u0447\u0442\u043e\u0436\u0430\u044e\u0442\u0441\u044f 99,99 % \u0432\u0438\u0440\u0443\u0441\u043e\u0432* \u0438 \u0440\u0430\u0441\u043f\u0440\u043e\u0441\u0442\u0440\u0430\u043d\u0435\u043d\u043d\u044b\u0445 \u0432 \u0431\u044b\u0442\u0443 \u0431\u0430\u043a\u0442\u0435\u0440\u0438\u0439** \u043d\u0430 \u0442\u0432\u0435\u0440\u0434\u044b\u0445 \u043f\u043e\u0432\u0435\u0440\u0445\u043d\u043e\u0441\u0442\u044f\u0445. \u0410\u043f\u043f\u0430\u0440\u0430\u0442 \u044d\u0444\u0444\u0435\u043a\u0442\u0438\u0432\u043d\u043e \u043e\u0447\u0438\u0449\u0430\u0435\u0442 \u043a\u0435\u0440\u0430\u043c\u0438\u0447\u0435\u0441\u043a\u0443\u044e \u043f\u043b\u0438\u0442\u043a\u0443, \u043a\u0443\u0445\u043e\u043d\u043d\u044b\u0435 \u043f\u043b\u0438\u0442\u044b, \u0432\u044b\u0442\u044f\u0436\u043a\u0438 \u0438 \u0434\u0430\u0436\u0435 \u0443\u0437\u043a\u0438\u0435 \u0449\u0435\u043b\u0438. \u0414\u043b\u044f \u043d\u0435\u0433\u043e \u043d\u0435 \u043f\u0440\u0435\u0434\u0441\u0442\u0430\u0432\u043b\u044f\u044e\u0442 \u043f\u0440\u043e\u0431\u043b\u0435\u043c \u0441\u0430\u043c\u044b\u0435 \u0441\u0442\u043e\u0439\u043a\u0438\u0435 \u0437\u0430\u0433\u0440\u044f\u0437\u043d\u0435\u043d\u0438\u044f. \u041d\u0430\u0441\u0430\u0434\u043a\u0430 \u0434\u043b\u044f \u043f\u043e\u043b\u0430\u00a0<span class=\"fix-spelling\">EasyFix<\/span>\u00a0\u0441 \u0448\u0430\u0440\u043d\u0438\u0440\u043e\u043c \u0438 \u043f\u043b\u0430\u0441\u0442\u0438\u043d\u0447\u0430\u0442\u043e\u0439 \u043f\u043e\u0434\u043e\u0448\u0432\u043e\u0439, \u0438\u0441\u043a\u043b\u044e\u0447\u0438\u0442\u0435\u043b\u044c\u043d\u043e \u0443\u0434\u043e\u0431\u043d\u0430\u044f \u0432 \u0440\u0430\u0431\u043e\u0442\u0435 \u0438 \u0433\u0430\u0440\u0430\u043d\u0442\u0438\u0440\u0443\u044e\u0449\u0430\u044f \u043f\u0440\u0435\u0432\u043e\u0441\u0445\u043e\u0434\u043d\u044b\u0435 \u0440\u0435\u0437\u0443\u043b\u044c\u0442\u0430\u0442\u044b \u0443\u0431\u043e\u0440\u043a\u0438, \u0441\u043d\u0430\u0431\u0436\u0435\u043d\u0430 \u043b\u0438\u043f\u0443\u0447\u043a\u043e\u0439 \u0434\u043b\u044f \u0431\u044b\u0441\u0442\u0440\u043e\u0433\u043e \u0437\u0430\u043a\u0440\u0435\u043f\u043b\u0435\u043d\u0438\u044f \u043c\u0438\u043a\u0440\u043e\u0432\u043e\u043b\u043e\u043a\u043e\u043d\u043d\u043e\u0439 \u0441\u0430\u043b\u0444\u0435\u0442\u043a\u0438 \u0438 \u0435\u0435 \u0433\u0438\u0433\u0438\u0435\u043d\u0438\u0447\u043d\u043e\u0433\u043e \u0443\u0434\u0430\u043b\u0435\u043d\u0438\u044f \u043f\u043e\u0441\u043b\u0435 \u0438\u0441\u043f\u043e\u043b\u044c\u0437\u043e\u0432\u0430\u043d\u0438\u044f. 2-\u0441\u0442\u0443\u043f\u0435\u043d\u0447\u0430\u0442\u0430\u044f \u0440\u0435\u0433\u0443\u043b\u0438\u0440\u043e\u0432\u043a\u0430 \u043f\u043e\u0434\u0430\u0447\u0438 \u043f\u0430\u0440\u0430 \u043e\u0431\u0435\u0441\u043f\u0435\u0447\u0438\u0432\u0430\u0435\u0442 \u043e\u043f\u0442\u0438\u043c\u0430\u043b\u044c\u043d\u0443\u044e \u0430\u0434\u0430\u043f\u0442\u0430\u0446\u0438\u044e \u043a \u0432\u0438\u0434\u0443 \u043e\u0447\u0438\u0449\u0430\u0435\u043c\u043e\u0439 \u043f\u043e\u0432\u0435\u0440\u0445\u043d\u043e\u0441\u0442\u0438 \u0438 \u0435\u0435 \u0437\u0430\u0433\u0440\u044f\u0437\u043d\u0435\u043d\u043d\u043e\u0441\u0442\u0438, \u0430 \u0441\u044a\u0435\u043c\u043d\u044b\u0439 \u0431\u0430\u0447\u043e\u043a, \u043d\u0430\u043f\u043e\u043b\u043d\u044f\u0435\u043c\u044b\u0439 \u0432\u043e\u0434\u043e\u0439 \u0431\u0435\u0437 \u043e\u0442\u043a\u043b\u044e\u0447\u0435\u043d\u0438\u044f \u0430\u043f\u043f\u0430\u0440\u0430\u0442\u0430, \u0438\u0441\u043a\u043b\u044e\u0447\u0430\u0435\u0442 \u043f\u0435\u0440\u0435\u0440\u044b\u0432\u044b \u0432 \u0440\u0430\u0431\u043e\u0442\u0435. \u0410\u043f\u043f\u0430\u0440\u0430\u0442 SC 4\u00a0<span class=\"fix-spelling\">EasyFix<\/span>\u00a0Premium \u043e\u0441\u043d\u0430\u0449\u0435\u043d \u043e\u0442\u0441\u0435\u043a\u0430\u043c\u0438 \u0434\u043b\u044f \u0445\u0440\u0430\u043d\u0435\u043d\u0438\u044f \u043a\u0430\u0431\u0435\u043b\u044f \u0438 \u043f\u0440\u0438\u043d\u0430\u0434\u043b\u0435\u0436\u043d\u043e\u0441\u0442\u0435\u0439, \u0430 \u0442\u0430\u043a\u0436\u0435 \u043f\u043e\u0437\u0432\u043e\u043b\u044f\u0435\u0442 \u00ab\u0437\u0430\u043f\u0430\u0440\u043a\u043e\u0432\u0430\u0442\u044c\u00bb \u043d\u0430\u0441\u0430\u0434\u043a\u0443 \u0434\u043b\u044f \u043f\u043e\u043b\u0430 \u043d\u0430 \u0432\u0440\u0435\u043c\u044f \u043f\u0435\u0440\u0435\u0440\u044b\u0432\u0430 \u0432 \u0440\u0430\u0431\u043e\u0442\u0435.<\/p>\n<p>&nbsp;<\/p>","protected":false},"excerpt":{"rendered":"<p>Xal\u00e7a yuma aparat\u0131 SC 4 xal\u00e7alar\u0131 h\u0259r hans\u0131 kimy\u0259vi madd\u0259 istifad\u0259 edilm\u0259d\u0259n tam buxarda t\u0259mizl\u0259yir.\u00a0<span class=\"fix-spelling\">EasyFix<\/span>\u00a0Xal\u00e7a yuma \u00fc\u00e7\u00fcn ucluq v\u0259 praktik aksesuarlarla t\u0259\u015fkil edilib. \u00c7\u0259nd\u0259ki suyun daimi doldurulmas\u0131 imkan\u0131 say\u0259sind\u0259 fasil\u0259siz t\u0259mizl\u0259m\u0259 \u00fc\u00e7\u00fcn ideald\u0131r.<\/p>","protected":false},"featured_media":12810,"comment_status":"open","ping_status":"closed","template":"","meta":[],"product_cat":[15,184],"product_tag":[],"class_list":{"0":"post-12809","1":"product","2":"type-product","3":"status-publish","4":"has-post-thumbnail","6":"product_cat-home-garden","7":"product_cat-paroochistiteli","9":"first","10":"instock","11":"shipping-taxable","12":"purchasable","13":"product-type-simple"},"_links":{"self":[{"href":"https:\/\/karchershop.az\/az\/wp-json\/wp\/v2\/product\/12809","targetHints":{"allow":["GET"]}}],"collection":[{"href":"https:\/\/karchershop.az\/az\/wp-json\/wp\/v2\/product"}],"about":[{"href":"https:\/\/karchershop.az\/az\/wp-json\/wp\/v2\/types\/product"}],"replies":[{"embeddable":true,"href":"https:\/\/karchershop.az\/az\/wp-json\/wp\/v2\/comments?post=12809"}],"wp:featuredmedia":[{"embeddable":true,"href":"https:\/\/karchershop.az\/az\/wp-json\/wp\/v2\/media\/12810"}],"wp:attachment":[{"href":"https:\/\/karchershop.az\/az\/wp-json\/wp\/v2\/media?parent=12809"}],"wp:term":[{"taxonomy":"product_cat","embeddable":true,"href":"https:\/\/karchershop.az\/az\/wp-json\/wp\/v2\/product_cat?post=12809"},{"taxonomy":"product_tag","embeddable":true,"href":"https:\/\/karchershop.az\/az\/wp-json\/wp\/v2\/product_tag?post=12809"}],"curies":[{"name":"wp","href":"https:\/\/api.w.org\/{rel}","templated":true}]}}