{"id":1289,"date":"2020-04-29T15:35:02","date_gmt":"2020-04-29T11:35:02","guid":{"rendered":"https:\/\/karchershop.az\/?post_type=product&#038;p=1289"},"modified":"2026-05-01T21:35:22","modified_gmt":"2026-05-01T17:35:22","slug":"sc-4-easyfix","status":"publish","type":"product","link":"https:\/\/karchershop.az\/az\/home-garden\/paroochistiteli\/sc-4-easyfix","title":{"rendered":"SC 4 EasyFix"},"content":{"rendered":"<p>Karcher SC 4 EasyFix D\u0259sti buxar t\u0259mizl\u0259yicisinin t\u0259kmill\u0259\u015fdirilmi\u015f versiyas\u0131d\u0131r. Bu model buxar t\u0259mizl\u0259yicisin\u0259 \u0259lav\u0259 oluna bil\u0259n \u0259lav\u0259 \u00fct\u00fc d\u0259sti il\u0259 g\u0259lir v\u0259 onu \u00e7oxfunksiyal\u0131 v\u0259 \u00e7oxfunksiyal\u0131 cihaz edir. 7.9 \u00e7\u0259kiy\u0259 malik Karcher buxar aparati \u00e7\u0259tin v\u0259 asan ged\u0259n kirl\u0259rin t\u0259mizl\u0259nm\u0259sind\u0259 ideald\u0131r. \u00dct\u00fc d\u0259stin\u0259 yap\u0131\u015fmayan altl\u0131\u011f\u0131 olan buxarl\u0131 \u00fct\u00fc, buxar \u015flanq\u0131 v\u0259 \u00fct\u00fc masas\u0131n\u0131n qapa\u011f\u0131 daxildir. Bu d\u0259stl\u0259 siz buxar t\u0259mizl\u0259yicisind\u0259n d\u00f6\u015f\u0259m\u0259l\u0259rinizi, xal\u00e7alar\u0131n\u0131z\u0131 v\u0259 \u00fczl\u00fckl\u0259rinizi t\u0259mizl\u0259m\u0259k v\u0259 dezinfeksiya etm\u0259k, h\u0259m\u00e7inin paltarlar\u0131n\u0131z\u0131 v\u0259 dig\u0259r par\u00e7alar\u0131 \u00fct\u00fcl\u0259m\u0259k \u00fc\u00e7\u00fcn istifad\u0259 ed\u0259 bil\u0259rsiniz. Bu Karcher buxar aparati SC 4 EasyFix Premium-dan daha bahal\u0131d\u0131r, lakin h\u0259m buxar t\u0259mizl\u0259yicisin\u0259, h\u0259m d\u0259 buxarl\u0131 \u00fct\u00fcy\u0259 ehtiyac\u0131 olan ev t\u0259s\u0259rr\u00fcfatlar\u0131 \u00fc\u00e7\u00fcn daha \u00e7ox d\u0259y\u0259r v\u0259 rahatl\u0131q t\u0259klif edir.<\/p>","protected":false},"excerpt":{"rendered":"<p>Rahat v\u0259 fasil\u0259siz buxar t\u0259mizliyi: EasyFix aparat\u0131 davaml\u0131 doldurula v\u0259 \u00e7\u0131xar\u0131la bil\u0259n su \u00e7\u0259ni olan SC4 EasyFix buxar t\u0259mizl\u0259yicisi il\u0259 xidm\u0259tinizd\u0259dir. Viruslar\u0131 v\u0259 bakteriyalar\u0131 99,99%* \u00f6ld\u00fcr\u00fcr*!<\/p>","protected":false},"featured_media":11678,"comment_status":"open","ping_status":"closed","template":"","meta":[],"product_cat":[15,184],"product_tag":[257],"class_list":{"0":"post-1289","1":"product","2":"type-product","3":"status-publish","4":"has-post-thumbnail","6":"product_cat-home-garden","7":"product_cat-paroochistiteli","8":"product_tag-poroochistiteli","10":"first","11":"outofstock","12":"shipping-taxable","13":"purchasable","14":"product-type-simple"},"_links":{"self":[{"href":"https:\/\/karchershop.az\/az\/wp-json\/wp\/v2\/product\/1289","targetHints":{"allow":["GET"]}}],"collection":[{"href":"https:\/\/karchershop.az\/az\/wp-json\/wp\/v2\/product"}],"about":[{"href":"https:\/\/karchershop.az\/az\/wp-json\/wp\/v2\/types\/product"}],"replies":[{"embeddable":true,"href":"https:\/\/karchershop.az\/az\/wp-json\/wp\/v2\/comments?post=1289"}],"wp:featuredmedia":[{"embeddable":true,"href":"https:\/\/karchershop.az\/az\/wp-json\/wp\/v2\/media\/11678"}],"wp:attachment":[{"href":"https:\/\/karchershop.az\/az\/wp-json\/wp\/v2\/media?parent=1289"}],"wp:term":[{"taxonomy":"product_cat","embeddable":true,"href":"https:\/\/karchershop.az\/az\/wp-json\/wp\/v2\/product_cat?post=1289"},{"taxonomy":"product_tag","embeddable":true,"href":"https:\/\/karchershop.az\/az\/wp-json\/wp\/v2\/product_tag?post=1289"}],"curies":[{"name":"wp","href":"https:\/\/api.w.org\/{rel}","templated":true}]}}