{"id":12901,"date":"2024-09-01T07:23:35","date_gmt":"2024-09-01T03:23:35","guid":{"rendered":"https:\/\/karchershop.az\/?post_type=product&#038;p=12901"},"modified":"2026-05-10T12:20:13","modified_gmt":"2026-05-10T08:20:13","slug":"se-5-eu","status":"publish","type":"product","link":"https:\/\/karchershop.az\/az\/home-garden\/pylesosy\/moyushhie-pylesosy\/se-5-eu","title":{"rendered":"SE 5 EU"},"content":{"rendered":"<p><strong>Karcher SE 5\u00a0<\/strong>b\u00fct\u00fcn \u0259sas rejiml\u0259rd\u0259 i\u015fl\u0259y\u0259 bilir \u2013 quru t\u0259mizlik, n\u0259mli t\u0259mizlik, maye v\u0259 ya\u015f \u00e7irkl\u0259rin y\u0131\u011f\u0131lmas\u0131, xal\u00e7a \u00f6rt\u00fckl\u0259rinin yuyulmas\u0131 v\u0259 qurudulmas\u0131, b\u0259rk d\u00f6\u015f\u0259m\u0259l\u0259rin yuyulmas\u0131. B\u00fct\u00fcn rejiml\u0259r \u00fc\u00e7\u00fcn ba\u015fl\u0131qlar komplektasiyaya daxildir. Da\u015f\u0131nman\u0131 asanla\u015fd\u0131ran erqonomik tutacaq tozsoran\u0131n h\u0259r\u0259k\u0259tini rahatla\u015fd\u0131r\u0131r.<\/p>\n<p>M\u00fck\u0259mm\u0259l t\u0259mizlik n\u0259tic\u0259sini s\u0131nanm\u0131\u015f ekstraksiya texnologiyas\u0131 t\u0259min edir: t\u0259mizl\u0259yici m\u0259hlul \u2013 kran suyuna K\u00e4rcher-in xal\u00e7a t\u0259mizl\u0259m\u0259 vasit\u0259si RM 519 \u0259lav\u0259 edilm\u0259kl\u0259 haz\u0131rlan\u0131r, t\u0259zyiq alt\u0131nda tekstil s\u0259thin\u0259 p\u00fcsk\u00fcrd\u00fcl\u00fcr v\u0259 eyni anda ayr\u0131lan \u00e7irkl\u0259rl\u0259 birlikd\u0259 sorulur. Bel\u0259 bir cihaz ail\u0259l\u0259r, allergiyas\u0131 olanlar v\u0259 ev heyvan\u0131 sahibl\u0259ri \u00fc\u00e7\u00fcn m\u00fck\u0259mm\u0259l se\u00e7imdir.<\/p>\n<p>SE 5 \u2013 geni\u015f aksesuar d\u0259sti say\u0259sind\u0259 tam funksional m\u0259i\u015f\u0259t tozsoran\u0131 kimi d\u0259 istifad\u0259 oluna bil\u0259n \u00e7oxfunksiyal\u0131 \u201c3-\u00fc 1-d\u0259\u201d m\u0259hsuldur. T\u0259mizlik i\u015fl\u0259ri ba\u015fa \u00e7atd\u0131qdan sonra yuyucu tozsoran\u0131n asan t\u0259mizl\u0259nm\u0259si onun istismar m\u00fcdd\u0259tini uzad\u0131r.<\/p>","protected":false},"excerpt":{"rendered":"<p>Yuyucu tozsoran\u00a0<strong>Karcher SE 5<\/strong>\u00a0m\u00fcxt\u0259lif tekstil materiallar\u0131n\u0131n \u2014 xal\u00e7alar\u0131n v\u0259 xal\u00e7a \u00f6rt\u00fckl\u0259rinin, yum\u015faq mebel \u00fczl\u00fckl\u0259rinin v\u0259 avtomobil oturacaqlar\u0131n\u0131n, d\u00f6\u015f\u0259kl\u0259rin, divar xal\u00e7alar\u0131n\u0131n v\u0259 s. \u2014 h\u0259rt\u0259r\u0259fli, d\u0259rin t\u0259mizl\u0259nm\u0259sini t\u0259min edir<\/p>","protected":false},"featured_media":16125,"comment_status":"open","ping_status":"closed","template":"","meta":[],"product_cat":[15,89,96],"product_tag":[],"class_list":{"0":"post-12901","1":"product","2":"type-product","3":"status-publish","4":"has-post-thumbnail","6":"product_cat-home-garden","7":"product_cat-pylesosy","8":"product_cat-moyushhie-pylesosy","10":"first","11":"instock","12":"shipping-taxable","13":"purchasable","14":"product-type-simple"},"_links":{"self":[{"href":"https:\/\/karchershop.az\/az\/wp-json\/wp\/v2\/product\/12901","targetHints":{"allow":["GET"]}}],"collection":[{"href":"https:\/\/karchershop.az\/az\/wp-json\/wp\/v2\/product"}],"about":[{"href":"https:\/\/karchershop.az\/az\/wp-json\/wp\/v2\/types\/product"}],"replies":[{"embeddable":true,"href":"https:\/\/karchershop.az\/az\/wp-json\/wp\/v2\/comments?post=12901"}],"wp:featuredmedia":[{"embeddable":true,"href":"https:\/\/karchershop.az\/az\/wp-json\/wp\/v2\/media\/16125"}],"wp:attachment":[{"href":"https:\/\/karchershop.az\/az\/wp-json\/wp\/v2\/media?parent=12901"}],"wp:term":[{"taxonomy":"product_cat","embeddable":true,"href":"https:\/\/karchershop.az\/az\/wp-json\/wp\/v2\/product_cat?post=12901"},{"taxonomy":"product_tag","embeddable":true,"href":"https:\/\/karchershop.az\/az\/wp-json\/wp\/v2\/product_tag?post=12901"}],"curies":[{"name":"wp","href":"https:\/\/api.w.org\/{rel}","templated":true}]}}