{"id":13042,"date":"2024-09-21T10:04:11","date_gmt":"2024-09-21T06:04:11","guid":{"rendered":"https:\/\/karchershop.az\/?post_type=product&#038;p=13042"},"modified":"2026-05-01T21:36:07","modified_gmt":"2026-05-01T17:36:07","slug":"se-6-signature-line","status":"publish","type":"product","link":"https:\/\/karchershop.az\/az\/home-garden\/pylesosy\/moyushhie-pylesosy\/se-6-signature-line","title":{"rendered":"SE 6 Signature Line"},"content":{"rendered":"<p>Yaln\u0131z \u0259n innovativ m\u0259hsullar\u0131m\u0131z texnologiya pioneri v\u0259 \u015firk\u0259tin qurucusu Alfred K\u00e4rcher-in imzas\u0131n\u0131 da\u015f\u0131y\u0131r. Bu imza, ekskl\u00fcziv dizayn elementi kimi, SE 6 Signature Line yuyucu tozsoran\u0131nda t\u0259sirli performans v\u0259 x\u00fcsusil\u0259 geni\u015f aksessuar \u00e7e\u015fidi il\u0259 birl\u0259\u015fir. T\u0259kmill\u0259\u015fdirilmi\u015f mexanizmli qurulu\u015f say\u0259sind\u0259 cihaz mebel \u00fczl\u00fckl\u0259rinin bir \u00e7ox s\u0259thind\u0259 gigiyenik t\u0259mizlik t\u0259min edir. K\u00e4rcher-in s\u0131naqdan \u00e7\u0131xm\u0131\u015f ekstraksiya texnologiyas\u0131 \u0259n yax\u015f\u0131 t\u0259mizl\u0259m\u0259 n\u0259tic\u0259l\u0259rini verir: t\u0259miz su v\u0259 K\u00e4rcher RM 519 xal\u00e7alar \u00fc\u00e7\u00fcn yuyucu vasit\u0259 y\u00fcks\u0259k t\u0259zyiql\u0259 tekstil lifl\u0259rin\u0259 d\u0259rind\u0259n s\u0259pilir, sonra is\u0259 z\u0259ifl\u0259dilmi\u015f kir il\u0259 birlikd\u0259 geri sorulur \u2014 bu, ail\u0259l\u0259r, allergiyadan \u0259ziyy\u0259t \u00e7\u0259k\u0259nl\u0259r v\u0259 ev heyvan\u0131 sahibl\u0259ri \u00fc\u00e7\u00fcn ideal se\u00e7imdir. SE 6 Signature Line 3-\u00fc 1-d\u0259 universal m\u0259hsuldur v\u0259 onun ba\u015fl\u0131qlar\u0131 il\u0259 h\u0259m quru, h\u0259m d\u0259 ya\u015f t\u0259mizlik \u00fc\u00e7\u00fcn tam funksional tozsoran kimi istifad\u0259 edil\u0259 bil\u0259r. Dig\u0259r x\u00fcsusiyy\u0259tl\u0259r: t\u0259miz v\u0259 kirli su \u00fc\u00e7\u00fcn iki rezervuar sistemi, rahat da\u015f\u0131nma \u00fc\u00e7\u00fcn erqonomik tutacaq v\u0259 aksessuarlar\u0131n cihaz \u00fcz\u0259rind\u0259 praktik saxlanmas\u0131. \u0130stifad\u0259d\u0259n sonra cihaz asanl\u0131qla t\u0259mizl\u0259nir v\u0259 uzunm\u00fcdd\u0259tli istifad\u0259ni t\u0259min edir.<\/p>\n<div style=\"text-align: center;\">\n<div class=\"tm_product_benefits__item\" style=\"padding-left: 40px;\">\n<div style=\"text-align: center;\"><\/div>\n<\/div>\n<\/div>","protected":false},"excerpt":{"rendered":"<p>SE 6 Signature Line spreyl\u0259 ekstraksiya t\u0259mizl\u0259yicisi tekstil s\u0259thl\u0259ri \u00fc\u00e7\u00fcn d\u0259rind\u0259n v\u0259 tam gigiyenik t\u0259mizliyi t\u0259min edir. Ail\u0259 \u00fczvl\u0259ri, allergiyas\u0131 olanlar v\u0259 ev heyvanlar\u0131 olan ail\u0259l\u0259r \u00fc\u00e7\u00fcn ideal se\u00e7imdir.<\/p>","protected":false},"featured_media":13043,"comment_status":"open","ping_status":"closed","template":"","meta":[],"product_cat":[15,89,96],"product_tag":[],"class_list":{"0":"post-13042","1":"product","2":"type-product","3":"status-publish","4":"has-post-thumbnail","6":"product_cat-home-garden","7":"product_cat-pylesosy","8":"product_cat-moyushhie-pylesosy","10":"first","11":"instock","12":"shipping-taxable","13":"purchasable","14":"product-type-simple"},"_links":{"self":[{"href":"https:\/\/karchershop.az\/az\/wp-json\/wp\/v2\/product\/13042","targetHints":{"allow":["GET"]}}],"collection":[{"href":"https:\/\/karchershop.az\/az\/wp-json\/wp\/v2\/product"}],"about":[{"href":"https:\/\/karchershop.az\/az\/wp-json\/wp\/v2\/types\/product"}],"replies":[{"embeddable":true,"href":"https:\/\/karchershop.az\/az\/wp-json\/wp\/v2\/comments?post=13042"}],"wp:featuredmedia":[{"embeddable":true,"href":"https:\/\/karchershop.az\/az\/wp-json\/wp\/v2\/media\/13043"}],"wp:attachment":[{"href":"https:\/\/karchershop.az\/az\/wp-json\/wp\/v2\/media?parent=13042"}],"wp:term":[{"taxonomy":"product_cat","embeddable":true,"href":"https:\/\/karchershop.az\/az\/wp-json\/wp\/v2\/product_cat?post=13042"},{"taxonomy":"product_tag","embeddable":true,"href":"https:\/\/karchershop.az\/az\/wp-json\/wp\/v2\/product_tag?post=13042"}],"curies":[{"name":"wp","href":"https:\/\/api.w.org\/{rel}","templated":true}]}}