{"id":13099,"date":"2024-09-27T12:11:50","date_gmt":"2024-09-27T08:11:50","guid":{"rendered":"https:\/\/karchershop.az\/?post_type=product&#038;p=13099"},"modified":"2026-05-01T23:01:59","modified_gmt":"2026-05-01T19:01:59","slug":"stantsiya-dlya-ochistki-dlya-robota-pylesosa-rcv-5","status":"publish","type":"product","link":"https:\/\/karchershop.az\/az\/home-garden\/roboty-pylesosy\/stantsiya-dlya-ochistki-dlya-robota-pylesosa-rcv-5","title":{"rendered":"RCV 5"},"content":{"rendered":"<p>RCV 5 robot tozsoran \u00fc\u00e7\u00fcn baza stansiyas\u0131 onun muxtariyy\u0259t s\u0259viyy\u0259sini art\u0131r\u0131r: bu \u00e7irkli i\u015fi \u0259l il\u0259 yerin\u0259 yetirm\u0259k ehtiyac\u0131n\u0131 aradan qald\u0131raraq cihaz\u0131n toz toplay\u0131c\u0131s\u0131n\u0131 avtomatik bo\u015faltma funksiyas\u0131n\u0131 t\u0259min edir. Robot tozsoran t\u0259mizl\u0259ndikd\u0259n sonra ona h\u0259r d\u0259f\u0259 qo\u015fulduqda v\u0259 ya batareyan\u0131 doldurmaq \u00fc\u00e7\u00fcn cihaz t\u0259r\u0259find\u0259n toplanan toz v\u0259 zibil baza stansiyas\u0131 t\u0259r\u0259find\u0259n sorulur v\u0259 toxunmam\u0131\u015f materialdan haz\u0131rlanm\u0131\u015f y\u00fcks\u0259k keyfiyy\u0259tli filtr torbas\u0131na y\u0131\u011f\u0131l\u0131r. Bu h\u0259ll tozun yay\u0131lmas\u0131n\u0131 aradan qald\u0131r\u0131r v\u0259 cihaz\u0131n idar\u0259 edilm\u0259sini xeyli asanla\u015fd\u0131r\u0131r. Eyni zamanda, y\u0131\u011f\u0131lm\u0131\u015f tozun bo\u015fald\u0131lmas\u0131 il\u0259 eyni vaxtda robot tozsoran\u0131n batareyas\u0131 doldurulur.<\/p>","protected":false},"excerpt":{"rendered":"<p>Tam avtonom t\u0259mizl\u0259m\u0259 \u00fc\u00e7\u00fcn yeni a\u011f\u0131ll\u0131 h\u0259ll: RCV 5 robot tozsoran \u00fc\u00e7\u00fcn t\u0259mizl\u0259yici baza stansiyas\u0131, onun toz qab\u0131n\u0131n m\u00fcnt\u0259z\u0259m olaraq avtomatik bo\u015fald\u0131lmas\u0131 funksiyas\u0131n\u0131 ehtiva edir.<\/p>","protected":false},"featured_media":13100,"comment_status":"open","ping_status":"closed","template":"","meta":[],"product_cat":[15,564],"product_tag":[],"class_list":{"0":"post-13099","1":"product","2":"type-product","3":"status-publish","4":"has-post-thumbnail","6":"product_cat-home-garden","7":"product_cat-roboty-pylesosy","9":"first","10":"instock","11":"shipping-taxable","12":"purchasable","13":"product-type-simple"},"_links":{"self":[{"href":"https:\/\/karchershop.az\/az\/wp-json\/wp\/v2\/product\/13099","targetHints":{"allow":["GET"]}}],"collection":[{"href":"https:\/\/karchershop.az\/az\/wp-json\/wp\/v2\/product"}],"about":[{"href":"https:\/\/karchershop.az\/az\/wp-json\/wp\/v2\/types\/product"}],"replies":[{"embeddable":true,"href":"https:\/\/karchershop.az\/az\/wp-json\/wp\/v2\/comments?post=13099"}],"wp:featuredmedia":[{"embeddable":true,"href":"https:\/\/karchershop.az\/az\/wp-json\/wp\/v2\/media\/13100"}],"wp:attachment":[{"href":"https:\/\/karchershop.az\/az\/wp-json\/wp\/v2\/media?parent=13099"}],"wp:term":[{"taxonomy":"product_cat","embeddable":true,"href":"https:\/\/karchershop.az\/az\/wp-json\/wp\/v2\/product_cat?post=13099"},{"taxonomy":"product_tag","embeddable":true,"href":"https:\/\/karchershop.az\/az\/wp-json\/wp\/v2\/product_tag?post=13099"}],"curies":[{"name":"wp","href":"https:\/\/api.w.org\/{rel}","templated":true}]}}