{"id":1313,"date":"2020-04-29T15:51:13","date_gmt":"2020-04-29T11:51:13","guid":{"rendered":"https:\/\/karchershop.az\/?post_type=product&#038;p=1313"},"modified":"2026-05-01T21:35:22","modified_gmt":"2026-05-01T17:35:22","slug":"filtr-ot-nakipi-dlya-paroochistitelya-sc-3","status":"publish","type":"product","link":"https:\/\/karchershop.az\/az\/home-garden\/aksessuary\/aksessuary-dlya-paroochistitelej\/filtr-ot-nakipi-dlya-paroochistitelya-sc-3","title":{"rendered":"\u041a\u0430\u0442\u0440\u0438\u0434\u0436 \u0444\u0438\u043b\u044c\u0442\u0440 \u043e\u0442 \u043d\u0430\u043a\u0438\u043f\u0438"},"content":{"rendered":"","protected":false},"excerpt":{"rendered":"<p>T\u0259mizl\u0259m\u0259 filtri olan kartric, t\u00f6k\u00fcl\u0259n suyun i\u00e7\u0259risind\u0259n \u0259h\u0259ngl\u0259ri avtomatik v\u0259 s\u0259m\u0259r\u0259li \u015f\u0259kild\u0259 \u00e7\u0131xar\u0131r - bu ma\u015f\u0131n\u0131n uzun bir xidm\u0259t m\u00fcdd\u0259tini t\u0259min edir. SC 3 buxar t\u0259mizl\u0259yicisi \u00fc\u00e7\u00fcn uy\u011fundur.<\/p>","protected":false},"featured_media":1314,"comment_status":"open","ping_status":"closed","template":"","meta":[],"product_cat":[570],"product_tag":[257],"class_list":{"0":"post-1313","1":"product","2":"type-product","3":"status-publish","4":"has-post-thumbnail","6":"product_cat-aksessuary-dlya-paroochistitelej","7":"product_tag-poroochistiteli","9":"first","10":"instock","11":"shipping-taxable","12":"purchasable","13":"product-type-simple"},"_links":{"self":[{"href":"https:\/\/karchershop.az\/az\/wp-json\/wp\/v2\/product\/1313","targetHints":{"allow":["GET"]}}],"collection":[{"href":"https:\/\/karchershop.az\/az\/wp-json\/wp\/v2\/product"}],"about":[{"href":"https:\/\/karchershop.az\/az\/wp-json\/wp\/v2\/types\/product"}],"replies":[{"embeddable":true,"href":"https:\/\/karchershop.az\/az\/wp-json\/wp\/v2\/comments?post=1313"}],"wp:featuredmedia":[{"embeddable":true,"href":"https:\/\/karchershop.az\/az\/wp-json\/wp\/v2\/media\/1314"}],"wp:attachment":[{"href":"https:\/\/karchershop.az\/az\/wp-json\/wp\/v2\/media?parent=1313"}],"wp:term":[{"taxonomy":"product_cat","embeddable":true,"href":"https:\/\/karchershop.az\/az\/wp-json\/wp\/v2\/product_cat?post=1313"},{"taxonomy":"product_tag","embeddable":true,"href":"https:\/\/karchershop.az\/az\/wp-json\/wp\/v2\/product_tag?post=1313"}],"curies":[{"name":"wp","href":"https:\/\/api.w.org\/{rel}","templated":true}]}}