{"id":13143,"date":"2024-10-01T14:45:10","date_gmt":"2024-10-01T10:45:10","guid":{"rendered":"https:\/\/karchershop.az\/?post_type=product&#038;p=13143"},"modified":"2026-05-01T21:36:07","modified_gmt":"2026-05-01T17:36:07","slug":"se-3-compact-home","status":"publish","type":"product","link":"https:\/\/karchershop.az\/az\/home-garden\/pylesosy\/moyushhie-pylesosy\/se-3-compact-home","title":{"rendered":"SE 3 COMPACT HOME"},"content":{"rendered":"<p>K\u00e4rcher SE 3 Compact Home yuyucu tozsoran\u0131 kompakt dizayn v\u0259 g\u00fccl\u00fc d\u0259rin t\u0259mizl\u0259m\u0259 texnologiyas\u0131n\u0131 birl\u0259\u015fdirir, bu da mebel \u00fczl\u00fckl\u0259ri, zolaqlar v\u0259 ki\u00e7ik xal\u00e7alar kimi tekstil s\u0259thl\u0259rind\u0259ki \u00e7irkl\u0259rl\u0259 asanl\u0131qla m\u00fcbariz\u0259 aparma\u011fa imkan verir. Kompakt \u00f6l\u00e7\u00fcl\u0259ri say\u0259sind\u0259 tozsoran h\u0259m istifad\u0259si rahatd\u0131r, h\u0259m d\u0259 az yer tutur, bu da g\u00f6zl\u0259nilm\u0259z \u00e7irkl\u0259nm\u0259l\u0259r zaman\u0131 onu tez haz\u0131rlama\u011fa imkan verir. Uzun v\u0259 elastik sorucu \u015flanq daxilind\u0259 yuyucu vasit\u0259 ver\u0259n boru il\u0259 \u00e7\u0259tin \u00e7at\u0131lan yerl\u0259rin rahat t\u0259mizliyini t\u0259min edir, uzun kabel is\u0259 t\u0259mizlik zaman\u0131 tam h\u0259r\u0259k\u0259t azadl\u0131\u011f\u0131 verir. Praktik aksessuarlar birba\u015fa cihaz \u00fcz\u0259rind\u0259 saxlan\u0131l\u0131r v\u0259 h\u0259mi\u015f\u0259 \u0259l alt\u0131nda olur. \u201c2-d\u0259 1\u201d rezervuar sistemi i\u015fl\u0259m\u0259 zaman\u0131 kir il\u0259 t\u0259mas\u0131n minimuma endirilm\u0259sini t\u0259min edir, istifad\u0259 sonras\u0131 yuyulma funksiyas\u0131 is\u0259 bakteriyalar\u0131n \u00e7oxalmas\u0131n\u0131n v\u0259 pis qoxular\u0131n yaranmas\u0131n\u0131n qar\u015f\u0131s\u0131n\u0131 al\u0131r. D\u0259st\u0259 yum\u015faq mebel, dar yerl\u0259r \u00fc\u00e7\u00fcn ba\u015fl\u0131qlar v\u0259 t\u0259mizl\u0259yici vasit\u0259 daxildir.<\/p>","protected":false},"excerpt":{"rendered":"<p>G\u00fccl\u00fc v\u0259 enerji effektiv yuyucu tozsoran yum\u015faq mebel \u00fczl\u00fckl\u0259ri kimi tekstil s\u0259thl\u0259rin effektiv v\u0259 d\u0259rin t\u0259mizliyini t\u0259min edir. Onun kompakt qurulu\u015fu v\u0259 i\u015fl\u0259m\u0259 zaman\u0131 yuyulma imkan\u0131 t\u0259mizlik prosesini maksimum rahat v\u0259 s\u0259m\u0259r\u0259li edir.<\/p>","protected":false},"featured_media":15363,"comment_status":"open","ping_status":"closed","template":"","meta":[],"product_cat":[15,89,96],"product_tag":[],"class_list":{"0":"post-13143","1":"product","2":"type-product","3":"status-publish","4":"has-post-thumbnail","6":"product_cat-home-garden","7":"product_cat-pylesosy","8":"product_cat-moyushhie-pylesosy","10":"first","11":"instock","12":"shipping-taxable","13":"purchasable","14":"product-type-simple"},"_links":{"self":[{"href":"https:\/\/karchershop.az\/az\/wp-json\/wp\/v2\/product\/13143","targetHints":{"allow":["GET"]}}],"collection":[{"href":"https:\/\/karchershop.az\/az\/wp-json\/wp\/v2\/product"}],"about":[{"href":"https:\/\/karchershop.az\/az\/wp-json\/wp\/v2\/types\/product"}],"replies":[{"embeddable":true,"href":"https:\/\/karchershop.az\/az\/wp-json\/wp\/v2\/comments?post=13143"}],"wp:featuredmedia":[{"embeddable":true,"href":"https:\/\/karchershop.az\/az\/wp-json\/wp\/v2\/media\/15363"}],"wp:attachment":[{"href":"https:\/\/karchershop.az\/az\/wp-json\/wp\/v2\/media?parent=13143"}],"wp:term":[{"taxonomy":"product_cat","embeddable":true,"href":"https:\/\/karchershop.az\/az\/wp-json\/wp\/v2\/product_cat?post=13143"},{"taxonomy":"product_tag","embeddable":true,"href":"https:\/\/karchershop.az\/az\/wp-json\/wp\/v2\/product_tag?post=13143"}],"curies":[{"name":"wp","href":"https:\/\/api.w.org\/{rel}","templated":true}]}}