{"id":1318,"date":"2020-04-29T15:56:03","date_gmt":"2020-04-29T11:56:03","guid":{"rendered":"https:\/\/karchershop.az\/?post_type=product&#038;p=1318"},"modified":"2026-05-01T21:35:23","modified_gmt":"2026-05-01T17:35:23","slug":"nabor-mopov-dlya-nasadki-d-pola-dlya-sc-4-iron-i-sc-5-iron-2-sht","status":"publish","type":"product","link":"https:\/\/karchershop.az\/az\/home-garden\/aksessuary\/aksessuary-dlya-paroochistitelej\/nabor-mopov-dlya-nasadki-d-pola-dlya-sc-4-iron-i-sc-5-iron-2-sht","title":{"rendered":"Cloth set floor nozzle -Best"},"content":{"rendered":"<p>Comfort Plus d\u00f6\u015f\u0259m\u0259 ba\u015fl\u0131\u011f\u0131 \u00fc\u00e7\u00fcn iki y\u00fcks\u0259k keyfiyy\u0259tli mikrofiber par\u00e7a (SC 4 v\u0259 SC 5 buxar t\u0259mizl\u0259yicil\u0259ri). D\u00f6\u015f\u0259m\u0259 t\u0259mizliyini \u0259h\u0259miyy\u0259tli d\u0259r\u0259c\u0259d\u0259 sad\u0259l\u0259\u015fdirin, plit\u0259l\u0259r, t\u0259bii da\u015f, linolyum v\u0259 PVC kimi m\u00fcxt\u0259lif d\u00f6\u015f\u0259m\u0259 s\u0259thl\u0259rind\u0259 parlaq bir t\u0259mizlik n\u0259tic\u0259si verir.<\/p>","protected":false},"excerpt":{"rendered":"<p>\u018fn yax\u015f\u0131 t\u0259mizl\u0259nm\u0259 n\u0259tic\u0259sini ver\u0259n Comfort Plus d\u00f6\u015f\u0259m\u0259 ba\u015fl\u0131\u011f\u0131 (SC 4 v\u0259 SC 5 buxar t\u0259mizl\u0259yicil\u0259ri) \u00fc\u00e7\u00fcn iki y\u00fcks\u0259k keyfiyy\u0259tli mikrofiber salfetl\u0259r.<\/p>","protected":false},"featured_media":1319,"comment_status":"open","ping_status":"closed","template":"","meta":[],"product_cat":[570],"product_tag":[257],"class_list":{"0":"post-1318","1":"product","2":"type-product","3":"status-publish","4":"has-post-thumbnail","6":"product_cat-aksessuary-dlya-paroochistitelej","7":"product_tag-poroochistiteli","9":"first","10":"instock","11":"shipping-taxable","12":"purchasable","13":"product-type-simple"},"_links":{"self":[{"href":"https:\/\/karchershop.az\/az\/wp-json\/wp\/v2\/product\/1318","targetHints":{"allow":["GET"]}}],"collection":[{"href":"https:\/\/karchershop.az\/az\/wp-json\/wp\/v2\/product"}],"about":[{"href":"https:\/\/karchershop.az\/az\/wp-json\/wp\/v2\/types\/product"}],"replies":[{"embeddable":true,"href":"https:\/\/karchershop.az\/az\/wp-json\/wp\/v2\/comments?post=1318"}],"wp:featuredmedia":[{"embeddable":true,"href":"https:\/\/karchershop.az\/az\/wp-json\/wp\/v2\/media\/1319"}],"wp:attachment":[{"href":"https:\/\/karchershop.az\/az\/wp-json\/wp\/v2\/media?parent=1318"}],"wp:term":[{"taxonomy":"product_cat","embeddable":true,"href":"https:\/\/karchershop.az\/az\/wp-json\/wp\/v2\/product_cat?post=1318"},{"taxonomy":"product_tag","embeddable":true,"href":"https:\/\/karchershop.az\/az\/wp-json\/wp\/v2\/product_tag?post=1318"}],"curies":[{"name":"wp","href":"https:\/\/api.w.org\/{rel}","templated":true}]}}