{"id":13212,"date":"2024-10-14T16:46:47","date_gmt":"2024-10-14T12:46:47","guid":{"rendered":"https:\/\/karchershop.az\/?post_type=product&#038;p=13212"},"modified":"2026-05-01T21:36:08","modified_gmt":"2026-05-01T17:36:08","slug":"vc-7-cordless-your-max","status":"publish","type":"product","link":"https:\/\/karchershop.az\/az\/home-garden\/pylesosy\/vertikalnye-pylesosy\/vc-7-cordless-your-max","title":{"rendered":"VC 7 Cordless Your Max"},"content":{"rendered":"<p>T\u0259mizlik prosesi z\u00f6vq\u0259 \u00e7evrilir: VC 7 Cordless yourMax tozsoran\u0131 m\u00fck\u0259mm\u0259l texnologiyalar\u0131, geni\u015f t\u0259chizat\u0131 v\u0259 idar\u0259etm\u0259 rahatl\u0131\u011f\u0131 il\u0259 heyran qoyur. Sovurma g\u00fcc\u00fcn\u00fc konkret t\u0259mizlik \u015f\u0259raitin\u0259 uy\u011funla\u015fd\u0131ran innovativ toz sensoru, akkumulyator enerjisinin s\u0259m\u0259r\u0259li istifad\u0259sini v\u0259 uzunm\u00fcdd\u0259tli (60 d\u0259qiq\u0259y\u0259d\u0259k) fasil\u0259siz i\u015fi t\u0259min edir. 25,2 V g\u0259rginlikli akkumulyatordan qidalanan g\u00fccl\u00fc (350 Vt) f\u0131r\u00e7as\u0131z sabit c\u0259r\u0259yan m\u00fch\u0259rriki y\u00fcks\u0259k performans g\u00f6st\u0259rir, \"Boost\" funksiyas\u0131 is\u0259 bir d\u00fcym\u0259 il\u0259 sovurma g\u00fcc\u00fcn\u00fc maksimuma \u00e7atd\u0131rma\u011fa imkan verir.\n\nZibil konteynerinin son d\u0259r\u0259c\u0259 asan bo\u015fald\u0131lmas\u0131, cihaz\u0131n erqonomik konstruksiyas\u0131, \u00e7\u0259tin \u0259l\u00e7atan yerl\u0259rin t\u0259mizl\u0259nm\u0259si \u00fc\u00e7\u00fcn \u0259lveri\u015fli qurulu\u015fu, h\u0259m\u00e7inin g\u00f6r\u00fcnm\u0259y\u0259n tozlar\u0131 a\u015fkar ed\u0259n LED panelli aktiv d\u00f6\u015f\u0259m\u0259 uclu\u011fu cihaz\u0131n \u0259sas \u00fcst\u00fcnl\u00fckl\u0259ridir. Filtr t\u0259mizl\u0259m\u0259 prosesi x\u00fcsusi al\u0259t v\u0259 ikinci ehtiyat filtrin olmas\u0131 say\u0259sind\u0259 xeyli sad\u0259l\u0259\u015fib. M\u00fcxt\u0259lif ucluqlar ist\u0259nil\u0259n yerd\u0259 t\u0259mizliyi asanl\u0131qla b\u0259rpa etm\u0259y\u0259 imkan verir: yar\u0131ql\u0131 ucluq k\u00fcnc v\u0259 bo\u015fluqlar \u00fc\u00e7\u00fcn, \"2-si 1-d\u0259\" uclu\u011fu yum\u015faq mebell\u0259r \u00fc\u00e7\u00fcn, yum\u015faq f\u0131r\u00e7a is\u0259 h\u0259ssas s\u0259thl\u0259r \u00fc\u00e7\u00fcn n\u0259z\u0259rd\u0259 tutulub. \u018flav\u0259 rahatl\u0131q \u00fc\u00e7\u00fcn akkumulyatorun v\u0259ziyy\u0259t g\u00f6st\u0259ricisi v\u0259 \u015farj funksiyal\u0131 divar futlyar\u0131 m\u00f6vcuddur.<\/p>","protected":false},"excerpt":{"rendered":"<p>\u0421\u0431\u043e\u0440\u043a\u0430 \u043f\u0440\u0435\u0432\u0440\u0430\u0449\u0430\u0435\u0442\u0441\u044f \u0432 \u0443\u0434\u043e\u0432\u043e\u043b\u044c\u0441\u0442\u0432\u0438\u0435: \u043f\u044b\u043b\u0435\u0441\u043e\u0441 VC 7 Cordless yourMax \u0432\u043f\u0435\u0447\u0430\u0442\u043b\u044f\u0435\u0442 \u0441\u043e\u0432\u0435\u0440\u0448\u0435\u043d\u043d\u044b\u043c\u0438 \u0442\u0435\u0445\u043d\u043e\u043b\u043e\u0433\u0438\u044f\u043c\u0438, \u043e\u0431\u0448\u0438\u0440\u043d\u044b\u043c \u043e\u0441\u043d\u0430\u0449\u0435\u043d\u0438\u0435\u043c \u0438 \u0443\u0434\u043e\u0431\u0441\u0442\u0432\u0430\u043c\u0438 \u0432 \u0443\u043f\u0440\u0430\u0432\u043b\u0435\u043d\u0438\u0438. \u0418\u043d\u043d\u043e\u0432\u0430\u0446\u0438\u043e\u043d\u043d\u044b\u0439 \u0434\u0430\u0442\u0447\u0438\u043a \u0437\u0430\u043f\u044b\u043b\u0435\u043d\u043d\u043e\u0441\u0442\u0438, \u0430\u0434\u0430\u043f\u0442\u0438\u0440\u0443\u044e\u0449\u0438\u0439 \u043c\u043e\u0449\u043d\u043e\u0441\u0442\u044c \u0432\u0441\u0430\u0441\u044b\u0432\u0430\u043d\u0438\u044f \u043a \u043a\u043e\u043d\u043a\u0440\u0435\u0442\u043d\u043e\u0439 \u0443\u0431\u043e\u0440\u043a\u0435, \u043e\u0431\u0435\u0441\u043f\u0435\u0447\u0438\u0432\u0430\u0435\u0442 \u044d\u0444\u0444\u0435\u043a\u0442\u0438\u0432\u043d\u043e\u0435 \u0438\u0441\u043f\u043e\u043b\u044c\u0437\u043e\u0432\u0430\u043d\u0438\u0435 \u0437\u0430\u0440\u044f\u0434\u043d\u043e\u0433\u043e \u0430\u043a\u043a\u0443\u043c\u0443\u043b\u044f\u0442\u043e\u0440\u0430 \u0438 \u043f\u0440\u043e\u0434\u043e\u043b\u0436\u0438\u0442\u0435\u043b\u044c\u043d\u0443\u044e (\u0434\u043e 60 \u043c\u0438\u043d\u0443\u0442) \u043d\u0435\u043f\u0440\u0435\u0440\u044b\u0432\u043d\u0443\u044e \u0440\u0430\u0431\u043e\u0442\u0443. \u041c\u043e\u0449\u043d\u044b\u0439 (350 \u0412\u0442) \u0431\u0435\u0441\u0449\u0435\u0442\u043e\u0447\u043d\u044b\u0439 \u0434\u0432\u0438\u0433\u0430\u0442\u0435\u043b\u044c \u043f\u043e\u0441\u0442\u043e\u044f\u043d\u043d\u043e\u0433\u043e \u0442\u043e\u043a\u0430, \u043f\u0438\u0442\u0430\u0435\u043c\u044b\u0439 \u043e\u0442 \u0430\u043a\u043a\u0443\u043c\u0443\u043b\u044f\u0442\u043e\u0440\u0430 \u043d\u0430\u043f\u0440\u044f\u0436\u0435\u043d\u0438\u0435\u043c 25,2 \u0412, \u043e\u0431\u0435\u0441\u043f\u0435\u0447\u0438\u0432\u0430\u0435\u0442 \u043f\u043e\u0434\u044a\u0435\u043c \u0430\u0434\u0430\u043f\u0442\u0435\u0440\u0430, [&hellip;]<\/p>\n","protected":false},"featured_media":13213,"comment_status":"open","ping_status":"closed","template":"","meta":[],"product_cat":[15,89,93],"product_tag":[],"class_list":{"0":"post-13212","1":"product","2":"type-product","3":"status-publish","4":"has-post-thumbnail","6":"product_cat-home-garden","7":"product_cat-pylesosy","8":"product_cat-vertikalnye-pylesosy","10":"first","11":"instock","12":"shipping-taxable","13":"purchasable","14":"product-type-simple"},"_links":{"self":[{"href":"https:\/\/karchershop.az\/az\/wp-json\/wp\/v2\/product\/13212","targetHints":{"allow":["GET"]}}],"collection":[{"href":"https:\/\/karchershop.az\/az\/wp-json\/wp\/v2\/product"}],"about":[{"href":"https:\/\/karchershop.az\/az\/wp-json\/wp\/v2\/types\/product"}],"replies":[{"embeddable":true,"href":"https:\/\/karchershop.az\/az\/wp-json\/wp\/v2\/comments?post=13212"}],"wp:featuredmedia":[{"embeddable":true,"href":"https:\/\/karchershop.az\/az\/wp-json\/wp\/v2\/media\/13213"}],"wp:attachment":[{"href":"https:\/\/karchershop.az\/az\/wp-json\/wp\/v2\/media?parent=13212"}],"wp:term":[{"taxonomy":"product_cat","embeddable":true,"href":"https:\/\/karchershop.az\/az\/wp-json\/wp\/v2\/product_cat?post=13212"},{"taxonomy":"product_tag","embeddable":true,"href":"https:\/\/karchershop.az\/az\/wp-json\/wp\/v2\/product_tag?post=13212"}],"curies":[{"name":"wp","href":"https:\/\/api.w.org\/{rel}","templated":true}]}}