{"id":1322,"date":"2020-04-29T16:01:04","date_gmt":"2020-04-29T12:01:04","guid":{"rendered":"https:\/\/karchershop.az\/?post_type=product&#038;p=1322"},"modified":"2026-05-01T21:35:23","modified_gmt":"2026-05-01T17:35:23","slug":"nasadka-dlya-pola-better-sc-1-2-3","status":"publish","type":"product","link":"https:\/\/karchershop.az\/az\/home-garden\/aksessuary\/aksessuary-dlya-paroochistitelej\/nasadka-dlya-pola-better-sc-1-2-3","title":{"rendered":"Pol t\u0259mizl\u0259y\u0259n Better, SC 1\/2\/3 d\u00f6\u015f\u0259m\u0259 yumaq \u00fc\u00e7\u00fcn ba\u015fl\u0131q"},"content":{"rendered":"<p>D\u00f6\u015f\u0259m\u0259ni SC-1-3 buxar t\u0259mizl\u0259yicil\u0259ri il\u0259 t\u0259mizl\u0259m\u0259k \u00fc\u00e7\u00fcn pol t\u0259mizl\u0259y\u0259n ba\u015fl\u0131q.<\/p>","protected":false},"excerpt":{"rendered":"<p>D\u00f6\u015f\u0259m\u0259ni SC-1-3 buxar t\u0259mizl\u0259yicil\u0259ri il\u0259 t\u0259mizl\u0259m\u0259k \u00fc\u00e7\u00fcn pol t\u0259mizl\u0259y\u0259n ba\u015fl\u0131q.<\/p>","protected":false},"featured_media":1323,"comment_status":"open","ping_status":"closed","template":"","meta":[],"product_cat":[570],"product_tag":[257],"class_list":{"0":"post-1322","1":"product","2":"type-product","3":"status-publish","4":"has-post-thumbnail","6":"product_cat-aksessuary-dlya-paroochistitelej","7":"product_tag-poroochistiteli","9":"first","10":"instock","11":"shipping-taxable","12":"purchasable","13":"product-type-simple"},"_links":{"self":[{"href":"https:\/\/karchershop.az\/az\/wp-json\/wp\/v2\/product\/1322","targetHints":{"allow":["GET"]}}],"collection":[{"href":"https:\/\/karchershop.az\/az\/wp-json\/wp\/v2\/product"}],"about":[{"href":"https:\/\/karchershop.az\/az\/wp-json\/wp\/v2\/types\/product"}],"replies":[{"embeddable":true,"href":"https:\/\/karchershop.az\/az\/wp-json\/wp\/v2\/comments?post=1322"}],"wp:featuredmedia":[{"embeddable":true,"href":"https:\/\/karchershop.az\/az\/wp-json\/wp\/v2\/media\/1323"}],"wp:attachment":[{"href":"https:\/\/karchershop.az\/az\/wp-json\/wp\/v2\/media?parent=1322"}],"wp:term":[{"taxonomy":"product_cat","embeddable":true,"href":"https:\/\/karchershop.az\/az\/wp-json\/wp\/v2\/product_cat?post=1322"},{"taxonomy":"product_tag","embeddable":true,"href":"https:\/\/karchershop.az\/az\/wp-json\/wp\/v2\/product_tag?post=1322"}],"curies":[{"name":"wp","href":"https:\/\/api.w.org\/{rel}","templated":true}]}}