{"id":1324,"date":"2020-04-29T16:02:49","date_gmt":"2020-04-29T12:02:49","guid":{"rendered":"https:\/\/karchershop.az\/?post_type=product&#038;p=1324"},"modified":"2025-05-02T17:05:00","modified_gmt":"2025-05-02T13:05:00","slug":"komplekt-kruglyh-shhetok","status":"publish","type":"product","link":"https:\/\/karchershop.az\/az\/home-garden\/aksessuary\/aksessuary-dlya-paroochistitelej\/komplekt-kruglyh-shhetok","title":{"rendered":"Round brushes set"},"content":{"rendered":"<p>D\u0259st evd\u0259 m\u00fcxt\u0259lif yerl\u0259rd\u0259 istifad\u0259 \u00fc\u00e7\u00fcn iki qara v\u0259 iki sar\u0131 d\u0259yirmi f\u0131r\u00e7adan ibar\u0259tdir. M\u0259s\u0259l\u0259n, bir r\u0259ng banyoda, dig\u0259ri is\u0259 m\u0259tb\u0259xin t\u0259mizl\u0259nm\u0259si \u00fc\u00e7\u00fcn istifad\u0259 edil\u0259 bil\u0259r. G\u00fccl\u00fc t\u00fckc\u00fckl\u0259r dem\u0259k olar ki, h\u0259r hans\u0131 ist\u0259nil\u0259n bir s\u0259thi t\u0259mizl\u0259m\u0259y\u0259 imkan verir.<\/p>","protected":false},"excerpt":{"rendered":"<p>F\u0259rqli t\u0259tbiql\u0259r \u00fc\u00e7\u00fcn iki qara v\u0259 iki sar\u0131 d\u0259yirmi f\u0131r\u00e7a. Tiki\u015fl\u0259ri, k\u00fcncl\u0259ri v\u0259 dig\u0259r \u00e7\u0259tin sah\u0259l\u0259rd\u0259 l\u0259k\u0259l\u0259ri t\u0259mizl\u0259m\u0259k \u00fc\u00e7\u00fcn m\u00fck\u0259mm\u0259ldir.<\/p>","protected":false},"featured_media":1325,"comment_status":"open","ping_status":"closed","template":"","meta":[],"product_cat":[570],"product_tag":[257],"class_list":{"0":"post-1324","1":"product","2":"type-product","3":"status-publish","4":"has-post-thumbnail","6":"product_cat-aksessuary-dlya-paroochistitelej","7":"product_tag-poroochistiteli","9":"first","10":"instock","11":"shipping-taxable","12":"purchasable","13":"product-type-simple"},"_links":{"self":[{"href":"https:\/\/karchershop.az\/az\/wp-json\/wp\/v2\/product\/1324","targetHints":{"allow":["GET"]}}],"collection":[{"href":"https:\/\/karchershop.az\/az\/wp-json\/wp\/v2\/product"}],"about":[{"href":"https:\/\/karchershop.az\/az\/wp-json\/wp\/v2\/types\/product"}],"replies":[{"embeddable":true,"href":"https:\/\/karchershop.az\/az\/wp-json\/wp\/v2\/comments?post=1324"}],"wp:featuredmedia":[{"embeddable":true,"href":"https:\/\/karchershop.az\/az\/wp-json\/wp\/v2\/media\/1325"}],"wp:attachment":[{"href":"https:\/\/karchershop.az\/az\/wp-json\/wp\/v2\/media?parent=1324"}],"wp:term":[{"taxonomy":"product_cat","embeddable":true,"href":"https:\/\/karchershop.az\/az\/wp-json\/wp\/v2\/product_cat?post=1324"},{"taxonomy":"product_tag","embeddable":true,"href":"https:\/\/karchershop.az\/az\/wp-json\/wp\/v2\/product_tag?post=1324"}],"curies":[{"name":"wp","href":"https:\/\/api.w.org\/{rel}","templated":true}]}}