{"id":13255,"date":"2024-10-31T17:26:41","date_gmt":"2024-10-31T13:26:41","guid":{"rendered":"https:\/\/karchershop.az\/?post_type=product&#038;p=13255"},"modified":"2026-05-04T12:22:56","modified_gmt":"2026-05-04T08:22:56","slug":"sc-3-deluxe-textile-edition","status":"publish","type":"product","link":"https:\/\/karchershop.az\/az\/home-garden\/paroochistiteli\/sc-3-deluxe-textile-edition","title":{"rendered":"SC 3 Deluxe Textile Edition"},"content":{"rendered":"<p>SC 3 Deluxe Textile Edition buxar t\u0259mizl\u0259yicisi q\u0131zd\u0131r\u0131ld\u0131qdan c\u0259mi 30 saniy\u0259 sonra i\u015f\u0259 haz\u0131r olur v\u0259 s\u0259rt s\u0259thl\u0259rd\u0259n viruslar\u0131n* 99,999%-\u0259 q\u0259d\u0259rini v\u0259 m\u0259i\u015f\u0259td\u0259 geni\u015f yay\u0131lm\u0131\u015f bakteriyalar\u0131n** 99,99%-ni effektiv \u015f\u0259kild\u0259 aradan qald\u0131r\u0131r.\n\nM\u00fcxt\u0259lif aksesuarlar say\u0259sind\u0259 cihaz plit\u0259, bi\u015firm\u0259 panell\u0259ri, aspiratorlar v\u0259 tiki\u015fl\u0259rd\u0259ki \u0259n inadc\u0131l \u00e7irkl\u0259rl\u0259 bel\u0259 asanl\u0131qla m\u00fcbariz\u0259 apar\u0131r.\n\nD\u00f6\u015f\u0259m\u0259 ba\u015fl\u0131\u011f\u0131:\u00a0<span class=\"fix-spelling\">EasyFix<\/span>\u00a0D\u00f6\u015f\u0259m\u0259 ba\u015fl\u0131\u011f\u0131 \u00e7evik \u015farnir v\u0259 x\u00fcsusi altl\u0131q konstruksiyas\u0131 il\u0259 maksimum erqonomikliyi v\u0259 m\u00fck\u0259mm\u0259l t\u0259mizlik n\u0259tic\u0259l\u0259rini t\u0259min edir. Rahat velkro ba\u011flama sistemi say\u0259sind\u0259 d\u00f6\u015f\u0259m\u0259 salfetini \u00e7irk\u0259 toxunmadan asanl\u0131qla b\u0259rkidib \u00e7\u0131xarmaq m\u00fcmk\u00fcnd\u00fcr.\n\nTextile Edition versiyas\u0131 \u0259lav\u0259 olaraq, paltarlar\u0131n qatlar\u0131n\u0131 buxar vasit\u0259sil\u0259 effektiv \u015f\u0259kild\u0259 \u00fct\u00fcl\u0259y\u0259n v\u0259 tekstil m\u0259hsullar\u0131n\u0131 yenil\u0259m\u0259k \u00fc\u00e7\u00fcn ideal olan buxar ba\u015fl\u0131\u011f\u0131 il\u0259 t\u0259chiz olunub.\n\n\u0130ki m\u0259rh\u0259l\u0259li buxar t\u0259nziml\u0259yicisi s\u0259thin n\u00f6v\u00fcn\u0259 v\u0259 \u00e7irkl\u0259nm\u0259 s\u0259viyy\u0259sin\u0259 uy\u011fun optimal buxar \u00e7\u0131x\u0131\u015f\u0131n\u0131 t\u0259min edir.\n\nPuxar t\u0259mizl\u0259yicid\u0259 h\u0259m\u00e7inin:\n\naksesuarlar\u0131n, kabelin v\u0259 \u015flan\u011f\u0131n saxlanmas\u0131 \u00fc\u00e7\u00fcn daxili b\u00f6lm\u0259,\n\nda\u015f qatran\u0131na qar\u015f\u0131 qoruma \u00fc\u00e7\u00fcn kartric,\n\nfasil\u0259siz su doldurma imkan\u0131 olan su \u00e7\u0259ni,\n\ni\u015f rejiml\u0259rini g\u00f6st\u0259r\u0259n LED indikator m\u00f6vcuddur.<\/p>","protected":false},"excerpt":{"rendered":"<p>SC 3 Deluxe Textile Edition buxar t\u0259mizl\u0259yicisi yaln\u0131z 30 saniy\u0259y\u0259 q\u0131z\u0131r v\u0259 s\u0259thl\u0259rd\u0259n viruslar\u0131n 99,999%-\u0259 q\u0259d\u0259rini, bakteriyalar\u0131n is\u0259 99,99%-ni effektiv \u015f\u0259kild\u0259 aradan qald\u0131r\u0131r.\n\nD\u0259st\u0259y\u0259 h\u0259m\u00e7inin paltarlar\u0131 \u00fct\u00fcl\u0259y\u0259n v\u0259 tekstil m\u0259hsullar\u0131n\u0131 yenil\u0259y\u0259n buxar ba\u015fl\u0131\u011f\u0131 daxildir, bu da onlar\u0131n m\u00fck\u0259mm\u0259l g\u00f6r\u00fcnm\u0259sini t\u0259min edir.<\/p>","protected":false},"featured_media":13256,"comment_status":"open","ping_status":"closed","template":"","meta":[],"product_cat":[15,184],"product_tag":[],"class_list":{"0":"post-13255","1":"product","2":"type-product","3":"status-publish","4":"has-post-thumbnail","6":"product_cat-home-garden","7":"product_cat-paroochistiteli","9":"first","10":"instock","11":"shipping-taxable","12":"purchasable","13":"product-type-simple"},"_links":{"self":[{"href":"https:\/\/karchershop.az\/az\/wp-json\/wp\/v2\/product\/13255","targetHints":{"allow":["GET"]}}],"collection":[{"href":"https:\/\/karchershop.az\/az\/wp-json\/wp\/v2\/product"}],"about":[{"href":"https:\/\/karchershop.az\/az\/wp-json\/wp\/v2\/types\/product"}],"replies":[{"embeddable":true,"href":"https:\/\/karchershop.az\/az\/wp-json\/wp\/v2\/comments?post=13255"}],"wp:featuredmedia":[{"embeddable":true,"href":"https:\/\/karchershop.az\/az\/wp-json\/wp\/v2\/media\/13256"}],"wp:attachment":[{"href":"https:\/\/karchershop.az\/az\/wp-json\/wp\/v2\/media?parent=13255"}],"wp:term":[{"taxonomy":"product_cat","embeddable":true,"href":"https:\/\/karchershop.az\/az\/wp-json\/wp\/v2\/product_cat?post=13255"},{"taxonomy":"product_tag","embeddable":true,"href":"https:\/\/karchershop.az\/az\/wp-json\/wp\/v2\/product_tag?post=13255"}],"curies":[{"name":"wp","href":"https:\/\/api.w.org\/{rel}","templated":true}]}}