{"id":1326,"date":"2020-04-29T16:05:03","date_gmt":"2020-04-29T12:05:03","guid":{"rendered":"https:\/\/karchershop.az\/?post_type=product&#038;p=1326"},"modified":"2026-05-01T21:35:23","modified_gmt":"2026-05-01T17:35:23","slug":"komplekt-shhyotok-s-latunnoj-shhetinoj-3-sht","status":"publish","type":"product","link":"https:\/\/karchershop.az\/az\/home-garden\/aksessuary\/aksessuary-dlya-paroochistitelej\/komplekt-shhyotok-s-latunnoj-shhetinoj-3-sht","title":{"rendered":"Bristle rink set CuZn"},"content":{"rendered":"<p>Soba \u00fcz\u0259rind\u0259 yand\u0131r\u0131lm\u0131\u015f \u00e7irk kimi s\u0259rt \u00e7irkl\u0259rin asanl\u0131qla \u00e7\u0131xar\u0131lmas\u0131 \u00fc\u00e7\u00fcn. H\u0259ssas s\u0259thl\u0259rin (a\u011fac, plastik) i\u015fl\u0259nm\u0259si \u00fc\u00e7\u00fcn uy\u011fun deyil.<\/p>","protected":false},"excerpt":{"rendered":"<p>H\u0259ssas s\u0259thl\u0259rd\u0259n inadkar \u00e7irk v\u0259 yataqlar\u0131 asanl\u0131qla \u00e7\u0131xarmaq \u00fc\u00e7\u00fcn<\/p>","protected":false},"featured_media":1327,"comment_status":"open","ping_status":"closed","template":"","meta":[],"product_cat":[570],"product_tag":[257],"class_list":{"0":"post-1326","1":"product","2":"type-product","3":"status-publish","4":"has-post-thumbnail","6":"product_cat-aksessuary-dlya-paroochistitelej","7":"product_tag-poroochistiteli","9":"first","10":"outofstock","11":"shipping-taxable","12":"purchasable","13":"product-type-simple"},"_links":{"self":[{"href":"https:\/\/karchershop.az\/az\/wp-json\/wp\/v2\/product\/1326","targetHints":{"allow":["GET"]}}],"collection":[{"href":"https:\/\/karchershop.az\/az\/wp-json\/wp\/v2\/product"}],"about":[{"href":"https:\/\/karchershop.az\/az\/wp-json\/wp\/v2\/types\/product"}],"replies":[{"embeddable":true,"href":"https:\/\/karchershop.az\/az\/wp-json\/wp\/v2\/comments?post=1326"}],"wp:featuredmedia":[{"embeddable":true,"href":"https:\/\/karchershop.az\/az\/wp-json\/wp\/v2\/media\/1327"}],"wp:attachment":[{"href":"https:\/\/karchershop.az\/az\/wp-json\/wp\/v2\/media?parent=1326"}],"wp:term":[{"taxonomy":"product_cat","embeddable":true,"href":"https:\/\/karchershop.az\/az\/wp-json\/wp\/v2\/product_cat?post=1326"},{"taxonomy":"product_tag","embeddable":true,"href":"https:\/\/karchershop.az\/az\/wp-json\/wp\/v2\/product_tag?post=1326"}],"curies":[{"name":"wp","href":"https:\/\/api.w.org\/{rel}","templated":true}]}}