{"id":1331,"date":"2020-04-29T16:08:47","date_gmt":"2020-04-29T12:08:47","guid":{"rendered":"https:\/\/karchershop.az\/?post_type=product&#038;p=1331"},"modified":"2026-05-01T21:35:23","modified_gmt":"2026-05-01T17:35:23","slug":"moshhnoe-soplo-dlya-sc","status":"publish","type":"product","link":"https:\/\/karchershop.az\/az\/home-garden\/aksessuary\/aksessuary-dlya-paroochistitelej\/moshhnoe-soplo-dlya-sc","title":{"rendered":"Power nozzle set"},"content":{"rendered":"<p>T\u0259mizl\u0259m\u0259 s\u0259m\u0259r\u0259liliyini art\u0131rmaq \u00fc\u00e7\u00fcn bir uzatma kabelind\u0259n v\u0259 g\u00fccl\u00fc bir burundan ibar\u0259t bir d\u0259st. K\u00fcncl\u0259ri, birl\u0259\u015fm\u0259l\u0259ri v\u0259 dig\u0259r \u0259l\u00e7atmaz yerl\u0259ri asanl\u0131qla t\u0259mizl\u0259yir.<\/p>","protected":false},"excerpt":{"rendered":"<p>Uzatma kabeli v\u0259 g\u00fccl\u00fc burunlu d\u0259st.<\/p>","protected":false},"featured_media":1332,"comment_status":"open","ping_status":"closed","template":"","meta":[],"product_cat":[570],"product_tag":[257],"class_list":{"0":"post-1331","1":"product","2":"type-product","3":"status-publish","4":"has-post-thumbnail","6":"product_cat-aksessuary-dlya-paroochistitelej","7":"product_tag-poroochistiteli","9":"first","10":"instock","11":"shipping-taxable","12":"purchasable","13":"product-type-simple"},"_links":{"self":[{"href":"https:\/\/karchershop.az\/az\/wp-json\/wp\/v2\/product\/1331","targetHints":{"allow":["GET"]}}],"collection":[{"href":"https:\/\/karchershop.az\/az\/wp-json\/wp\/v2\/product"}],"about":[{"href":"https:\/\/karchershop.az\/az\/wp-json\/wp\/v2\/types\/product"}],"replies":[{"embeddable":true,"href":"https:\/\/karchershop.az\/az\/wp-json\/wp\/v2\/comments?post=1331"}],"wp:featuredmedia":[{"embeddable":true,"href":"https:\/\/karchershop.az\/az\/wp-json\/wp\/v2\/media\/1332"}],"wp:attachment":[{"href":"https:\/\/karchershop.az\/az\/wp-json\/wp\/v2\/media?parent=1331"}],"wp:term":[{"taxonomy":"product_cat","embeddable":true,"href":"https:\/\/karchershop.az\/az\/wp-json\/wp\/v2\/product_cat?post=1331"},{"taxonomy":"product_tag","embeddable":true,"href":"https:\/\/karchershop.az\/az\/wp-json\/wp\/v2\/product_tag?post=1331"}],"curies":[{"name":"wp","href":"https:\/\/api.w.org\/{rel}","templated":true}]}}