{"id":1333,"date":"2020-04-29T16:10:14","date_gmt":"2020-04-29T12:10:14","guid":{"rendered":"https:\/\/karchershop.az\/?post_type=product&#038;p=1333"},"modified":"2026-05-01T21:35:24","modified_gmt":"2026-05-01T17:35:24","slug":"chehol-dlya-gladilnoj-doski","status":"publish","type":"product","link":"https:\/\/karchershop.az\/az\/home-garden\/aksessuary\/aksessuary-dlya-paroochistitelej\/chehol-dlya-gladilnoj-doski","title":{"rendered":"\u00dct\u00fc l\u00f6vh\u0259si \u00fc\u00e7\u00fcn \u00f6rt\u00fck"},"content":{"rendered":"<p>X\u00fcsusi bir pamb\u0131q v\u0259 ma\u00e7alka olan \u00fct\u00fc l\u00f6vh\u0259si \u00fc\u00e7\u00fcn \u00f6rt\u00fck, y\u00fcks\u0259k n\u0259f\u0259s alma qabiliyy\u0259tin\u0259 malikdir v\u0259 \u00e7ama\u015f\u0131rlar\u0131n buxarla yax\u015f\u0131la\u015f\u0131ca n\u0259ml\u0259nm\u0259sin\u0259 z\u0259man\u0259t verir. \u00dcst\u00fcn \u00fct\u00fcl\u0259m\u0259ni t\u0259min edir.<\/p>","protected":false},"excerpt":{"rendered":"<p>Pamb\u0131q v\u0259 ma\u00e7alkan\u0131n x\u00fcsusi birl\u0259\u015fm\u0259si, y\u00fcks\u0259k n\u0259f\u0259s alma qabiliyy\u0259tin\u0259 malikdir, \u00e7ama\u015f\u0131rlar\u0131n buxarla yax\u015f\u0131la\u015fca n\u0259ml\u0259nm\u0259sin\u0259 z\u0259man\u0259t verir. \u00dcst\u00fcn \u00fct\u00fcl\u0259m\u0259ni t\u0259min edir.<\/p>","protected":false},"featured_media":1334,"comment_status":"open","ping_status":"closed","template":"","meta":[],"product_cat":[15,570],"product_tag":[255,257],"class_list":{"0":"post-1333","1":"product","2":"type-product","3":"status-publish","4":"has-post-thumbnail","6":"product_cat-home-garden","7":"product_cat-aksessuary-dlya-paroochistitelej","8":"product_tag-porovye-gladilnye-sistemy","9":"product_tag-poroochistiteli","11":"first","12":"instock","13":"shipping-taxable","14":"purchasable","15":"product-type-simple"},"_links":{"self":[{"href":"https:\/\/karchershop.az\/az\/wp-json\/wp\/v2\/product\/1333","targetHints":{"allow":["GET"]}}],"collection":[{"href":"https:\/\/karchershop.az\/az\/wp-json\/wp\/v2\/product"}],"about":[{"href":"https:\/\/karchershop.az\/az\/wp-json\/wp\/v2\/types\/product"}],"replies":[{"embeddable":true,"href":"https:\/\/karchershop.az\/az\/wp-json\/wp\/v2\/comments?post=1333"}],"wp:featuredmedia":[{"embeddable":true,"href":"https:\/\/karchershop.az\/az\/wp-json\/wp\/v2\/media\/1334"}],"wp:attachment":[{"href":"https:\/\/karchershop.az\/az\/wp-json\/wp\/v2\/media?parent=1333"}],"wp:term":[{"taxonomy":"product_cat","embeddable":true,"href":"https:\/\/karchershop.az\/az\/wp-json\/wp\/v2\/product_cat?post=1333"},{"taxonomy":"product_tag","embeddable":true,"href":"https:\/\/karchershop.az\/az\/wp-json\/wp\/v2\/product_tag?post=1333"}],"curies":[{"name":"wp","href":"https:\/\/api.w.org\/{rel}","templated":true}]}}