{"id":1335,"date":"2020-04-29T16:14:13","date_gmt":"2020-04-29T12:14:13","guid":{"rendered":"https:\/\/karchershop.az\/?post_type=product&#038;p=1335"},"modified":"2026-05-01T21:35:24","modified_gmt":"2026-05-01T17:35:24","slug":"antiprigarnaya-nakladka-dlya-utyuga","status":"publish","type":"product","link":"https:\/\/karchershop.az\/az\/home-garden\/aksessuary\/aksessuary-dlya-paroochistitelej\/antiprigarnaya-nakladka-dlya-utyuga","title":{"rendered":"\u00dct\u00fc \u00fc\u00e7\u00fcn yap\u0131\u015fmayan altl\u0131q"},"content":{"rendered":"<p>\u00dct\u00fc \u00fc\u00e7\u00fcn d\u0259mir d\u00f6\u015f\u0259m\u0259 BE 6002, BE 6005, I 6002, I 6005<\/p>","protected":false},"excerpt":{"rendered":"<p>D\u0259mir altl\u0131q<\/p>","protected":false},"featured_media":1336,"comment_status":"open","ping_status":"closed","template":"","meta":[],"product_cat":[15,570],"product_tag":[255,257],"class_list":{"0":"post-1335","1":"product","2":"type-product","3":"status-publish","4":"has-post-thumbnail","6":"product_cat-home-garden","7":"product_cat-aksessuary-dlya-paroochistitelej","8":"product_tag-porovye-gladilnye-sistemy","9":"product_tag-poroochistiteli","11":"first","12":"instock","13":"shipping-taxable","14":"purchasable","15":"product-type-simple"},"_links":{"self":[{"href":"https:\/\/karchershop.az\/az\/wp-json\/wp\/v2\/product\/1335","targetHints":{"allow":["GET"]}}],"collection":[{"href":"https:\/\/karchershop.az\/az\/wp-json\/wp\/v2\/product"}],"about":[{"href":"https:\/\/karchershop.az\/az\/wp-json\/wp\/v2\/types\/product"}],"replies":[{"embeddable":true,"href":"https:\/\/karchershop.az\/az\/wp-json\/wp\/v2\/comments?post=1335"}],"wp:featuredmedia":[{"embeddable":true,"href":"https:\/\/karchershop.az\/az\/wp-json\/wp\/v2\/media\/1336"}],"wp:attachment":[{"href":"https:\/\/karchershop.az\/az\/wp-json\/wp\/v2\/media?parent=1335"}],"wp:term":[{"taxonomy":"product_cat","embeddable":true,"href":"https:\/\/karchershop.az\/az\/wp-json\/wp\/v2\/product_cat?post=1335"},{"taxonomy":"product_tag","embeddable":true,"href":"https:\/\/karchershop.az\/az\/wp-json\/wp\/v2\/product_tag?post=1335"}],"curies":[{"name":"wp","href":"https:\/\/api.w.org\/{rel}","templated":true}]}}