{"id":1337,"date":"2020-04-29T16:33:44","date_gmt":"2020-04-29T12:33:44","guid":{"rendered":"https:\/\/karchershop.az\/?post_type=product&#038;p=1337"},"modified":"2026-05-01T21:35:25","modified_gmt":"2026-05-01T17:35:25","slug":"si-4-easyfix-premium-eu","status":"publish","type":"product","link":"https:\/\/karchershop.az\/az\/home-garden\/si-4-easyfix-premium-eu","title":{"rendered":"SI 4 Easyfix Premium Iron"},"content":{"rendered":"<p>SI 4 EasyFix Premium D\u0259mir Buxarli \u00fct\u00fc masasi t\u0259mizl\u0259yicisi m\u00fcxt\u0259lif s\u0259thl\u0259rd\u0259 olan kirl\u0259rin \u00f6hd\u0259sind\u0259n asanl\u0131qla g\u0259lir v\u0259 evd\u0259 olan \u00fcmumi bakteriyalar\u0131n 99,99% -ni \u00f6ld\u00fcr\u00fcr. \u0130st\u0259nil\u0259n vaxt yanacaq doldurma imkan\u0131 uzun fasil\u0259siz i\u015f yerin\u0259 yetirm\u0259y\u0259 imkan verir. SC 4 EasyFix D\u0259mir buxar t\u0259mizl\u0259yicisi, b\u00fct\u00fcn \u00e7e\u015fidli aksesuarlar\u0131 il\u0259. \u00dct\u00fcl\u0259m\u0259, K\u00e4rcher buxar t\u0259mizl\u0259yicisi \u00fc\u00e7\u00fcn d\u00f6\u015f\u0259m\u0259l\u0259rin t\u0259mizl\u0259nm\u0259si q\u0259d\u0259r vacibdir. Daxildir buxar d\u0259miri say\u0259sind\u0259 SI 4 EasyFix Premium D\u0259mir d\u0259 \u00fct\u00fcl\u0259m\u0259 \u00fc\u00e7\u00fcn istifad\u0259 edil\u0259 bil\u0259r. S\u0131x buxar t\u0259dar\u00fck\u00fc, \u0259la \u00fct\u00fcl\u0259m\u0259 t\u0259min edir, vaxt\u0131n 50% -\u0259 q\u0259d\u0259r q\u0259na\u0259t edir.<\/p>","protected":false},"excerpt":{"rendered":"<p>SI 4 EasyFix Premium Iron buxarli \u00fct\u00fc masasi (buxar \u00fct\u00fcl\u0259m\u0259 sistemi) istifad\u0259\u00e7il\u0259r\u0259 maksimum rahatl\u0131\u011f\u0131 t\u0259min edir. \u00c7ox y\u00f6nl\u00fc SC 4 EasyFix D\u0259mir buxar t\u0259mizl\u0259yicisinin AB 1000 aktiv \u00fct\u00fcl\u0259m\u0259 masasi il\u0259 birl\u0259\u015fm\u0259si b\u00fct\u00fcn t\u0259mizlik v\u0259 \u00fct\u00fcl\u0259m\u0259 i\u015fl\u0259rinin optimal h\u0259llini t\u0259min edir.<\/p>","protected":false},"featured_media":14470,"comment_status":"open","ping_status":"closed","template":"","meta":[],"product_cat":[15],"product_tag":[255],"class_list":{"0":"post-1337","1":"product","2":"type-product","3":"status-publish","4":"has-post-thumbnail","6":"product_cat-home-garden","7":"product_tag-porovye-gladilnye-sistemy","9":"first","10":"outofstock","11":"shipping-taxable","12":"purchasable","13":"product-type-simple"},"_links":{"self":[{"href":"https:\/\/karchershop.az\/az\/wp-json\/wp\/v2\/product\/1337","targetHints":{"allow":["GET"]}}],"collection":[{"href":"https:\/\/karchershop.az\/az\/wp-json\/wp\/v2\/product"}],"about":[{"href":"https:\/\/karchershop.az\/az\/wp-json\/wp\/v2\/types\/product"}],"replies":[{"embeddable":true,"href":"https:\/\/karchershop.az\/az\/wp-json\/wp\/v2\/comments?post=1337"}],"wp:featuredmedia":[{"embeddable":true,"href":"https:\/\/karchershop.az\/az\/wp-json\/wp\/v2\/media\/14470"}],"wp:attachment":[{"href":"https:\/\/karchershop.az\/az\/wp-json\/wp\/v2\/media?parent=1337"}],"wp:term":[{"taxonomy":"product_cat","embeddable":true,"href":"https:\/\/karchershop.az\/az\/wp-json\/wp\/v2\/product_cat?post=1337"},{"taxonomy":"product_tag","embeddable":true,"href":"https:\/\/karchershop.az\/az\/wp-json\/wp\/v2\/product_tag?post=1337"}],"curies":[{"name":"wp","href":"https:\/\/api.w.org\/{rel}","templated":true}]}}